{"id":31569,"date":"2023-09-04T12:44:52","date_gmt":"2023-09-04T12:44:52","guid":{"rendered":"https:\/\/neoergoxeiro.gr\/?product=%ce%ba%ce%ad%ce%bd%cf%84%ce%b7%ce%bc%ce%b1-prisma-2"},"modified":"2025-11-11T10:18:36","modified_gmt":"2025-11-11T08:18:36","slug":"%ce%ba%ce%ad%ce%bd%cf%84%ce%b7%ce%bc%ce%b1-prisma-2","status":"publish","type":"product","link":"https:\/\/neoergoxeiro.gr\/de\/produkt\/%ce%ba%ce%ad%ce%bd%cf%84%ce%b7%ce%bc%ce%b1-prisma-2\/","title":{"rendered":"Stickerei Im Prisma-Rahmen 1,00 * 1,00 m"},"content":{"rendered":"<p>Quadratisch gestempelt <strong>Inprisma<\/strong> Abmessungen 1 * 1 Meter.<\/p>\n<p>Der Rahmen ist auf einen Stoff gen\u00e4ht - Etamin mazedonisch ecru gold (44 \u00d6sen bei 10 cm).<\/p>\n<p>Das Muster ist auf der Oberseite des Stichs mit Farbe gestempelt, was das Sticken sehr einfach macht, da man genau wei\u00df, wo jede Farbe platziert wird.<\/p>\n<p>Sie k\u00f6nnen es mit Mouline Dmc art 117 oder mit Cotton Perle Dmc art 116 besticken.<\/p>\n<p>Stickerei - Waschanleitung:<\/p>\n<p>Nach dem Sticken werden wir unsere Handarbeit unter flie\u00dfendem kaltem Wasser waschen, so wie hier:<\/p>\n<ol>\n<li>Zur Entfernung von Farbspuren, die harte Lacke normalerweise hinterlassen (Bordeaux - Dunkelblau - Schwarz)<\/li>\n<li>Dann passieren Sie alle Spitzen - Borten - Chiffon - Chiffons - Chiffons, die ebenfalls vor dem Vergolden gewaschen werden m\u00fcssen.<\/li>\n<\/ol>","protected":false},"excerpt":{"rendered":"<p>Der komplette Fadensatz enth\u00e4lt 30 St\u00fcck Mouline zum Preis von (0,80 pro St\u00fcck).<\/p>\n<p>Bevorzugen Sie die Packung mit allen F\u00e4den, so dass alle Farben aus der gleichen Charge stammen, um Ver\u00e4nderungen aufgrund von F\u00e4rbechargen zu vermeiden.<\/p>","protected":false},"featured_media":31570,"template":"","meta":[],"product_brand":[],"product_cat":[151],"product_tag":[],"class_list":{"0":"post-31569","1":"product","2":"type-product","3":"status-publish","4":"has-post-thumbnail","6":"product_cat-inprisma-kentimata","8":"first","9":"instock","10":"taxable","11":"shipping-taxable","12":"purchasable","13":"product-type-variable"},"_links":{"self":[{"href":"https:\/\/neoergoxeiro.gr\/de\/wp-json\/wp\/v2\/product\/31569","targetHints":{"allow":["GET"]}}],"collection":[{"href":"https:\/\/neoergoxeiro.gr\/de\/wp-json\/wp\/v2\/product"}],"about":[{"href":"https:\/\/neoergoxeiro.gr\/de\/wp-json\/wp\/v2\/types\/product"}],"version-history":[{"count":1,"href":"https:\/\/neoergoxeiro.gr\/de\/wp-json\/wp\/v2\/product\/31569\/revisions"}],"predecessor-version":[{"id":63565,"href":"https:\/\/neoergoxeiro.gr\/de\/wp-json\/wp\/v2\/product\/31569\/revisions\/63565"}],"wp:featuredmedia":[{"embeddable":true,"href":"https:\/\/neoergoxeiro.gr\/de\/wp-json\/wp\/v2\/media\/31570"}],"wp:attachment":[{"href":"https:\/\/neoergoxeiro.gr\/de\/wp-json\/wp\/v2\/media?parent=31569"}],"wp:term":[{"taxonomy":"product_brand","embeddable":true,"href":"https:\/\/neoergoxeiro.gr\/de\/wp-json\/wp\/v2\/product_brand?post=31569"},{"taxonomy":"product_cat","embeddable":true,"href":"https:\/\/neoergoxeiro.gr\/de\/wp-json\/wp\/v2\/product_cat?post=31569"},{"taxonomy":"product_tag","embeddable":true,"href":"https:\/\/neoergoxeiro.gr\/de\/wp-json\/wp\/v2\/product_tag?post=31569"}],"curies":[{"name":"wp","href":"https:\/\/api.w.org\/{rel}","templated":true}]}}