{"id":31977,"date":"2023-09-04T16:11:08","date_gmt":"2023-09-04T16:11:08","guid":{"rendered":"https:\/\/neoergoxeiro.gr\/?product=%ce%ba%ce%ad%ce%bd%cf%84%ce%b7%ce%bc%ce%b1-prisma-212"},"modified":"2025-11-10T10:28:39","modified_gmt":"2025-11-10T08:28:39","slug":"%ce%ba%ce%ad%ce%bd%cf%84%ce%b7%ce%bc%ce%b1-prisma-212","status":"publish","type":"product","link":"https:\/\/neoergoxeiro.gr\/de\/produkt\/%ce%ba%ce%ad%ce%bd%cf%84%ce%b7%ce%bc%ce%b1-prisma-212\/","title":{"rendered":"Stickerei InPrisma Traverse 0,50 * 1,60m"},"content":{"rendered":"<p>Die InPrisma-Traverse ist die perfekte L\u00f6sung f\u00fcr Ihre N\u00e4h- und Stickarbeiten. Hergestellt aus hochwertigem Etamin-Mazedonien-Gewebe in Ecru-Gold mit 44 Stichen auf 10 cm bietet diese Traverse die perfekte Grundlage f\u00fcr Stickereien. Das Motiv ist in Farbe gestickt, so dass Sie leicht und pr\u00e4zise sticken k\u00f6nnen. F\u00fcr Ihre Stickerei k\u00f6nnen Sie dreif\u00e4dige Mouline DMC art 117 oder Cotton Perle DMC art 116 verwenden. Mit diesem sch\u00f6nen Quilt k\u00f6nnen Sie Ihr Zuhause neu dekorieren. Befolgen Sie die Stick- und Waschanweisungen, damit Ihre Arbeit in einem tadellosen Zustand bleibt und Sie viele Jahre lang Freude an den Ergebnissen Ihrer Kreativit\u00e4t haben.<\/p>","protected":false},"excerpt":{"rendered":"<p>Stickerei InPrisma Querbalken 0,50 * 1,60m in Etamin Mazedonischer Stoff mit Gold\u00f6sen. Ideal zum Sticken mit Mouline DMC oder Cotton Perle DMC Garn. Erfrischen Sie Ihr Zuhause mit diesem sch\u00f6nen Stoff!<\/p>","protected":false},"featured_media":31978,"template":"","meta":[],"product_brand":[],"product_cat":[151,155],"product_tag":[],"class_list":{"0":"post-31977","1":"product","2":"type-product","3":"status-publish","4":"has-post-thumbnail","6":"product_cat-inprisma-kentimata","7":"product_cat-xristougenniatika-kentimata","9":"first","10":"instock","11":"taxable","12":"shipping-taxable","13":"purchasable","14":"product-type-variable"},"_links":{"self":[{"href":"https:\/\/neoergoxeiro.gr\/de\/wp-json\/wp\/v2\/product\/31977","targetHints":{"allow":["GET"]}}],"collection":[{"href":"https:\/\/neoergoxeiro.gr\/de\/wp-json\/wp\/v2\/product"}],"about":[{"href":"https:\/\/neoergoxeiro.gr\/de\/wp-json\/wp\/v2\/types\/product"}],"version-history":[{"count":4,"href":"https:\/\/neoergoxeiro.gr\/de\/wp-json\/wp\/v2\/product\/31977\/revisions"}],"predecessor-version":[{"id":60254,"href":"https:\/\/neoergoxeiro.gr\/de\/wp-json\/wp\/v2\/product\/31977\/revisions\/60254"}],"wp:featuredmedia":[{"embeddable":true,"href":"https:\/\/neoergoxeiro.gr\/de\/wp-json\/wp\/v2\/media\/31978"}],"wp:attachment":[{"href":"https:\/\/neoergoxeiro.gr\/de\/wp-json\/wp\/v2\/media?parent=31977"}],"wp:term":[{"taxonomy":"product_brand","embeddable":true,"href":"https:\/\/neoergoxeiro.gr\/de\/wp-json\/wp\/v2\/product_brand?post=31977"},{"taxonomy":"product_cat","embeddable":true,"href":"https:\/\/neoergoxeiro.gr\/de\/wp-json\/wp\/v2\/product_cat?post=31977"},{"taxonomy":"product_tag","embeddable":true,"href":"https:\/\/neoergoxeiro.gr\/de\/wp-json\/wp\/v2\/product_tag?post=31977"}],"curies":[{"name":"wp","href":"https:\/\/api.w.org\/{rel}","templated":true}]}}