{"id":32066,"date":"2023-09-04T16:54:56","date_gmt":"2023-09-04T16:54:56","guid":{"rendered":"https:\/\/neoergoxeiro.gr\/?product=%ce%ba%ce%ad%ce%bd%cf%84%ce%b7%ce%bc%ce%b1-prisma-256"},"modified":"2025-11-11T10:18:29","modified_gmt":"2025-11-11T08:18:29","slug":"%ce%ba%ce%ad%ce%bd%cf%84%ce%b7%ce%bc%ce%b1-prisma-256","status":"publish","type":"product","link":"https:\/\/neoergoxeiro.gr\/de\/produkt\/%ce%ba%ce%ad%ce%bd%cf%84%ce%b7%ce%bc%ce%b1-prisma-256\/","title":{"rendered":"Kinder-Decke In Prisma 90cm * 120cm"},"content":{"rendered":"","protected":false},"excerpt":{"rendered":"<p>Der komplette Fadensatz enth\u00e4lt 20 St\u00fcck Mouline zum Preis von (0,80 pro St\u00fcck).<\/p>\n<p>Bevorzugen Sie die Packung mit allen F\u00e4den, so dass alle Farben aus der gleichen Charge stammen, um Ver\u00e4nderungen aufgrund von F\u00e4rbechargen zu vermeiden.<\/p>","protected":false},"featured_media":32067,"template":"","meta":[],"product_brand":[],"product_cat":[170],"product_tag":[],"class_list":{"0":"post-32066","1":"product","2":"type-product","3":"status-publish","4":"has-post-thumbnail","6":"product_cat-kouvertoules-pedikes","8":"first","9":"instock","10":"taxable","11":"shipping-taxable","12":"purchasable","13":"product-type-variable"},"_links":{"self":[{"href":"https:\/\/neoergoxeiro.gr\/de\/wp-json\/wp\/v2\/product\/32066","targetHints":{"allow":["GET"]}}],"collection":[{"href":"https:\/\/neoergoxeiro.gr\/de\/wp-json\/wp\/v2\/product"}],"about":[{"href":"https:\/\/neoergoxeiro.gr\/de\/wp-json\/wp\/v2\/types\/product"}],"version-history":[{"count":1,"href":"https:\/\/neoergoxeiro.gr\/de\/wp-json\/wp\/v2\/product\/32066\/revisions"}],"predecessor-version":[{"id":66523,"href":"https:\/\/neoergoxeiro.gr\/de\/wp-json\/wp\/v2\/product\/32066\/revisions\/66523"}],"wp:featuredmedia":[{"embeddable":true,"href":"https:\/\/neoergoxeiro.gr\/de\/wp-json\/wp\/v2\/media\/32067"}],"wp:attachment":[{"href":"https:\/\/neoergoxeiro.gr\/de\/wp-json\/wp\/v2\/media?parent=32066"}],"wp:term":[{"taxonomy":"product_brand","embeddable":true,"href":"https:\/\/neoergoxeiro.gr\/de\/wp-json\/wp\/v2\/product_brand?post=32066"},{"taxonomy":"product_cat","embeddable":true,"href":"https:\/\/neoergoxeiro.gr\/de\/wp-json\/wp\/v2\/product_cat?post=32066"},{"taxonomy":"product_tag","embeddable":true,"href":"https:\/\/neoergoxeiro.gr\/de\/wp-json\/wp\/v2\/product_tag?post=32066"}],"curies":[{"name":"wp","href":"https:\/\/api.w.org\/{rel}","templated":true}]}}