{"id":32114,"date":"2023-09-05T15:22:38","date_gmt":"2023-09-05T15:22:38","guid":{"rendered":"https:\/\/neoergoxeiro.gr\/?product=%ce%bc%ce%b1%ce%be%ce%b9%ce%bb%ce%b1%cf%81%ce%ac%ce%ba%ce%b9-%ce%ba%ce%af%cf%84-4040-cm-37"},"modified":"2025-10-06T12:05:54","modified_gmt":"2025-10-06T10:05:54","slug":"%ce%bc%ce%b1%ce%be%ce%b9%ce%bb%ce%b1%cf%81%ce%ac%ce%ba%ce%b9-%ce%ba%ce%af%cf%84-4040-cm-37","status":"publish","type":"product","link":"https:\/\/neoergoxeiro.gr\/de\/produkt\/%ce%bc%ce%b1%ce%be%ce%b9%ce%bb%ce%b1%cf%81%ce%ac%ce%ba%ce%b9-%ce%ba%ce%af%cf%84-4040-cm-37\/","title":{"rendered":"Kopfkissen-Set 40*40 cm"},"content":{"rendered":"<p>Das KITT-Kissen 40*40 cm ist die ultimative Erg\u00e4nzung f\u00fcr Ihren Raum. Hergestellt aus hochwertigen Materialien, bietet dieses Kissen Komfort und Stil. Mit seinem modernen Design, das zu jeder Einrichtung passt, ist es eine gute Wahl f\u00fcr das Wohnzimmer, das Schlafzimmer oder sogar das B\u00fcro. Genie\u00dfen Sie jedes Mal, wenn Sie es benutzen, Komfort und Entspannung. Werten Sie Ihren Raum mit dem 40*40 cm gro\u00dfen Kitt-Kissen auf und schaffen Sie eine Atmosph\u00e4re der W\u00e4rme und Gastfreundschaft. Holen Sie sich noch heute Ihr eigenes Kitt-Kissen und werten Sie Ihren Raum auf!<\/p>","protected":false},"excerpt":{"rendered":"<p>Das 40*40 cm gro\u00dfe Kit-Kissen ist die perfekte Erg\u00e4nzung zu Ihrer Dekoration. Mit seiner hochwertigen Konstruktion und dem modernen Design ist es eine ideale Wahl f\u00fcr Ihr Wohn- oder Schlafzimmer. Genie\u00dfen Sie Komfort und Stil mit diesem Kit Kissen.<\/p>","protected":false},"featured_media":32115,"template":"","meta":[],"product_brand":[],"product_cat":[161],"product_tag":[],"class_list":{"0":"post-32114","1":"product","2":"type-product","3":"status-publish","4":"has-post-thumbnail","6":"product_cat-kit-kentimatos","8":"first","9":"instock","10":"taxable","11":"shipping-taxable","12":"purchasable","13":"product-type-simple"},"_links":{"self":[{"href":"https:\/\/neoergoxeiro.gr\/de\/wp-json\/wp\/v2\/product\/32114","targetHints":{"allow":["GET"]}}],"collection":[{"href":"https:\/\/neoergoxeiro.gr\/de\/wp-json\/wp\/v2\/product"}],"about":[{"href":"https:\/\/neoergoxeiro.gr\/de\/wp-json\/wp\/v2\/types\/product"}],"version-history":[{"count":99,"href":"https:\/\/neoergoxeiro.gr\/de\/wp-json\/wp\/v2\/product\/32114\/revisions"}],"predecessor-version":[{"id":54745,"href":"https:\/\/neoergoxeiro.gr\/de\/wp-json\/wp\/v2\/product\/32114\/revisions\/54745"}],"wp:featuredmedia":[{"embeddable":true,"href":"https:\/\/neoergoxeiro.gr\/de\/wp-json\/wp\/v2\/media\/32115"}],"wp:attachment":[{"href":"https:\/\/neoergoxeiro.gr\/de\/wp-json\/wp\/v2\/media?parent=32114"}],"wp:term":[{"taxonomy":"product_brand","embeddable":true,"href":"https:\/\/neoergoxeiro.gr\/de\/wp-json\/wp\/v2\/product_brand?post=32114"},{"taxonomy":"product_cat","embeddable":true,"href":"https:\/\/neoergoxeiro.gr\/de\/wp-json\/wp\/v2\/product_cat?post=32114"},{"taxonomy":"product_tag","embeddable":true,"href":"https:\/\/neoergoxeiro.gr\/de\/wp-json\/wp\/v2\/product_tag?post=32114"}],"curies":[{"name":"wp","href":"https:\/\/api.w.org\/{rel}","templated":true}]}}