{"id":33163,"date":"2023-09-07T13:54:53","date_gmt":"2023-09-07T13:54:53","guid":{"rendered":"https:\/\/neoergoxeiro.gr\/?product=%ce%ba%ce%ad%ce%bd%cf%84%ce%b7%ce%bc%ce%b1-pero-3"},"modified":"2025-11-11T10:18:28","modified_gmt":"2025-11-11T08:18:28","slug":"%ce%ba%ce%ad%ce%bd%cf%84%ce%b7%ce%bc%ce%b1-pero-3","status":"publish","type":"product","link":"https:\/\/neoergoxeiro.gr\/de\/produkt\/%ce%ba%ce%ad%ce%bd%cf%84%ce%b7%ce%bc%ce%b1-pero-3\/","title":{"rendered":"Stickerei Pero Rahmen 1,00 * 1,00 m"},"content":{"rendered":"<p>Der Pero-Stickrahmen 1,00 * 1,00 m ist die perfekte Wahl f\u00fcr Liebhaber des handgefertigten N\u00e4hens. Dieses gestempelte Design auf ecru-goldenem Stoff bietet einen einfachen Stickprozess, wobei das Design auf der Oberseite etaminiert ist, was es f\u00fcr jede Farbe verst\u00e4ndlich macht. Zum Sticken k\u00f6nnen Sie Mouline Dmc art 117 oder Cotton Perle Dmc art 115 dreifach verwenden. Wenn Sie die Waschanleitung beachten, bleibt Ihre Stickerei unver\u00e4ndert. Holen Sie sich noch heute Ihre Pero-Rahmenstickerei und kreieren Sie einzigartige Stickereien mit Stil und Leichtigkeit.<\/p>","protected":false},"excerpt":{"rendered":"<p>Holen Sie sich den Pero-Stickrahmen 1,00 * 1,00 m f\u00fcr einfaches Sticken mit Stil. Stickereistoff in Ecru Gold, ideal f\u00fcr alle Sticktechniken.<\/p>","protected":false},"featured_media":68897,"template":"","meta":[],"product_brand":[],"product_cat":[150],"product_tag":[],"class_list":{"0":"post-33163","1":"product","2":"type-product","3":"status-publish","4":"has-post-thumbnail","6":"product_cat-pero-kentimata","8":"first","9":"instock","10":"taxable","11":"shipping-taxable","12":"purchasable","13":"product-type-variable"},"_links":{"self":[{"href":"https:\/\/neoergoxeiro.gr\/de\/wp-json\/wp\/v2\/product\/33163","targetHints":{"allow":["GET"]}}],"collection":[{"href":"https:\/\/neoergoxeiro.gr\/de\/wp-json\/wp\/v2\/product"}],"about":[{"href":"https:\/\/neoergoxeiro.gr\/de\/wp-json\/wp\/v2\/types\/product"}],"version-history":[{"count":74,"href":"https:\/\/neoergoxeiro.gr\/de\/wp-json\/wp\/v2\/product\/33163\/revisions"}],"predecessor-version":[{"id":60527,"href":"https:\/\/neoergoxeiro.gr\/de\/wp-json\/wp\/v2\/product\/33163\/revisions\/60527"}],"wp:featuredmedia":[{"embeddable":true,"href":"https:\/\/neoergoxeiro.gr\/de\/wp-json\/wp\/v2\/media\/68897"}],"wp:attachment":[{"href":"https:\/\/neoergoxeiro.gr\/de\/wp-json\/wp\/v2\/media?parent=33163"}],"wp:term":[{"taxonomy":"product_brand","embeddable":true,"href":"https:\/\/neoergoxeiro.gr\/de\/wp-json\/wp\/v2\/product_brand?post=33163"},{"taxonomy":"product_cat","embeddable":true,"href":"https:\/\/neoergoxeiro.gr\/de\/wp-json\/wp\/v2\/product_cat?post=33163"},{"taxonomy":"product_tag","embeddable":true,"href":"https:\/\/neoergoxeiro.gr\/de\/wp-json\/wp\/v2\/product_tag?post=33163"}],"curies":[{"name":"wp","href":"https:\/\/api.w.org\/{rel}","templated":true}]}}