{"id":33196,"date":"2023-09-07T14:11:51","date_gmt":"2023-09-07T14:11:51","guid":{"rendered":"https:\/\/neoergoxeiro.gr\/?product=%ce%ba%ce%ad%ce%bd%cf%84%ce%b7%ce%bc%ce%b1-pero-19"},"modified":"2025-11-11T10:18:28","modified_gmt":"2025-11-11T08:18:28","slug":"%ce%ba%ce%ad%ce%bd%cf%84%ce%b7%ce%bc%ce%b1-pero-19","status":"publish","type":"product","link":"https:\/\/neoergoxeiro.gr\/de\/produkt\/%ce%ba%ce%ad%ce%bd%cf%84%ce%b7%ce%bc%ce%b1-pero-19\/","title":{"rendered":"Stickerei Pero Semen 0,30 * 0,50"},"content":{"rendered":"<p>Die Stickerei Pero Semen 0,30 * 0,50 ist aus goldfarbenem Chenille-Stoff mit 40 \u00d6sen auf 10 cm gefertigt. Das Motiv auf der Stickerei ist gestickt, was das Sticken und die Farbplatzierung erleichtert. Zum Sticken k\u00f6nnen Sie den dreifachen Mouline Dmc- oder Cotton Perle Dmc-Stich verwenden. Befolgen Sie die Waschanleitung, damit Ihre Arbeit unver\u00e4ndert bleibt und eventuelle Farbreste entfernt werden. Holen Sie sich Ihre Pero Semen Stickerei f\u00fcr einzigartige N\u00e4h- und Stickkreationen!<\/p>","protected":false},"excerpt":{"rendered":"<p>Stickerei Pero Semen 0,30 * 0,50 - In einem Knoten aus ecru-goldenem Stoff gewebt, mit einem Etamin-Muster zum einfachen Sticken. Sticken Sie mit Mouline Dmc oder Cotton Perle Dmc Garn.<\/p>","protected":false},"featured_media":68537,"template":"","meta":[],"product_brand":[],"product_cat":[150],"product_tag":[],"class_list":{"0":"post-33196","1":"product","2":"type-product","3":"status-publish","4":"has-post-thumbnail","6":"product_cat-pero-kentimata","8":"first","9":"instock","10":"taxable","11":"shipping-taxable","12":"purchasable","13":"product-type-variable"},"_links":{"self":[{"href":"https:\/\/neoergoxeiro.gr\/de\/wp-json\/wp\/v2\/product\/33196","targetHints":{"allow":["GET"]}}],"collection":[{"href":"https:\/\/neoergoxeiro.gr\/de\/wp-json\/wp\/v2\/product"}],"about":[{"href":"https:\/\/neoergoxeiro.gr\/de\/wp-json\/wp\/v2\/types\/product"}],"version-history":[{"count":2,"href":"https:\/\/neoergoxeiro.gr\/de\/wp-json\/wp\/v2\/product\/33196\/revisions"}],"predecessor-version":[{"id":60097,"href":"https:\/\/neoergoxeiro.gr\/de\/wp-json\/wp\/v2\/product\/33196\/revisions\/60097"}],"wp:featuredmedia":[{"embeddable":true,"href":"https:\/\/neoergoxeiro.gr\/de\/wp-json\/wp\/v2\/media\/68537"}],"wp:attachment":[{"href":"https:\/\/neoergoxeiro.gr\/de\/wp-json\/wp\/v2\/media?parent=33196"}],"wp:term":[{"taxonomy":"product_brand","embeddable":true,"href":"https:\/\/neoergoxeiro.gr\/de\/wp-json\/wp\/v2\/product_brand?post=33196"},{"taxonomy":"product_cat","embeddable":true,"href":"https:\/\/neoergoxeiro.gr\/de\/wp-json\/wp\/v2\/product_cat?post=33196"},{"taxonomy":"product_tag","embeddable":true,"href":"https:\/\/neoergoxeiro.gr\/de\/wp-json\/wp\/v2\/product_tag?post=33196"}],"curies":[{"name":"wp","href":"https:\/\/api.w.org\/{rel}","templated":true}]}}