{"id":33214,"date":"2023-09-07T14:18:46","date_gmt":"2023-09-07T14:18:46","guid":{"rendered":"https:\/\/neoergoxeiro.gr\/?product=%ce%ba%ce%ad%ce%bd%cf%84%ce%b7%ce%bc%ce%b1-pero-28"},"modified":"2025-11-11T10:18:27","modified_gmt":"2025-11-11T08:18:27","slug":"%ce%ba%ce%ad%ce%bd%cf%84%ce%b7%ce%bc%ce%b1-pero-28","status":"publish","type":"product","link":"https:\/\/neoergoxeiro.gr\/de\/produkt\/%ce%ba%ce%ad%ce%bd%cf%84%ce%b7%ce%bc%ce%b1-pero-28\/","title":{"rendered":"Stickerei Pero Semen 0,26 * 0,90"},"content":{"rendered":"<p>Die Stickerei Pero Semen 0,26 * 0,90 ist eine gestempelte Stickerei in ecru-goldenem Stoff mit 40 Augen auf 10 cm. Das Design ist im Etamin mit Farbstickerei, was das Sticken einfach macht, da man wei\u00df, wo jede Farbe hinkommen wird. Sie k\u00f6nnen es mit dem Dreifadenstich Mouline Dmc art 117 oder mit dem Baumwollperlenstich Dmc art 115 sticken. Wenn Sie die Stick- und Waschanweisungen befolgen, bleibt die Qualit\u00e4t der Stickerei erhalten und Sie vermeiden Farbspuren von grellen Farben. Genie\u00dfen Sie auch die Stabilit\u00e4t der Fadenfarben und die einfache Anwendung von Spitzen, B\u00e4ndern, Sieben und Phasen, die vor der Vergoldung gewaschen werden sollten. Entdecken Sie die Kunst der Stickerei mit Pero Semen und kreieren Sie einzigartige handgefertigte St\u00fccke.<\/p>","protected":false},"excerpt":{"rendered":"<p>Stickerei Pero Semen 0,26 * 0,90 - Kreuzstichstickerei auf ecru-goldenem Stoff, einfach zu sticken mit Waschanleitung. Ideal f\u00fcr Stickereien mit Mouline Dmc oder Cotton Perle Dmc.<\/p>","protected":false},"featured_media":68546,"template":"","meta":[],"product_brand":[],"product_cat":[150],"product_tag":[],"class_list":{"0":"post-33214","1":"product","2":"type-product","3":"status-publish","4":"has-post-thumbnail","6":"product_cat-pero-kentimata","8":"first","9":"instock","10":"taxable","11":"shipping-taxable","12":"purchasable","13":"product-type-variable"},"_links":{"self":[{"href":"https:\/\/neoergoxeiro.gr\/de\/wp-json\/wp\/v2\/product\/33214","targetHints":{"allow":["GET"]}}],"collection":[{"href":"https:\/\/neoergoxeiro.gr\/de\/wp-json\/wp\/v2\/product"}],"about":[{"href":"https:\/\/neoergoxeiro.gr\/de\/wp-json\/wp\/v2\/types\/product"}],"version-history":[{"count":2,"href":"https:\/\/neoergoxeiro.gr\/de\/wp-json\/wp\/v2\/product\/33214\/revisions"}],"predecessor-version":[{"id":60108,"href":"https:\/\/neoergoxeiro.gr\/de\/wp-json\/wp\/v2\/product\/33214\/revisions\/60108"}],"wp:featuredmedia":[{"embeddable":true,"href":"https:\/\/neoergoxeiro.gr\/de\/wp-json\/wp\/v2\/media\/68546"}],"wp:attachment":[{"href":"https:\/\/neoergoxeiro.gr\/de\/wp-json\/wp\/v2\/media?parent=33214"}],"wp:term":[{"taxonomy":"product_brand","embeddable":true,"href":"https:\/\/neoergoxeiro.gr\/de\/wp-json\/wp\/v2\/product_brand?post=33214"},{"taxonomy":"product_cat","embeddable":true,"href":"https:\/\/neoergoxeiro.gr\/de\/wp-json\/wp\/v2\/product_cat?post=33214"},{"taxonomy":"product_tag","embeddable":true,"href":"https:\/\/neoergoxeiro.gr\/de\/wp-json\/wp\/v2\/product_tag?post=33214"}],"curies":[{"name":"wp","href":"https:\/\/api.w.org\/{rel}","templated":true}]}}