{"id":33353,"date":"2023-09-07T15:44:15","date_gmt":"2023-09-07T15:44:15","guid":{"rendered":"https:\/\/neoergoxeiro.gr\/?product=%ce%ba%ce%ad%ce%bd%cf%84%ce%b7%ce%bc%ce%b1-pero-97"},"modified":"2025-11-11T10:18:26","modified_gmt":"2025-11-11T08:18:26","slug":"%ce%ba%ce%ad%ce%bd%cf%84%ce%b7%ce%bc%ce%b1-pero-97","status":"publish","type":"product","link":"https:\/\/neoergoxeiro.gr\/de\/produkt\/%ce%ba%ce%ad%ce%bd%cf%84%ce%b7%ce%bc%ce%b1-pero-97\/","title":{"rendered":"Kinderbettdecke Pero 1,00 * 1,20"},"content":{"rendered":"<p>Die Kinderdecke Pero 1.00 * 1.20 eignet sich hervorragend zum Sticken, da sie auf wei\u00dfem Weidenstoff gestickt ist. Das Muster auf dem obigen Etamin l\u00e4sst sich leicht nachsticken, und Sie k\u00f6nnen Mouline Dmc oder Cotton Perle Dmc verwenden. Fertigen Sie Ihre eigene einzigartige Babydecke f\u00fcr den Kinderwagen, das Kinderbett oder die Krippe an. Waschen Sie das Kunsthandwerk unter flie\u00dfendem kaltem Wasser, damit die Farben erhalten bleiben und die F\u00e4den stabilisiert werden. Entdecken Sie eine Reihe von Materialien zum Dublieren und Vergolden. Holen Sie sich jetzt Ihre eigene Pero-Decke!<\/p>","protected":false},"excerpt":{"rendered":"<p>Kinderdecke Pero 1.00 * 1.20 - Gesteppte Decke aus wei\u00dfem Weidenstoff, ideal zum Sticken mit Mouline Dmc oder Cotton Perle Dmc. Kreieren Sie Ihre eigene einzigartige Babydecke f\u00fcr Kinderwagen, Kinderbett oder Krippe.<\/p>","protected":false},"featured_media":68649,"template":"","meta":[],"product_brand":[],"product_cat":[170],"product_tag":[],"class_list":{"0":"post-33353","1":"product","2":"type-product","3":"status-publish","4":"has-post-thumbnail","6":"product_cat-kouvertoules-pedikes","8":"first","9":"instock","10":"taxable","11":"shipping-taxable","12":"purchasable","13":"product-type-variable"},"_links":{"self":[{"href":"https:\/\/neoergoxeiro.gr\/de\/wp-json\/wp\/v2\/product\/33353","targetHints":{"allow":["GET"]}}],"collection":[{"href":"https:\/\/neoergoxeiro.gr\/de\/wp-json\/wp\/v2\/product"}],"about":[{"href":"https:\/\/neoergoxeiro.gr\/de\/wp-json\/wp\/v2\/types\/product"}],"version-history":[{"count":30,"href":"https:\/\/neoergoxeiro.gr\/de\/wp-json\/wp\/v2\/product\/33353\/revisions"}],"predecessor-version":[{"id":60304,"href":"https:\/\/neoergoxeiro.gr\/de\/wp-json\/wp\/v2\/product\/33353\/revisions\/60304"}],"wp:featuredmedia":[{"embeddable":true,"href":"https:\/\/neoergoxeiro.gr\/de\/wp-json\/wp\/v2\/media\/68649"}],"wp:attachment":[{"href":"https:\/\/neoergoxeiro.gr\/de\/wp-json\/wp\/v2\/media?parent=33353"}],"wp:term":[{"taxonomy":"product_brand","embeddable":true,"href":"https:\/\/neoergoxeiro.gr\/de\/wp-json\/wp\/v2\/product_brand?post=33353"},{"taxonomy":"product_cat","embeddable":true,"href":"https:\/\/neoergoxeiro.gr\/de\/wp-json\/wp\/v2\/product_cat?post=33353"},{"taxonomy":"product_tag","embeddable":true,"href":"https:\/\/neoergoxeiro.gr\/de\/wp-json\/wp\/v2\/product_tag?post=33353"}],"curies":[{"name":"wp","href":"https:\/\/api.w.org\/{rel}","templated":true}]}}