{"id":33363,"date":"2023-09-07T15:48:28","date_gmt":"2023-09-07T15:48:28","guid":{"rendered":"https:\/\/neoergoxeiro.gr\/?product=%ce%ba%ce%ad%ce%bd%cf%84%ce%b7%ce%bc%ce%b1-pero-102"},"modified":"2025-11-11T10:18:26","modified_gmt":"2025-11-11T08:18:26","slug":"%ce%ba%ce%ad%ce%bd%cf%84%ce%b7%ce%bc%ce%b1-pero-102","status":"publish","type":"product","link":"https:\/\/neoergoxeiro.gr\/de\/produkt\/%ce%ba%ce%ad%ce%bd%cf%84%ce%b7%ce%bc%ce%b1-pero-102\/","title":{"rendered":"Kinderbettdecke Pero 1,00 * 1,20"},"content":{"rendered":"<p><strong>Steppdecke Pero\u00a0<\/strong><\/p>\n<p>Die Decke ist auf einem wei\u00dfen Stoff gen\u00e4ht - matt<\/p>\n<p>Das Muster ist auf der Oberseite des Stichs mit Farbe gestempelt, was das Sticken sehr einfach macht, da man genau wei\u00df, wo jede Farbe platziert wird.<\/p>\n<p>Sie k\u00f6nnen es mit Mouline Dmc art 117 besticken (vielleicht sogar das ganze St\u00fcck, je nachdem, wie Sie es besticken und welches Ergebnis Sie w\u00fcnschen) oder mit Cotton Perle Dmc art 115.<br \/>\nEine sehr sch\u00f6ne Idee, um eine eigene Babydecke f\u00fcr den Kinderwagen, das Kinderbett oder die Wiege herzustellen.<br \/>\nWir haben auch eine Reihe von Materialien, um es zu dekorieren und es zu synchronisieren - es zu tragen (nach einem Telefonat).<\/p>\n<p>Stickerei - Waschanleitung:<\/p>\n<p>Nach dem Sticken werden wir unsere Handarbeit unter flie\u00dfendem kaltem Wasser waschen, so wie hier:<\/p>\n<ol>\n<li>Zur Entfernung von Farbspuren, die harte Lacke normalerweise hinterlassen (Bordeaux - Dunkelblau - Schwarz)<\/li>\n<li>Dann passieren Sie alle Spitzen - Borten - Chiffon - Chiffons - Chiffons, die ebenfalls vor dem Vergolden gewaschen werden m\u00fcssen.<\/li>\n<\/ol>","protected":false},"excerpt":{"rendered":"<p>Der komplette Fadensatz enth\u00e4lt 20 St\u00fcck Mouline zum Preis von (0,80 pro St\u00fcck).<\/p>\n<p>Bevorzugen Sie die Packung mit allen F\u00e4den, so dass alle Farben aus der gleichen Charge stammen, um Ver\u00e4nderungen aufgrund von F\u00e4rbechargen zu vermeiden.<\/p>","protected":false},"featured_media":0,"template":"","meta":[],"product_brand":[],"product_cat":[170],"product_tag":[],"class_list":{"0":"post-33363","1":"product","2":"type-product","3":"status-publish","5":"product_cat-kouvertoules-pedikes","7":"first","8":"instock","9":"taxable","10":"shipping-taxable","11":"purchasable","12":"product-type-variable"},"_links":{"self":[{"href":"https:\/\/neoergoxeiro.gr\/de\/wp-json\/wp\/v2\/product\/33363","targetHints":{"allow":["GET"]}}],"collection":[{"href":"https:\/\/neoergoxeiro.gr\/de\/wp-json\/wp\/v2\/product"}],"about":[{"href":"https:\/\/neoergoxeiro.gr\/de\/wp-json\/wp\/v2\/types\/product"}],"version-history":[{"count":1,"href":"https:\/\/neoergoxeiro.gr\/de\/wp-json\/wp\/v2\/product\/33363\/revisions"}],"predecessor-version":[{"id":66574,"href":"https:\/\/neoergoxeiro.gr\/de\/wp-json\/wp\/v2\/product\/33363\/revisions\/66574"}],"wp:attachment":[{"href":"https:\/\/neoergoxeiro.gr\/de\/wp-json\/wp\/v2\/media?parent=33363"}],"wp:term":[{"taxonomy":"product_brand","embeddable":true,"href":"https:\/\/neoergoxeiro.gr\/de\/wp-json\/wp\/v2\/product_brand?post=33363"},{"taxonomy":"product_cat","embeddable":true,"href":"https:\/\/neoergoxeiro.gr\/de\/wp-json\/wp\/v2\/product_cat?post=33363"},{"taxonomy":"product_tag","embeddable":true,"href":"https:\/\/neoergoxeiro.gr\/de\/wp-json\/wp\/v2\/product_tag?post=33363"}],"curies":[{"name":"wp","href":"https:\/\/api.w.org\/{rel}","templated":true}]}}