{"id":34132,"date":"2023-09-09T15:48:58","date_gmt":"2023-09-09T15:48:58","guid":{"rendered":"https:\/\/neoergoxeiro.gr\/?product=%ce%ba%ce%bb%cf%89%cf%83%cf%84%ce%ae-yarnart-everest"},"modified":"2025-10-05T17:35:06","modified_gmt":"2025-10-05T15:35:06","slug":"%ce%ba%ce%bb%cf%89%cf%83%cf%84%ce%ae-yarnart-everest","status":"publish","type":"product","link":"https:\/\/neoergoxeiro.gr\/de\/produkt\/%ce%ba%ce%bb%cf%89%cf%83%cf%84%ce%ae-yarnart-everest\/","title":{"rendered":"YarnArt Everest-Garn"},"content":{"rendered":"<p>YarnArt Everest ist die perfekte Wahl f\u00fcr jeden Bastelliebhaber. Mit seinem hochwertigen Material und der langlebigen Konstruktion ist es das perfekte Werkzeug zum Sticken und N\u00e4hen. YarnArt Everest ist flexibel und einfach zu verwenden und bietet gro\u00dfartige Ergebnisse bei jedem kreativen Projekt. Entdecken Sie die Vielfalt der verf\u00fcgbaren Farben und bringen Sie Farbe und Lebendigkeit in Ihre Kreationen. Holen Sie sich YarnArt Everest noch heute und kreieren Sie einzigartige Kunstwerke, die beeindrucken werden!<\/p>","protected":false},"excerpt":{"rendered":"<p>Das YarnArt Everest Garn ist ideal zum Sticken und N\u00e4hen. Langlebig und flexibel, bietet es hervorragende Ergebnisse. Veredeln Sie Ihre Kreationen mit diesem Qualit\u00e4tsgarn.<\/p>","protected":false},"featured_media":34133,"template":"","meta":[],"product_brand":[],"product_cat":[116],"product_tag":[],"class_list":{"0":"post-34132","1":"product","2":"type-product","3":"status-publish","4":"has-post-thumbnail","6":"product_cat-yarnart-everest-yarn","8":"first","9":"instock","10":"taxable","11":"shipping-taxable","12":"purchasable","13":"product-type-simple"},"_links":{"self":[{"href":"https:\/\/neoergoxeiro.gr\/de\/wp-json\/wp\/v2\/product\/34132","targetHints":{"allow":["GET"]}}],"collection":[{"href":"https:\/\/neoergoxeiro.gr\/de\/wp-json\/wp\/v2\/product"}],"about":[{"href":"https:\/\/neoergoxeiro.gr\/de\/wp-json\/wp\/v2\/types\/product"}],"version-history":[{"count":26,"href":"https:\/\/neoergoxeiro.gr\/de\/wp-json\/wp\/v2\/product\/34132\/revisions"}],"predecessor-version":[{"id":56070,"href":"https:\/\/neoergoxeiro.gr\/de\/wp-json\/wp\/v2\/product\/34132\/revisions\/56070"}],"wp:featuredmedia":[{"embeddable":true,"href":"https:\/\/neoergoxeiro.gr\/de\/wp-json\/wp\/v2\/media\/34133"}],"wp:attachment":[{"href":"https:\/\/neoergoxeiro.gr\/de\/wp-json\/wp\/v2\/media?parent=34132"}],"wp:term":[{"taxonomy":"product_brand","embeddable":true,"href":"https:\/\/neoergoxeiro.gr\/de\/wp-json\/wp\/v2\/product_brand?post=34132"},{"taxonomy":"product_cat","embeddable":true,"href":"https:\/\/neoergoxeiro.gr\/de\/wp-json\/wp\/v2\/product_cat?post=34132"},{"taxonomy":"product_tag","embeddable":true,"href":"https:\/\/neoergoxeiro.gr\/de\/wp-json\/wp\/v2\/product_tag?post=34132"}],"curies":[{"name":"wp","href":"https:\/\/api.w.org\/{rel}","templated":true}]}}