{"id":35658,"date":"2023-09-13T13:30:50","date_gmt":"2023-09-13T13:30:50","guid":{"rendered":"https:\/\/neoergoxeiro.gr\/?product=%ce%ba%ce%ad%ce%bd%cf%84%ce%b7%ce%bc%ce%b1-gobelin"},"modified":"2025-10-12T19:26:08","modified_gmt":"2025-10-12T17:26:08","slug":"%ce%ba%ce%ad%ce%bd%cf%84%ce%b7%ce%bc%ce%b1-gobelin","status":"publish","type":"product","link":"https:\/\/neoergoxeiro.gr\/de\/produkt\/%ce%ba%ce%ad%ce%bd%cf%84%ce%b7%ce%bc%ce%b1-gobelin\/","title":{"rendered":"Kopfkissen-Kit 0,45 * 0,45"},"content":{"rendered":"<p>Das Kit Pillow 0.45 * 0.45 ist das perfekte Projekt f\u00fcr N\u00e4h- und Stickliebhaber. Das Kit enth\u00e4lt 12\/10 farbigen Schmirgelleinen, Wollf\u00e4den f\u00fcr einfache Stickerei und eine Nadel. Wenn Sie die Stickanleitung befolgen, k\u00f6nnen Sie ein einzigartiges Kissen gestalten. Wenn Sie mit der Stickerei fertig sind, waschen Sie das Kissen in kaltem Wasser aus, um Farbreste zu entfernen und die F\u00e4rbemittel zu stabilisieren. Erfrischen Sie Ihr Zuhause mit diesem einzigartigen Stickereikissen. Code.<\/p>","protected":false},"excerpt":{"rendered":"<p>Stickereiset f\u00fcr Gobelin-Kissen, komplett mit Material und Anleitung. Perfekt f\u00fcr geschickte N\u00e4h- und Stickbegeisterte.<\/p>","protected":false},"featured_media":35659,"template":"","meta":[],"product_brand":[],"product_cat":[169],"product_tag":[],"class_list":{"0":"post-35658","1":"product","2":"type-product","3":"status-publish","4":"has-post-thumbnail","6":"product_cat-maxilarakia-pedika","8":"first","9":"instock","10":"taxable","11":"shipping-taxable","12":"purchasable","13":"product-type-simple"},"_links":{"self":[{"href":"https:\/\/neoergoxeiro.gr\/de\/wp-json\/wp\/v2\/product\/35658","targetHints":{"allow":["GET"]}}],"collection":[{"href":"https:\/\/neoergoxeiro.gr\/de\/wp-json\/wp\/v2\/product"}],"about":[{"href":"https:\/\/neoergoxeiro.gr\/de\/wp-json\/wp\/v2\/types\/product"}],"version-history":[{"count":67,"href":"https:\/\/neoergoxeiro.gr\/de\/wp-json\/wp\/v2\/product\/35658\/revisions"}],"predecessor-version":[{"id":57208,"href":"https:\/\/neoergoxeiro.gr\/de\/wp-json\/wp\/v2\/product\/35658\/revisions\/57208"}],"wp:featuredmedia":[{"embeddable":true,"href":"https:\/\/neoergoxeiro.gr\/de\/wp-json\/wp\/v2\/media\/35659"}],"wp:attachment":[{"href":"https:\/\/neoergoxeiro.gr\/de\/wp-json\/wp\/v2\/media?parent=35658"}],"wp:term":[{"taxonomy":"product_brand","embeddable":true,"href":"https:\/\/neoergoxeiro.gr\/de\/wp-json\/wp\/v2\/product_brand?post=35658"},{"taxonomy":"product_cat","embeddable":true,"href":"https:\/\/neoergoxeiro.gr\/de\/wp-json\/wp\/v2\/product_cat?post=35658"},{"taxonomy":"product_tag","embeddable":true,"href":"https:\/\/neoergoxeiro.gr\/de\/wp-json\/wp\/v2\/product_tag?post=35658"}],"curies":[{"name":"wp","href":"https:\/\/api.w.org\/{rel}","templated":true}]}}