{"id":35921,"date":"2023-09-14T12:24:45","date_gmt":"2023-09-14T12:24:45","guid":{"rendered":"https:\/\/neoergoxeiro.gr\/?product=%ce%ba%ce%ad%ce%bd%cf%84%ce%b7%ce%bc%ce%b1-gobeli-82"},"modified":"2025-10-12T18:02:30","modified_gmt":"2025-10-12T16:02:30","slug":"%ce%ba%ce%ad%ce%bd%cf%84%ce%b7%ce%bc%ce%b1-gobeli-82","status":"publish","type":"product","link":"https:\/\/neoergoxeiro.gr\/de\/produkt\/%ce%ba%ce%ad%ce%bd%cf%84%ce%b7%ce%bc%ce%b1-gobeli-82\/","title":{"rendered":"Stickerei Gobelin 0,30 * 0,20 (Zwei)"},"content":{"rendered":"<p>Entdecken Sie die Magie der handgefertigten Stickerei mit dem Gobelin Embroidery 0.30 * 0.20 (Two). Die Paneele sind auf khakifarbenem Leinen N8 oder N7 gestickt, und Sie k\u00f6nnen zwischen Mouline Dmc art 117 Dreifachgarn und Cotton Perle Dmc art 115 f\u00fcr die Stickerei w\u00e4hlen. Wenn Sie die Stickerei fertiggestellt haben, waschen Sie das Kunstwerk unter flie\u00dfendem kaltem Wasser aus, um Farbreste zu entfernen und die F\u00e4rbung zu stabilisieren. Holen Sie sich jetzt eine der einzigartigsten Gobelin-Stickereien, um ein Meisterwerk zu schaffen, das Sie noch viele Jahre begleiten wird.<\/p>","protected":false},"excerpt":{"rendered":"<p>Stickerei Gobelin 0,30 * 0,20 (Zwei) - Sticken Sie mit Leichtigkeit und Kreativit\u00e4t diese einzigartige Gobelin-Stickerei. Erstaunlich Leinwand Qualit\u00e4t und einzigartige Designs f\u00fcr atemberaubende Ergebnisse.<\/p>","protected":false},"featured_media":35922,"template":"","meta":[],"product_brand":[],"product_cat":[153],"product_tag":[],"class_list":{"0":"post-35921","1":"product","2":"type-product","3":"status-publish","4":"has-post-thumbnail","6":"product_cat-gobelin-kentimata","8":"first","9":"instock","10":"taxable","11":"shipping-taxable","12":"purchasable","13":"product-type-simple"},"_links":{"self":[{"href":"https:\/\/neoergoxeiro.gr\/de\/wp-json\/wp\/v2\/product\/35921","targetHints":{"allow":["GET"]}}],"collection":[{"href":"https:\/\/neoergoxeiro.gr\/de\/wp-json\/wp\/v2\/product"}],"about":[{"href":"https:\/\/neoergoxeiro.gr\/de\/wp-json\/wp\/v2\/types\/product"}],"version-history":[{"count":1,"href":"https:\/\/neoergoxeiro.gr\/de\/wp-json\/wp\/v2\/product\/35921\/revisions"}],"predecessor-version":[{"id":56861,"href":"https:\/\/neoergoxeiro.gr\/de\/wp-json\/wp\/v2\/product\/35921\/revisions\/56861"}],"wp:featuredmedia":[{"embeddable":true,"href":"https:\/\/neoergoxeiro.gr\/de\/wp-json\/wp\/v2\/media\/35922"}],"wp:attachment":[{"href":"https:\/\/neoergoxeiro.gr\/de\/wp-json\/wp\/v2\/media?parent=35921"}],"wp:term":[{"taxonomy":"product_brand","embeddable":true,"href":"https:\/\/neoergoxeiro.gr\/de\/wp-json\/wp\/v2\/product_brand?post=35921"},{"taxonomy":"product_cat","embeddable":true,"href":"https:\/\/neoergoxeiro.gr\/de\/wp-json\/wp\/v2\/product_cat?post=35921"},{"taxonomy":"product_tag","embeddable":true,"href":"https:\/\/neoergoxeiro.gr\/de\/wp-json\/wp\/v2\/product_tag?post=35921"}],"curies":[{"name":"wp","href":"https:\/\/api.w.org\/{rel}","templated":true}]}}