{"id":36041,"date":"2023-09-14T13:27:40","date_gmt":"2023-09-14T13:27:40","guid":{"rendered":"https:\/\/neoergoxeiro.gr\/?product=%ce%ba%ce%ad%ce%bd%cf%84%ce%b7%ce%bc%ce%b1-gobel-27"},"modified":"2025-11-11T10:18:22","modified_gmt":"2025-11-11T08:18:22","slug":"%ce%ba%ce%ad%ce%bd%cf%84%ce%b7%ce%bc%ce%b1-gobel-27","status":"publish","type":"product","link":"https:\/\/neoergoxeiro.gr\/de\/produkt\/%ce%ba%ce%ad%ce%bd%cf%84%ce%b7%ce%bc%ce%b1-gobel-27\/","title":{"rendered":"Stickerei Gobelin 0,60 * 0,50"},"content":{"rendered":"<p><strong>Stickerei Gobelin<\/strong><\/p>\n<p>Die Bilder werden je nach Motiv in khakifarbenem N8 oder N7 auf die Leinwand gestempelt, wobei die Farbe das Sticken erleichtert.<\/p>\n<p>Sie k\u00f6nnen es mit Mouline Dmc Art 117 oder mit Cotton Perle Dmc Art 115 (Kabel) besticken.<\/p>\n<p>Stickerei - Waschanleitung:<\/p>\n<p>Nach dem Sticken werden wir unsere Handarbeit unter flie\u00dfendem kaltem Wasser waschen, so wie hier:<\/p>\n<ol>\n<li>Zur Entfernung von Farbspuren, die harte Lacke normalerweise hinterlassen (Bordeaux - Dunkelblau - Schwarz)<\/li>\n<li>Um die Farbstoffe der F\u00e4den besser zu stabilisieren. Dann passieren Sie jede Spitze - Borten - Chintz - Chiffon - Chiffon, die auch vor der Vergoldung gewaschen werden sollte.<\/li>\n<\/ol>","protected":false},"excerpt":{"rendered":"<p>Der komplette Fadensatz enth\u00e4lt 30 St\u00fcck Mouline zum Preis von (0,80 pro St\u00fcck).<\/p>\n<p>Bevorzugen Sie die Packung mit allen F\u00e4den, so dass alle Farben aus der gleichen Charge stammen, um Ver\u00e4nderungen aufgrund von F\u00e4rbechargen zu vermeiden.<\/p>\n<div class=\"urun_yazi\" align=\"center\">\n<p>&nbsp;<\/p>\n<\/div>","protected":false},"featured_media":36042,"template":"","meta":[],"product_brand":[],"product_cat":[157],"product_tag":[],"class_list":{"0":"post-36041","1":"product","2":"type-product","3":"status-publish","4":"has-post-thumbnail","6":"product_cat-thriskeftika-kentimata","8":"first","9":"instock","10":"taxable","11":"shipping-taxable","12":"purchasable","13":"product-type-variable"},"_links":{"self":[{"href":"https:\/\/neoergoxeiro.gr\/de\/wp-json\/wp\/v2\/product\/36041","targetHints":{"allow":["GET"]}}],"collection":[{"href":"https:\/\/neoergoxeiro.gr\/de\/wp-json\/wp\/v2\/product"}],"about":[{"href":"https:\/\/neoergoxeiro.gr\/de\/wp-json\/wp\/v2\/types\/product"}],"version-history":[{"count":1,"href":"https:\/\/neoergoxeiro.gr\/de\/wp-json\/wp\/v2\/product\/36041\/revisions"}],"predecessor-version":[{"id":66403,"href":"https:\/\/neoergoxeiro.gr\/de\/wp-json\/wp\/v2\/product\/36041\/revisions\/66403"}],"wp:featuredmedia":[{"embeddable":true,"href":"https:\/\/neoergoxeiro.gr\/de\/wp-json\/wp\/v2\/media\/36042"}],"wp:attachment":[{"href":"https:\/\/neoergoxeiro.gr\/de\/wp-json\/wp\/v2\/media?parent=36041"}],"wp:term":[{"taxonomy":"product_brand","embeddable":true,"href":"https:\/\/neoergoxeiro.gr\/de\/wp-json\/wp\/v2\/product_brand?post=36041"},{"taxonomy":"product_cat","embeddable":true,"href":"https:\/\/neoergoxeiro.gr\/de\/wp-json\/wp\/v2\/product_cat?post=36041"},{"taxonomy":"product_tag","embeddable":true,"href":"https:\/\/neoergoxeiro.gr\/de\/wp-json\/wp\/v2\/product_tag?post=36041"}],"curies":[{"name":"wp","href":"https:\/\/api.w.org\/{rel}","templated":true}]}}