{"id":36051,"date":"2023-09-14T13:32:08","date_gmt":"2023-09-14T13:32:08","guid":{"rendered":"https:\/\/neoergoxeiro.gr\/?product=%ce%ba%ce%ad%ce%bd%cf%84%ce%b7%ce%bc%ce%b1-gobel-32"},"modified":"2025-10-12T18:02:26","modified_gmt":"2025-10-12T16:02:26","slug":"%ce%ba%ce%ad%ce%bd%cf%84%ce%b7%ce%bc%ce%b1-gobel-32","status":"publish","type":"product","link":"https:\/\/neoergoxeiro.gr\/de\/produkt\/%ce%ba%ce%ad%ce%bd%cf%84%ce%b7%ce%bc%ce%b1-gobel-32\/","title":{"rendered":"Stickerei Gobelin 0,45 * 0,60"},"content":{"rendered":"<p>\u201cshort_description\u201d: \u201cHolen Sie sich den Gobelin 0,45 * 0,60 Stickerei f\u00fcr einzigartige k\u00fcnstlerische Kreationen. Ideal f\u00fcr die Dekoration und die Schaffung von Original-Schmuck. F\u00fcr originelle und einzigartige Stickerei Projekte, ideal f\u00fcr die Erstellung von originellen und einzigartigen Designs f\u00fcr originelle und einzigartige Objekte,<br \/>\n    \u201cdescription\u201d: \u201cEntdecken Sie die Welt des handgefertigten N\u00e4hens mit dem Gobelin 0.45 * 0.60 Stickbrett. Dieses Stickbrett bietet unbegrenzte kreative M\u00f6glichkeiten, ob Sie Ihr Zuhause dekorieren oder einzigartige Geschenke kreieren m\u00f6chten. Mit hochwertigen Materialien und au\u00dfergew\u00f6hnliche Haltbarkeit, ist diese Stickerei perfekt f\u00fcr Stickerei, die dauern wird. <\/p>\n<p>    Der Gobelin-Sticktisch ist einfach zu bedienen und f\u00fcr jedes Erfahrungsniveau geeignet. Mit der detaillierten Anleitung, die dem Produkt beiliegt, k\u00f6nnen auch Anf\u00e4nger Meisterwerke schaffen. <\/p>\n<p>    Zu den wichtigsten Merkmalen geh\u00f6ren:<br \/>\n    - Abmessungen: 0,45 * 0,60 Meter<br \/>\n    - Material: Stoffbasis und hochwertige Stickgarne<br \/>\n    - Ideal f\u00fcr die Herstellung von Gem\u00e4lden, Schmuck und dekorativen Objekten<br \/>\n    - Einfach zu bedienen und zu reinigen<\/p>\n<p>    Erwecken Sie Ihre Kreativit\u00e4t und schaffen Sie einzigartige Kunstwerke mit der Gobelin-Stickerei 0,45 * 0,60. Lassen Sie Ihrer Fantasie freien Lauf und schaffen Sie Werke, die sich von anderen abheben. Holen Sie sich die Stickplatte, die Sie bei jedem kreativen Ausdruck begleiten wird.\u201d<br \/>\n}<\/p>","protected":false},"excerpt":{"rendered":"<p>{<\/p>","protected":false},"featured_media":36052,"template":"","meta":[],"product_brand":[],"product_cat":[153],"product_tag":[],"class_list":{"0":"post-36051","1":"product","2":"type-product","3":"status-publish","4":"has-post-thumbnail","6":"product_cat-gobelin-kentimata","8":"first","9":"instock","10":"taxable","11":"shipping-taxable","12":"purchasable","13":"product-type-simple"},"_links":{"self":[{"href":"https:\/\/neoergoxeiro.gr\/de\/wp-json\/wp\/v2\/product\/36051","targetHints":{"allow":["GET"]}}],"collection":[{"href":"https:\/\/neoergoxeiro.gr\/de\/wp-json\/wp\/v2\/product"}],"about":[{"href":"https:\/\/neoergoxeiro.gr\/de\/wp-json\/wp\/v2\/types\/product"}],"version-history":[{"count":50,"href":"https:\/\/neoergoxeiro.gr\/de\/wp-json\/wp\/v2\/product\/36051\/revisions"}],"predecessor-version":[{"id":60335,"href":"https:\/\/neoergoxeiro.gr\/de\/wp-json\/wp\/v2\/product\/36051\/revisions\/60335"}],"wp:featuredmedia":[{"embeddable":true,"href":"https:\/\/neoergoxeiro.gr\/de\/wp-json\/wp\/v2\/media\/36052"}],"wp:attachment":[{"href":"https:\/\/neoergoxeiro.gr\/de\/wp-json\/wp\/v2\/media?parent=36051"}],"wp:term":[{"taxonomy":"product_brand","embeddable":true,"href":"https:\/\/neoergoxeiro.gr\/de\/wp-json\/wp\/v2\/product_brand?post=36051"},{"taxonomy":"product_cat","embeddable":true,"href":"https:\/\/neoergoxeiro.gr\/de\/wp-json\/wp\/v2\/product_cat?post=36051"},{"taxonomy":"product_tag","embeddable":true,"href":"https:\/\/neoergoxeiro.gr\/de\/wp-json\/wp\/v2\/product_tag?post=36051"}],"curies":[{"name":"wp","href":"https:\/\/api.w.org\/{rel}","templated":true}]}}