{"id":37031,"date":"2023-09-23T14:19:53","date_gmt":"2023-09-23T14:19:53","guid":{"rendered":"https:\/\/neoergoxeiro.gr\/?product=%ce%ba%ce%bb%cf%8e%cf%83%cf%84%ce%ae-yarnart-marshmallow-13"},"modified":"2025-11-22T13:47:46","modified_gmt":"2025-11-22T11:47:46","slug":"klosti-yarnart-marshmallow-13","status":"publish","type":"product","link":"https:\/\/neoergoxeiro.gr\/de\/produkt\/klosti-yarnart-marshmallow-13\/","title":{"rendered":"Marshmallow - Hellviolett"},"content":{"rendered":"<p>Die <strong data-start=\"148\" data-end=\"175\">Marshmallow von YarnArt<\/strong> ist ein gl\u00e4nzendes, luxuri\u00f6ses Garn f\u00fcr Kreationen mit Stil und Raffinesse. \u2728<br data-start=\"248\" data-end=\"251\" \/>Es bietet Langlebigkeit, Benutzerfreundlichkeit und Top-Qualit\u00e4t - ideal f\u00fcr alle, die Stricken und gehobenes handgemachtes Design lieben \ud83e\uddf5.<\/p>\n<p data-start=\"347\" data-end=\"366\"><strong data-start=\"347\" data-end=\"366\">Merkmale:<\/strong><\/p>\n<ul data-start=\"367\" data-end=\"631\">\n<li data-start=\"367\" data-end=\"431\">\n<p data-start=\"369\" data-end=\"431\">\u2714\ufe0f Baumwolle, weiche, luxuri\u00f6se Textur mit erstklassigem Griff<\/p>\n<\/li>\n<li data-start=\"432\" data-end=\"456\">\n<p data-start=\"434\" data-end=\"456\">\u2714\ufe0f Gewicht: <strong data-start=\"444\" data-end=\"454\">750gr<\/strong><\/p>\n<\/li>\n<li data-start=\"457\" data-end=\"478\">\n<p data-start=\"459\" data-end=\"478\">\u2714\ufe0f L\u00e4nge: <strong data-start=\"469\" data-end=\"476\">32m<\/strong><\/p>\n<\/li>\n<li data-start=\"479\" data-end=\"542\">\n<p data-start=\"481\" data-end=\"542\">\u2714\ufe0f Reichhaltige Dicke und Dichte f\u00fcr beeindruckende, aussagekr\u00e4ftige Ergebnisse<\/p>\n<\/li>\n<li data-start=\"543\" data-end=\"588\">\n<p data-start=\"545\" data-end=\"588\">\u2714\ufe0f Hohe Festigkeit und ausgezeichnete Elastizit\u00e4t<\/p>\n<\/li>\n<li data-start=\"589\" data-end=\"631\">\n<p data-start=\"591\" data-end=\"631\">\u2714\ufe0f Ideal f\u00fcr Anf\u00e4nger und Fortgeschrittene<\/p>\n<\/li>\n<\/ul>\n<p data-start=\"633\" data-end=\"649\"><strong data-start=\"633\" data-end=\"649\">Ideal f\u00fcr:<\/strong><\/p>\n<ul data-start=\"650\" data-end=\"823\">\n<li data-start=\"650\" data-end=\"683\">\n<p data-start=\"652\" data-end=\"683\">\ud83d\udc5c Gestrickte Taschen und Handtaschen<\/p>\n<\/li>\n<li data-start=\"650\" data-end=\"683\">\n<p data-start=\"652\" data-end=\"683\">\ud83d\udc3e Betten und kuschelige Nester f\u00fcr Haustiere<\/p>\n<\/li>\n<li data-start=\"727\" data-end=\"766\">\ud83e\uddf5 Projekte f\u00fcr Wohnkultur<\/li>\n<li data-start=\"794\" data-end=\"823\">\n<p data-start=\"796\" data-end=\"823\">\ud83c\udf81 Hochwertige handgefertigte Geschenke<\/p>\n<\/li>\n<\/ul>\n<p data-start=\"825\" data-end=\"958\">Der Marshmallow von YarnArt vereint Langlebigkeit, Benutzerfreundlichkeit und hervorragende Qualit\u00e4t - ideal f\u00fcr alle, die handgefertigte Kreationen lieben und vor allem <strong data-start=\"963\" data-end=\"982\">selbstgemachte Tasche<\/strong>.<\/p>","protected":false},"excerpt":{"rendered":"<p><strong data-start=\"58\" data-end=\"101\">Marshmallow von YarnArt (750gr, 32m)<\/strong> ist ein luxuri\u00f6ses, flauschiges Garn mit einer beeindruckenden Dicke, ideal f\u00fcr Taschen, K\u00f6rbe, Haustierbetten und gem\u00fctliche Dekorationsprojekte. \u2728<\/p>","protected":false},"featured_media":37032,"template":"","meta":[],"product_brand":[],"product_cat":[114],"product_tag":[172],"class_list":{"0":"post-37031","1":"product","2":"type-product","3":"status-publish","4":"has-post-thumbnail","6":"product_cat-yarnart-marshmallow","7":"product_tag-marshmallow","9":"first","10":"outofstock","11":"taxable","12":"shipping-taxable","13":"purchasable","14":"product-type-simple"},"_links":{"self":[{"href":"https:\/\/neoergoxeiro.gr\/de\/wp-json\/wp\/v2\/product\/37031","targetHints":{"allow":["GET"]}}],"collection":[{"href":"https:\/\/neoergoxeiro.gr\/de\/wp-json\/wp\/v2\/product"}],"about":[{"href":"https:\/\/neoergoxeiro.gr\/de\/wp-json\/wp\/v2\/types\/product"}],"version-history":[{"count":3,"href":"https:\/\/neoergoxeiro.gr\/de\/wp-json\/wp\/v2\/product\/37031\/revisions"}],"predecessor-version":[{"id":72948,"href":"https:\/\/neoergoxeiro.gr\/de\/wp-json\/wp\/v2\/product\/37031\/revisions\/72948"}],"wp:featuredmedia":[{"embeddable":true,"href":"https:\/\/neoergoxeiro.gr\/de\/wp-json\/wp\/v2\/media\/37032"}],"wp:attachment":[{"href":"https:\/\/neoergoxeiro.gr\/de\/wp-json\/wp\/v2\/media?parent=37031"}],"wp:term":[{"taxonomy":"product_brand","embeddable":true,"href":"https:\/\/neoergoxeiro.gr\/de\/wp-json\/wp\/v2\/product_brand?post=37031"},{"taxonomy":"product_cat","embeddable":true,"href":"https:\/\/neoergoxeiro.gr\/de\/wp-json\/wp\/v2\/product_cat?post=37031"},{"taxonomy":"product_tag","embeddable":true,"href":"https:\/\/neoergoxeiro.gr\/de\/wp-json\/wp\/v2\/product_tag?post=37031"}],"curies":[{"name":"wp","href":"https:\/\/api.w.org\/{rel}","templated":true}]}}