{"id":38968,"date":"2023-10-13T09:14:16","date_gmt":"2023-10-13T09:14:16","guid":{"rendered":"https:\/\/neoergoxeiro.gr\/?product=%ce%b4%ce%b9%ce%ac%cf%83%ce%b7%ce%bc%ce%bf-%ce%ad%cf%81%ce%b3%ce%bf-6"},"modified":"2025-11-11T10:18:13","modified_gmt":"2025-11-11T08:18:13","slug":"%ce%b4%ce%b9%ce%ac%cf%83%ce%b7%ce%bc%ce%bf-%ce%ad%cf%81%ce%b3%ce%bf-6","status":"publish","type":"product","link":"https:\/\/neoergoxeiro.gr\/de\/produkt\/%ce%b4%ce%b9%ce%ac%cf%83%ce%b7%ce%bc%ce%bf-%ce%ad%cf%81%ce%b3%ce%bf-6\/","title":{"rendered":"Seg De Paris \u201cDzhokonda (Leonardo De Vinci)\u201d 0,45 * 0,60"},"content":{"rendered":"<p>Seg De Paris \u2018Dzhokonda (Leonardo De Vinci)\u2019 0,45 * 0,60 ist eine Platte, die Sie mit dreif\u00e4diger Mouline Dmc oder Cotton Perle Dmc sticken k\u00f6nnen. F\u00fcr die Stickerei k\u00f6nnen Sie zwischen Kreuzstich und Goblin w\u00e4hlen. In der Stick- und Waschanleitung finden Sie Hinweise, wie Sie Ihre Arbeit unver\u00e4ndert lassen k\u00f6nnen. Beginnen Sie mit dem Entfernen von Farbstoffspuren mit kaltem Wasser und trocknen Sie sie richtig, um die Fadenfarben zu erhalten. Der \u2018Joconda\u2019-Tisch bietet ein einzigartiges Stickerlebnis und ist eine gro\u00dfartige Erg\u00e4nzung f\u00fcr Ihre Sammlung. Genie\u00dfen Sie die Zeit, in der Sie ein Meisterwerk schaffen, das Generationen \u00fcberdauern wird. Kategorie.<\/p>","protected":false},"excerpt":{"rendered":"<p>Sticktafel \u2018Dzhokonda (Leonardo De Vinci)\u2019 0,45 * 0,60. Sticken Sie es mit Farbe und Garn Mouline Dmc oder Cotton Perle Dmc. Anweisungen zum Waschen und zur Farbfixierung. Kategorie.<\/p>","protected":false},"featured_media":38969,"template":"","meta":[],"product_brand":[],"product_cat":[171],"product_tag":[],"class_list":{"0":"post-38968","1":"product","2":"type-product","3":"status-publish","4":"has-post-thumbnail","6":"product_cat-seg-de-paris-margot","8":"first","9":"instock","10":"taxable","11":"shipping-taxable","12":"purchasable","13":"product-type-variable"},"_links":{"self":[{"href":"https:\/\/neoergoxeiro.gr\/de\/wp-json\/wp\/v2\/product\/38968","targetHints":{"allow":["GET"]}}],"collection":[{"href":"https:\/\/neoergoxeiro.gr\/de\/wp-json\/wp\/v2\/product"}],"about":[{"href":"https:\/\/neoergoxeiro.gr\/de\/wp-json\/wp\/v2\/types\/product"}],"version-history":[{"count":2,"href":"https:\/\/neoergoxeiro.gr\/de\/wp-json\/wp\/v2\/product\/38968\/revisions"}],"predecessor-version":[{"id":60055,"href":"https:\/\/neoergoxeiro.gr\/de\/wp-json\/wp\/v2\/product\/38968\/revisions\/60055"}],"wp:featuredmedia":[{"embeddable":true,"href":"https:\/\/neoergoxeiro.gr\/de\/wp-json\/wp\/v2\/media\/38969"}],"wp:attachment":[{"href":"https:\/\/neoergoxeiro.gr\/de\/wp-json\/wp\/v2\/media?parent=38968"}],"wp:term":[{"taxonomy":"product_brand","embeddable":true,"href":"https:\/\/neoergoxeiro.gr\/de\/wp-json\/wp\/v2\/product_brand?post=38968"},{"taxonomy":"product_cat","embeddable":true,"href":"https:\/\/neoergoxeiro.gr\/de\/wp-json\/wp\/v2\/product_cat?post=38968"},{"taxonomy":"product_tag","embeddable":true,"href":"https:\/\/neoergoxeiro.gr\/de\/wp-json\/wp\/v2\/product_tag?post=38968"}],"curies":[{"name":"wp","href":"https:\/\/api.w.org\/{rel}","templated":true}]}}