{"id":38970,"date":"2023-10-13T09:15:04","date_gmt":"2023-10-13T09:15:04","guid":{"rendered":"https:\/\/neoergoxeiro.gr\/?product=%ce%b4%ce%b9%ce%ac%cf%83%ce%b7%ce%bc%ce%bf-%ce%ad%cf%81%ce%b3%ce%bf-7"},"modified":"2025-11-11T10:18:13","modified_gmt":"2025-11-11T08:18:13","slug":"%ce%b4%ce%b9%ce%ac%cf%83%ce%b7%ce%bc%ce%bf-%ce%ad%cf%81%ce%b3%ce%bf-7","status":"publish","type":"product","link":"https:\/\/neoergoxeiro.gr\/de\/produkt\/%ce%b4%ce%b9%ce%ac%cf%83%ce%b7%ce%bc%ce%bf-%ce%ad%cf%81%ce%b3%ce%bf-7\/","title":{"rendered":"Seg De Paris \u201cDer Garten (Monet)\u201d 0,75 * 0,90"},"content":{"rendered":"<p>Erfrischen Sie Ihren Raum mit der Stickereiplatte \u2018Der Garten (Monet)\u2019 in den Ma\u00dfen 0,75 x 0,90. Das Gem\u00e4lde ist auf khakifarbenem N8- oder N7-Gewebe gestickt und l\u00e4sst sich leicht mit Mouline Dmc oder Cotton Perle Dmc Dreifadenstickerei besticken. W\u00e4hlen Sie zwischen Kreuzstich und Goblin f\u00fcr den Stil, der zu Ihnen passt. Befolgen Sie die Stick- und Waschanleitung, damit Ihr Werk unver\u00e4ndert bleibt. Versch\u00f6nern Sie Ihr Zuhause mit diesem einzigartigen Stickereiprojekt und genie\u00dfen Sie den kreativen Prozess des N\u00e4hens.<\/p>","protected":false},"excerpt":{"rendered":"<p>Stickbild \u2018Der Garten (Monet)\u2019 auf khakifarbenem N8- oder N7-Leinwand, ideal zum N\u00e4hen mit dreif\u00e4digem Mouline Dmc oder Cotton Perle Dmc. Sticken Sie es mit Kreuzstich oder Goblin. Waschanleitung und Farbwaschmittel.<\/p>","protected":false},"featured_media":38971,"template":"","meta":[],"product_brand":[],"product_cat":[171],"product_tag":[],"class_list":{"0":"post-38970","1":"product","2":"type-product","3":"status-publish","4":"has-post-thumbnail","6":"product_cat-seg-de-paris-margot","8":"first","9":"instock","10":"taxable","11":"shipping-taxable","12":"purchasable","13":"product-type-variable"},"_links":{"self":[{"href":"https:\/\/neoergoxeiro.gr\/de\/wp-json\/wp\/v2\/product\/38970","targetHints":{"allow":["GET"]}}],"collection":[{"href":"https:\/\/neoergoxeiro.gr\/de\/wp-json\/wp\/v2\/product"}],"about":[{"href":"https:\/\/neoergoxeiro.gr\/de\/wp-json\/wp\/v2\/types\/product"}],"version-history":[{"count":2,"href":"https:\/\/neoergoxeiro.gr\/de\/wp-json\/wp\/v2\/product\/38970\/revisions"}],"predecessor-version":[{"id":60048,"href":"https:\/\/neoergoxeiro.gr\/de\/wp-json\/wp\/v2\/product\/38970\/revisions\/60048"}],"wp:featuredmedia":[{"embeddable":true,"href":"https:\/\/neoergoxeiro.gr\/de\/wp-json\/wp\/v2\/media\/38971"}],"wp:attachment":[{"href":"https:\/\/neoergoxeiro.gr\/de\/wp-json\/wp\/v2\/media?parent=38970"}],"wp:term":[{"taxonomy":"product_brand","embeddable":true,"href":"https:\/\/neoergoxeiro.gr\/de\/wp-json\/wp\/v2\/product_brand?post=38970"},{"taxonomy":"product_cat","embeddable":true,"href":"https:\/\/neoergoxeiro.gr\/de\/wp-json\/wp\/v2\/product_cat?post=38970"},{"taxonomy":"product_tag","embeddable":true,"href":"https:\/\/neoergoxeiro.gr\/de\/wp-json\/wp\/v2\/product_tag?post=38970"}],"curies":[{"name":"wp","href":"https:\/\/api.w.org\/{rel}","templated":true}]}}