{"id":38972,"date":"2023-10-13T09:15:45","date_gmt":"2023-10-13T09:15:45","guid":{"rendered":"https:\/\/neoergoxeiro.gr\/?product=%ce%b4%ce%b9%ce%ac%cf%83%ce%b7%ce%bc%ce%bf-%ce%ad%cf%81%ce%b3%ce%bf-8"},"modified":"2025-11-11T10:18:13","modified_gmt":"2025-11-11T08:18:13","slug":"%ce%b4%ce%b9%ce%ac%cf%83%ce%b7%ce%bc%ce%bf-%ce%ad%cf%81%ce%b3%ce%bf-8","status":"publish","type":"product","link":"https:\/\/neoergoxeiro.gr\/de\/produkt\/%ce%b4%ce%b9%ce%ac%cf%83%ce%b7%ce%bc%ce%bf-%ce%ad%cf%81%ce%b3%ce%bf-8\/","title":{"rendered":"Seg De Paris \u201cDie Zeitalter der Frauen (Klimt)\u201d 0,45 * 0,60"},"content":{"rendered":"<p>Seg De Paris \u2018The Ages of Woman (klimt)\u2019 ist ein Stickmuster auf khakifarbenem N8- oder N7-Gewebe, das sich ideal zum Sticken mit den Farben Mouline Dmc oder Cotton Perle Dmc eignet. Es kann entweder mit Kreuzstich oder mit Goblin gestickt werden, was Ihrer Kreativit\u00e4t freien Lauf l\u00e4sst. Die Details des Designs sind von Klimts Werken inspiriert und verleihen jedem gestickten St\u00fcck einen Hauch von Kunst. Befolgen Sie nach dem Sticken die Anweisungen, wie Sie Ihre Stickerei am besten waschen, um die Farben und die Qualit\u00e4t Ihrer Handarbeit zu erhalten. Entdecken Sie die Freude am Sticken mit Seg De Paris \u2018The Ages of Woman (klimt)\u2019 und schaffen Sie ein einzigartiges Kunstwerk, das Sie inspirieren und Ihnen endlose Stunden der Kreativit\u00e4t bescheren wird.<\/p>","protected":false},"excerpt":{"rendered":"<p>Gesticktes Bild \u2018Die Zeitalter der Frau (Klimt)\u2019 auf Leinwand khaki N8 oder N7. Erstellen Sie Ihr eigenes Kunstwerk mit Mouline Dmc oder Cotton Perle Dmc Farbstoffen. Geeignet f\u00fcr Kreuzstich oder Goblen. Stick- und Waschanleitung enthalten.<\/p>","protected":false},"featured_media":38973,"template":"","meta":[],"product_brand":[],"product_cat":[171],"product_tag":[],"class_list":{"0":"post-38972","1":"product","2":"type-product","3":"status-publish","4":"has-post-thumbnail","6":"product_cat-seg-de-paris-margot","8":"first","9":"instock","10":"taxable","11":"shipping-taxable","12":"purchasable","13":"product-type-variable"},"_links":{"self":[{"href":"https:\/\/neoergoxeiro.gr\/de\/wp-json\/wp\/v2\/product\/38972","targetHints":{"allow":["GET"]}}],"collection":[{"href":"https:\/\/neoergoxeiro.gr\/de\/wp-json\/wp\/v2\/product"}],"about":[{"href":"https:\/\/neoergoxeiro.gr\/de\/wp-json\/wp\/v2\/types\/product"}],"version-history":[{"count":2,"href":"https:\/\/neoergoxeiro.gr\/de\/wp-json\/wp\/v2\/product\/38972\/revisions"}],"predecessor-version":[{"id":60078,"href":"https:\/\/neoergoxeiro.gr\/de\/wp-json\/wp\/v2\/product\/38972\/revisions\/60078"}],"wp:featuredmedia":[{"embeddable":true,"href":"https:\/\/neoergoxeiro.gr\/de\/wp-json\/wp\/v2\/media\/38973"}],"wp:attachment":[{"href":"https:\/\/neoergoxeiro.gr\/de\/wp-json\/wp\/v2\/media?parent=38972"}],"wp:term":[{"taxonomy":"product_brand","embeddable":true,"href":"https:\/\/neoergoxeiro.gr\/de\/wp-json\/wp\/v2\/product_brand?post=38972"},{"taxonomy":"product_cat","embeddable":true,"href":"https:\/\/neoergoxeiro.gr\/de\/wp-json\/wp\/v2\/product_cat?post=38972"},{"taxonomy":"product_tag","embeddable":true,"href":"https:\/\/neoergoxeiro.gr\/de\/wp-json\/wp\/v2\/product_tag?post=38972"}],"curies":[{"name":"wp","href":"https:\/\/api.w.org\/{rel}","templated":true}]}}