{"id":38976,"date":"2023-10-13T09:17:39","date_gmt":"2023-10-13T09:17:39","guid":{"rendered":"https:\/\/neoergoxeiro.gr\/?product=%ce%b4%ce%b9%ce%ac%cf%83%ce%b7%ce%bc%ce%bf-%ce%ad%cf%81%ce%b3%ce%bf-10"},"modified":"2025-11-11T10:18:13","modified_gmt":"2025-11-11T08:18:13","slug":"%ce%b4%ce%b9%ce%ac%cf%83%ce%b7%ce%bc%ce%bf-%ce%ad%cf%81%ce%b3%ce%bf-10","status":"publish","type":"product","link":"https:\/\/neoergoxeiro.gr\/de\/produkt\/%ce%b4%ce%b9%ce%ac%cf%83%ce%b7%ce%bc%ce%bf-%ce%ad%cf%81%ce%b3%ce%bf-10\/","title":{"rendered":"Seg De Paris \u201cPaul Gachet (Van Gogh)\u201d 0,60 * 0,80"},"content":{"rendered":"<p>Seg De Paris \u2018Paul Gachet (Van Gogh)\u2019 ist ein hochwertiges Stickereigem\u00e4lde, das auf khakifarbenem N8- oder N7-Leinwand aufgezogen ist. Es handelt sich um eine einzigartige k\u00fcnstlerische Darstellung, die mit dem Dreifachgarn Mouline Dmc art 117 oder Cotton Perle Dmc art 115 gestickt werden kann. W\u00e4hlen Sie zwischen Kreuzstich oder Goblin f\u00fcr Ihre Stickerei. Die angegebenen Garnmengen sind f\u00fcr diese Technik berechnet. Beachten Sie die Waschanleitung, damit Ihre Stickerei frisch und gl\u00e4nzend bleibt. Entdecken Sie mit \u2018Paul Gachet (Van Gogh)\u2019 eine Welt der Kreativit\u00e4t und erwecken Sie Ihre H\u00e4nde zum Leben. Perfekt f\u00fcr Handarbeits- und DIY-Liebhaber.<\/p>","protected":false},"excerpt":{"rendered":"<p>Stickerei \u2018Paul Gachet (Van Gogh)\u2019 auf khakifarbener Leinwand, mit einer Auswahl an Garnen und Sticktechniken. Ideal f\u00fcr kreative Bastelarbeiten und Geschenke.<\/p>","protected":false},"featured_media":38977,"template":"","meta":[],"product_brand":[],"product_cat":[171],"product_tag":[],"class_list":{"0":"post-38976","1":"product","2":"type-product","3":"status-publish","4":"has-post-thumbnail","6":"product_cat-seg-de-paris-margot","8":"first","9":"instock","10":"taxable","11":"shipping-taxable","12":"purchasable","13":"product-type-variable"},"_links":{"self":[{"href":"https:\/\/neoergoxeiro.gr\/de\/wp-json\/wp\/v2\/product\/38976","targetHints":{"allow":["GET"]}}],"collection":[{"href":"https:\/\/neoergoxeiro.gr\/de\/wp-json\/wp\/v2\/product"}],"about":[{"href":"https:\/\/neoergoxeiro.gr\/de\/wp-json\/wp\/v2\/types\/product"}],"version-history":[{"count":2,"href":"https:\/\/neoergoxeiro.gr\/de\/wp-json\/wp\/v2\/product\/38976\/revisions"}],"predecessor-version":[{"id":60045,"href":"https:\/\/neoergoxeiro.gr\/de\/wp-json\/wp\/v2\/product\/38976\/revisions\/60045"}],"wp:featuredmedia":[{"embeddable":true,"href":"https:\/\/neoergoxeiro.gr\/de\/wp-json\/wp\/v2\/media\/38977"}],"wp:attachment":[{"href":"https:\/\/neoergoxeiro.gr\/de\/wp-json\/wp\/v2\/media?parent=38976"}],"wp:term":[{"taxonomy":"product_brand","embeddable":true,"href":"https:\/\/neoergoxeiro.gr\/de\/wp-json\/wp\/v2\/product_brand?post=38976"},{"taxonomy":"product_cat","embeddable":true,"href":"https:\/\/neoergoxeiro.gr\/de\/wp-json\/wp\/v2\/product_cat?post=38976"},{"taxonomy":"product_tag","embeddable":true,"href":"https:\/\/neoergoxeiro.gr\/de\/wp-json\/wp\/v2\/product_tag?post=38976"}],"curies":[{"name":"wp","href":"https:\/\/api.w.org\/{rel}","templated":true}]}}