{"id":39000,"date":"2023-10-13T09:25:43","date_gmt":"2023-10-13T09:25:43","guid":{"rendered":"https:\/\/neoergoxeiro.gr\/?product=%ce%b4%ce%b9%ce%ac%cf%83%ce%b7%ce%bc%ce%bf-%ce%ad%cf%81%ce%b3%ce%bf-22"},"modified":"2025-11-11T10:18:13","modified_gmt":"2025-11-11T08:18:13","slug":"%ce%b4%ce%b9%ce%ac%cf%83%ce%b7%ce%bc%ce%bf-%ce%ad%cf%81%ce%b3%ce%bf-22","status":"publish","type":"product","link":"https:\/\/neoergoxeiro.gr\/de\/produkt\/%ce%b4%ce%b9%ce%ac%cf%83%ce%b7%ce%bc%ce%bf-%ce%ad%cf%81%ce%b3%ce%bf-22\/","title":{"rendered":"Seg De Paris \u201cDer Kuss (Klimt)\u201d 0,45 * 0,60"},"content":{"rendered":"<p>Seg De Paris \u201cDer Kuss (Klimt)\u201d 0,45 * 0,60 ist ein atemberaubendes Stickereibrett, das Ihrem Raum Leben einhaucht. Dieses Gem\u00e4lde wurde auf khakifarbenem N8- oder N7-Gewebe gemalt und ist bereit, mit drei F\u00e4den Mouline Dmc art 117 oder Cotton Perle Dmc art 115 bestickt zu werden. Sie k\u00f6nnen zwischen Kreuzstich oder Goblin f\u00fcr Ihre Stickerei w\u00e4hlen. Das Paket enth\u00e4lt die erforderlichen F\u00e4den sowie eine ausf\u00fchrliche Stick- und Waschanleitung. Sobald Sie Ihre Stickerei fertiggestellt haben, folgen Sie den Anweisungen zum Waschen und Konservieren. Erfrischen Sie Ihren Raum mit dieser sch\u00f6nen Stickplatte \u2018Der Kuss (Klimt)\u2019!<\/p>","protected":false},"excerpt":{"rendered":"<p>Stickereibild \u2018Der Kuss (Klimt)\u2019 auf Leinwand khaki N8 oder N7, ideal f\u00fcr dreif\u00e4dige Stickerei oder Cotton Perle. Inklusive Garn und Waschanleitung. Sticken Sie mit Stil!<\/p>","protected":false},"featured_media":39001,"template":"","meta":[],"product_brand":[],"product_cat":[171],"product_tag":[],"class_list":{"0":"post-39000","1":"product","2":"type-product","3":"status-publish","4":"has-post-thumbnail","6":"product_cat-seg-de-paris-margot","8":"first","9":"instock","10":"taxable","11":"shipping-taxable","12":"purchasable","13":"product-type-variable"},"_links":{"self":[{"href":"https:\/\/neoergoxeiro.gr\/de\/wp-json\/wp\/v2\/product\/39000","targetHints":{"allow":["GET"]}}],"collection":[{"href":"https:\/\/neoergoxeiro.gr\/de\/wp-json\/wp\/v2\/product"}],"about":[{"href":"https:\/\/neoergoxeiro.gr\/de\/wp-json\/wp\/v2\/types\/product"}],"version-history":[{"count":2,"href":"https:\/\/neoergoxeiro.gr\/de\/wp-json\/wp\/v2\/product\/39000\/revisions"}],"predecessor-version":[{"id":60060,"href":"https:\/\/neoergoxeiro.gr\/de\/wp-json\/wp\/v2\/product\/39000\/revisions\/60060"}],"wp:featuredmedia":[{"embeddable":true,"href":"https:\/\/neoergoxeiro.gr\/de\/wp-json\/wp\/v2\/media\/39001"}],"wp:attachment":[{"href":"https:\/\/neoergoxeiro.gr\/de\/wp-json\/wp\/v2\/media?parent=39000"}],"wp:term":[{"taxonomy":"product_brand","embeddable":true,"href":"https:\/\/neoergoxeiro.gr\/de\/wp-json\/wp\/v2\/product_brand?post=39000"},{"taxonomy":"product_cat","embeddable":true,"href":"https:\/\/neoergoxeiro.gr\/de\/wp-json\/wp\/v2\/product_cat?post=39000"},{"taxonomy":"product_tag","embeddable":true,"href":"https:\/\/neoergoxeiro.gr\/de\/wp-json\/wp\/v2\/product_tag?post=39000"}],"curies":[{"name":"wp","href":"https:\/\/api.w.org\/{rel}","templated":true}]}}