{"id":39006,"date":"2023-10-13T09:27:48","date_gmt":"2023-10-13T09:27:48","guid":{"rendered":"https:\/\/neoergoxeiro.gr\/?product=%ce%b4%ce%b9%ce%ac%cf%83%ce%b7%ce%bc%ce%bf-%ce%ad%cf%81%ce%b3%ce%bf-25"},"modified":"2025-11-11T10:18:13","modified_gmt":"2025-11-11T08:18:13","slug":"%ce%b4%ce%b9%ce%ac%cf%83%ce%b7%ce%bc%ce%bf-%ce%ad%cf%81%ce%b3%ce%bf-25","status":"publish","type":"product","link":"https:\/\/neoergoxeiro.gr\/de\/produkt\/%ce%b4%ce%b9%ce%ac%cf%83%ce%b7%ce%bc%ce%bf-%ce%ad%cf%81%ce%b3%ce%bf-25\/","title":{"rendered":"Seg De Paris \u201cDie Vase (Brueghel)\u201d 0,75 * 0,90"},"content":{"rendered":"<p>Erwecken Sie \u2018Die Vase (Brueghel)\u2019 mit diesem gestickten khakifarbenen Gem\u00e4lde auf Leinwand zu neuem Leben - perfekt f\u00fcr Kunst- und Handwerksliebhaber. Die Qualit\u00e4t des Materials garantiert eine einfache und angenehme Stickerei. W\u00e4hlen Sie zwischen dreif\u00e4diger Mouline Dmc art 117 oder Cotton Perle Dmc art 115 (Machicolation) und Kreuzstich- oder Goblen-Stickerei. Befolgen Sie die Waschanleitung, damit Ihr Werk unver\u00e4ndert bleibt. Lassen Sie sich inspirieren und schaffen Sie ein einzigartiges Kunstwerk, das Sie beeindrucken wird.<\/p>","protected":false},"excerpt":{"rendered":"<p>Stickereibild \u2018Die Vase (Brueghel)\u2019 auf khakifarbener Leinwand, mit dynamischem Design und einfachem Stickverfahren. Gestickt mit einer Auswahl von dreifachem Garn oder Cotton Perle Dmc art 115 und auf Kreuzstich oder Goblen. Waschen Sie Ihr gesticktes Projekt in kaltem Wasser, um die Farben und Texturen intakt zu halten.<\/p>","protected":false},"featured_media":39007,"template":"","meta":[],"product_brand":[],"product_cat":[171],"product_tag":[],"class_list":{"0":"post-39006","1":"product","2":"type-product","3":"status-publish","4":"has-post-thumbnail","6":"product_cat-seg-de-paris-margot","8":"first","9":"instock","10":"taxable","11":"shipping-taxable","12":"purchasable","13":"product-type-variable"},"_links":{"self":[{"href":"https:\/\/neoergoxeiro.gr\/de\/wp-json\/wp\/v2\/product\/39006","targetHints":{"allow":["GET"]}}],"collection":[{"href":"https:\/\/neoergoxeiro.gr\/de\/wp-json\/wp\/v2\/product"}],"about":[{"href":"https:\/\/neoergoxeiro.gr\/de\/wp-json\/wp\/v2\/types\/product"}],"version-history":[{"count":2,"href":"https:\/\/neoergoxeiro.gr\/de\/wp-json\/wp\/v2\/product\/39006\/revisions"}],"predecessor-version":[{"id":60047,"href":"https:\/\/neoergoxeiro.gr\/de\/wp-json\/wp\/v2\/product\/39006\/revisions\/60047"}],"wp:featuredmedia":[{"embeddable":true,"href":"https:\/\/neoergoxeiro.gr\/de\/wp-json\/wp\/v2\/media\/39007"}],"wp:attachment":[{"href":"https:\/\/neoergoxeiro.gr\/de\/wp-json\/wp\/v2\/media?parent=39006"}],"wp:term":[{"taxonomy":"product_brand","embeddable":true,"href":"https:\/\/neoergoxeiro.gr\/de\/wp-json\/wp\/v2\/product_brand?post=39006"},{"taxonomy":"product_cat","embeddable":true,"href":"https:\/\/neoergoxeiro.gr\/de\/wp-json\/wp\/v2\/product_cat?post=39006"},{"taxonomy":"product_tag","embeddable":true,"href":"https:\/\/neoergoxeiro.gr\/de\/wp-json\/wp\/v2\/product_tag?post=39006"}],"curies":[{"name":"wp","href":"https:\/\/api.w.org\/{rel}","templated":true}]}}