{"id":39008,"date":"2023-10-13T09:40:18","date_gmt":"2023-10-13T09:40:18","guid":{"rendered":"https:\/\/neoergoxeiro.gr\/?product=interkent-3"},"modified":"2025-11-11T10:18:13","modified_gmt":"2025-11-11T08:18:13","slug":"interkent-3","status":"publish","type":"product","link":"https:\/\/neoergoxeiro.gr\/de\/produkt\/interkent-3\/","title":{"rendered":"Stickerei Interkent Leinen gestempelt"},"content":{"rendered":"<p>Die Interkent Leinen-Punktstickerei ist die perfekte Wahl f\u00fcr eindrucksvolle Handstickereien. Das gepunktete Leinen von Interkent ist auf wei\u00dfem oder beigem Baumwollstoff entworfen, mit schwarzer Farbe in den f\u00fcr die Stickerei vorgesehenen Bereichen. Das markante (X) f\u00fchrt die Nadel mit Pr\u00e4zision und Leichtigkeit. Die Stickerei ist fertig zum Aufn\u00e4hen und rundherum dezent azur. Sie k\u00f6nnen dreif\u00e4diges Mouline Dmc art 117 oder Cotton Perle Dmc art 116 f\u00fcr auff\u00e4llige Stickereien verwenden. Die in der Packung enthaltene Garnmenge ist f\u00fcr genaue Ergebnisse berechnet. Zum Sticken und Waschen empfiehlt es sich, den Stoff zun\u00e4chst unter flie\u00dfendem kaltem Wasser zu waschen, um Farbreste zu entfernen und die F\u00e4rbung zu stabilisieren. Gehen Sie dann durch verschiedene dekorative Elemente, die ebenfalls vorher gewaschen werden sollten. Frischen Sie Ihre Stickereien mit der Interkent Leinenstickerei auf und kreieren Sie einzigartige Kleidungsst\u00fccke und Dekorationsartikel.<\/p>","protected":false},"excerpt":{"rendered":"<p>Embroidery Interkent Leinenstich - Erstellen Sie wundersch\u00f6ne Stickereien mit dem Interkent-Stich auf wei\u00dfem Baumwollstoff. Ideal f\u00fcr Stickereien mit Mouline Dmc oder Cotton Perle Dmc, sie sind gebrauchsfertig und waschbar.<\/p>","protected":false},"featured_media":39009,"template":"","meta":[],"product_brand":[],"product_cat":[162],"product_tag":[],"class_list":{"0":"post-39008","1":"product","2":"type-product","3":"status-publish","4":"has-post-thumbnail","6":"product_cat-stampota-ifasma-x","8":"first","9":"instock","10":"taxable","11":"shipping-taxable","12":"purchasable","13":"product-type-variable"},"_links":{"self":[{"href":"https:\/\/neoergoxeiro.gr\/de\/wp-json\/wp\/v2\/product\/39008","targetHints":{"allow":["GET"]}}],"collection":[{"href":"https:\/\/neoergoxeiro.gr\/de\/wp-json\/wp\/v2\/product"}],"about":[{"href":"https:\/\/neoergoxeiro.gr\/de\/wp-json\/wp\/v2\/types\/product"}],"version-history":[{"count":20,"href":"https:\/\/neoergoxeiro.gr\/de\/wp-json\/wp\/v2\/product\/39008\/revisions"}],"predecessor-version":[{"id":58764,"href":"https:\/\/neoergoxeiro.gr\/de\/wp-json\/wp\/v2\/product\/39008\/revisions\/58764"}],"wp:featuredmedia":[{"embeddable":true,"href":"https:\/\/neoergoxeiro.gr\/de\/wp-json\/wp\/v2\/media\/39009"}],"wp:attachment":[{"href":"https:\/\/neoergoxeiro.gr\/de\/wp-json\/wp\/v2\/media?parent=39008"}],"wp:term":[{"taxonomy":"product_brand","embeddable":true,"href":"https:\/\/neoergoxeiro.gr\/de\/wp-json\/wp\/v2\/product_brand?post=39008"},{"taxonomy":"product_cat","embeddable":true,"href":"https:\/\/neoergoxeiro.gr\/de\/wp-json\/wp\/v2\/product_cat?post=39008"},{"taxonomy":"product_tag","embeddable":true,"href":"https:\/\/neoergoxeiro.gr\/de\/wp-json\/wp\/v2\/product_tag?post=39008"}],"curies":[{"name":"wp","href":"https:\/\/api.w.org\/{rel}","templated":true}]}}