{"id":39441,"date":"2023-10-14T06:32:07","date_gmt":"2023-10-14T06:32:07","guid":{"rendered":"https:\/\/neoergoxeiro.gr\/?product=%ce%b4%ce%b9%ce%ac%cf%83%ce%b7%ce%bc%ce%bf-%ce%ad%cf%81%ce%b3%ce%bf-%ce%b1%ce%bd%cf%84-%ce%b1%ce%bd-%ce%b1%ce%bd%cf%84%ce%b9%ce%b3%cf%81%ce%b1%cf%86%ce%ae-%ce%b1%ce%bd%cf%84%ce%b9%ce%b3%cf%81"},"modified":"2025-11-11T10:18:11","modified_gmt":"2025-11-11T08:18:11","slug":"%ce%b4%ce%b9%ce%ac%cf%83%ce%b7%ce%bc%ce%bf-%ce%ad%cf%81%ce%b3%ce%bf-%ce%b1%ce%bd%cf%84-%ce%b1%ce%bd-%ce%b1%ce%bd%cf%84%ce%b9%ce%b3%cf%81%ce%b1%cf%86%ce%ae-%ce%b1%ce%bd%cf%84%ce%b9%ce%b3%cf%81","status":"publish","type":"product","link":"https:\/\/neoergoxeiro.gr\/de\/produkt\/%ce%b4%ce%b9%ce%ac%cf%83%ce%b7%ce%bc%ce%bf-%ce%ad%cf%81%ce%b3%ce%bf-%ce%b1%ce%bd%cf%84-%ce%b1%ce%bd-%ce%b1%ce%bd%cf%84%ce%b9%ce%b3%cf%81%ce%b1%cf%86%ce%ae-%ce%b1%ce%bd%cf%84%ce%b9%ce%b3%cf%81\/","title":{"rendered":"Seg De Paris 0,40 * 0,50"},"content":{"rendered":"<p><strong>Stickerei-Tisch<\/strong><\/p>\n<p>Die Bilder werden je nach Motiv in khakifarbenem N8 oder N7 auf die Leinwand gestempelt, wobei die Farbe das Sticken erleichtert.<\/p>\n<p>Sie k\u00f6nnen es mit Mouline Dmc Art 117 oder mit Cotton Perle Dmc Art 115 (Kabel) besticken.<br \/>\nWir k\u00f6nnen es auch mit Kreuzstich oder Goblen besticken.<br \/>\nDie f\u00fcr das Fadenpaket berechneten Mengen beziehen sich auf den Kreuzstich.<\/p>\n<p>Stickerei - Waschanleitung:<\/p>\n<p>Nach dem Sticken werden wir unsere Handarbeit unter flie\u00dfendem kaltem Wasser waschen, so wie hier:<\/p>\n<ol>\n<li>Zur Entfernung von Farbspuren, die harte Lacke normalerweise hinterlassen (Bordeaux - Dunkelblau - Schwarz)<\/li>\n<li>Um die Farbstoffe der F\u00e4den besser zu stabilisieren. Dann passieren Sie jede Spitze - Borten - Chintz - Chiffon - Chiffon, die auch vor der Vergoldung gewaschen werden sollte.<\/li>\n<\/ol>","protected":false},"excerpt":{"rendered":"<p>Der komplette Fadensatz enth\u00e4lt 20 St\u00fcck Mouline zum Preis von (0,80 pro St\u00fcck).<\/p>\n<p>Bevorzugen Sie die Packung mit allen F\u00e4den, so dass alle Farben aus der gleichen Charge stammen, um Ver\u00e4nderungen aufgrund von F\u00e4rbechargen zu vermeiden.<\/p>","protected":false},"featured_media":39442,"template":"","meta":[],"product_brand":[],"product_cat":[171],"product_tag":[],"class_list":{"0":"post-39441","1":"product","2":"type-product","3":"status-publish","4":"has-post-thumbnail","6":"product_cat-seg-de-paris-margot","8":"first","9":"instock","10":"taxable","11":"shipping-taxable","12":"purchasable","13":"product-type-variable"},"_links":{"self":[{"href":"https:\/\/neoergoxeiro.gr\/de\/wp-json\/wp\/v2\/product\/39441","targetHints":{"allow":["GET"]}}],"collection":[{"href":"https:\/\/neoergoxeiro.gr\/de\/wp-json\/wp\/v2\/product"}],"about":[{"href":"https:\/\/neoergoxeiro.gr\/de\/wp-json\/wp\/v2\/types\/product"}],"version-history":[{"count":1,"href":"https:\/\/neoergoxeiro.gr\/de\/wp-json\/wp\/v2\/product\/39441\/revisions"}],"predecessor-version":[{"id":67233,"href":"https:\/\/neoergoxeiro.gr\/de\/wp-json\/wp\/v2\/product\/39441\/revisions\/67233"}],"wp:featuredmedia":[{"embeddable":true,"href":"https:\/\/neoergoxeiro.gr\/de\/wp-json\/wp\/v2\/media\/39442"}],"wp:attachment":[{"href":"https:\/\/neoergoxeiro.gr\/de\/wp-json\/wp\/v2\/media?parent=39441"}],"wp:term":[{"taxonomy":"product_brand","embeddable":true,"href":"https:\/\/neoergoxeiro.gr\/de\/wp-json\/wp\/v2\/product_brand?post=39441"},{"taxonomy":"product_cat","embeddable":true,"href":"https:\/\/neoergoxeiro.gr\/de\/wp-json\/wp\/v2\/product_cat?post=39441"},{"taxonomy":"product_tag","embeddable":true,"href":"https:\/\/neoergoxeiro.gr\/de\/wp-json\/wp\/v2\/product_tag?post=39441"}],"curies":[{"name":"wp","href":"https:\/\/api.w.org\/{rel}","templated":true}]}}