{"id":40699,"date":"2023-10-18T08:42:27","date_gmt":"2023-10-18T08:42:27","guid":{"rendered":"https:\/\/neoergoxeiro.gr\/?product=%ce%bc%ce%b5%cf%84%cf%81%ce%b7%cf%84%cf%8c-%ce%ba%ce%ad%ce%bd%cf%84%ce%b7%ce%bc%ce%b1-%ce%b1%ce%bd%cf%84%ce%b9%ce%b3%cf%81%ce%b1%cf%86%ce%ae"},"modified":"2025-10-12T14:55:20","modified_gmt":"2025-10-12T12:55:20","slug":"%ce%bc%ce%b5%cf%84%cf%81%ce%b7%cf%84%cf%8c-%ce%ba%ce%ad%ce%bd%cf%84%ce%b7%ce%bc%ce%b1-%ce%b1%ce%bd%cf%84%ce%b9%ce%b3%cf%81%ce%b1%cf%86%ce%ae","status":"publish","type":"product","link":"https:\/\/neoergoxeiro.gr\/de\/produkt\/%ce%bc%ce%b5%cf%84%cf%81%ce%b7%cf%84%cf%8c-%ce%ba%ce%ad%ce%bd%cf%84%ce%b7%ce%bc%ce%b1-%ce%b1%ce%bd%cf%84%ce%b9%ce%b3%cf%81%ce%b1%cf%86%ce%ae\/","title":{"rendered":"Gemessen Stickerei Quadrat Lilien 0,92 * 0,92m"},"content":{"rendered":"<p>Die 0,92 x 0,92 m (0,92 x 0,92 m) gro\u00dfe quadratische Stickerei ist die perfekte Wahl, um einzigartige Stickereien und Dekorationen herzustellen. Mit leuchtenden Farben und detaillierten Mustern verleiht diese Stickerei einen Hauch von Frische und Kreativit\u00e4t f\u00fcr Ihre N\u00e4hkreationen. Sie ist aus hochwertigen Materialien gefertigt, langlebig und einfach zu handhaben. Entdecken Sie endlose Gestaltungsm\u00f6glichkeiten und lassen Sie Ihrer Fantasie freien Lauf. Mit der Cash-Stickerei Quadratische Seerosen wird jede Kreation einzigartig und besonders.<\/p>","protected":false},"excerpt":{"rendered":"<p>Das 0,92 m x 0,92 m gro\u00dfe quadratische Stickereiquadrat ist ideal f\u00fcr kreative N\u00e4hkreationen. Leuchtende Farben und detaillierte Designs, die jeder Kreation einen einzigartigen Stil verleihen.<\/p>","protected":false},"featured_media":40700,"template":"","meta":[],"product_brand":[],"product_cat":[168],"product_tag":[],"class_list":{"0":"post-40699","1":"product","2":"type-product","3":"status-publish","4":"has-post-thumbnail","6":"product_cat-metrita-kit-kentimatos","8":"first","9":"instock","10":"taxable","11":"shipping-taxable","12":"purchasable","13":"product-type-simple"},"_links":{"self":[{"href":"https:\/\/neoergoxeiro.gr\/de\/wp-json\/wp\/v2\/product\/40699","targetHints":{"allow":["GET"]}}],"collection":[{"href":"https:\/\/neoergoxeiro.gr\/de\/wp-json\/wp\/v2\/product"}],"about":[{"href":"https:\/\/neoergoxeiro.gr\/de\/wp-json\/wp\/v2\/types\/product"}],"version-history":[{"count":1,"href":"https:\/\/neoergoxeiro.gr\/de\/wp-json\/wp\/v2\/product\/40699\/revisions"}],"predecessor-version":[{"id":59024,"href":"https:\/\/neoergoxeiro.gr\/de\/wp-json\/wp\/v2\/product\/40699\/revisions\/59024"}],"wp:featuredmedia":[{"embeddable":true,"href":"https:\/\/neoergoxeiro.gr\/de\/wp-json\/wp\/v2\/media\/40700"}],"wp:attachment":[{"href":"https:\/\/neoergoxeiro.gr\/de\/wp-json\/wp\/v2\/media?parent=40699"}],"wp:term":[{"taxonomy":"product_brand","embeddable":true,"href":"https:\/\/neoergoxeiro.gr\/de\/wp-json\/wp\/v2\/product_brand?post=40699"},{"taxonomy":"product_cat","embeddable":true,"href":"https:\/\/neoergoxeiro.gr\/de\/wp-json\/wp\/v2\/product_cat?post=40699"},{"taxonomy":"product_tag","embeddable":true,"href":"https:\/\/neoergoxeiro.gr\/de\/wp-json\/wp\/v2\/product_tag?post=40699"}],"curies":[{"name":"wp","href":"https:\/\/api.w.org\/{rel}","templated":true}]}}