{"id":40728,"date":"2023-10-18T08:58:33","date_gmt":"2023-10-18T08:58:33","guid":{"rendered":"https:\/\/neoergoxeiro.gr\/?product=%ce%bc%ce%b5%cf%84%cf%81%ce%b7%cf%84%cf%8c-%ce%ba%ce%ad%ce%bd%cf%84%ce%b7%ce%bc%ce%b1-%ce%b1%ce%bd%cf%84%ce%b9%ce%b3%cf%81%ce%b1%cf%86%ce%ae-%ce%b1%ce%bd%cf%84%ce%b9%ce%b3%cf%81%ce%b1%cf%86%ce%ae-6"},"modified":"2025-10-12T15:14:46","modified_gmt":"2025-10-12T13:14:46","slug":"%ce%bc%ce%b5%cf%84%cf%81%ce%b7%cf%84%cf%8c-%ce%ba%ce%ad%ce%bd%cf%84%ce%b7%ce%bc%ce%b1-%ce%b1%ce%bd%cf%84%ce%b9%ce%b3%cf%81%ce%b1%cf%86%ce%ae-%ce%b1%ce%bd%cf%84%ce%b9%ce%b3%cf%81%ce%b1%cf%86%ce%ae-6","status":"publish","type":"product","link":"https:\/\/neoergoxeiro.gr\/de\/produkt\/%ce%bc%ce%b5%cf%84%cf%81%ce%b7%cf%84%cf%8c-%ce%ba%ce%ad%ce%bd%cf%84%ce%b7%ce%bc%ce%b1-%ce%b1%ce%bd%cf%84%ce%b9%ce%b3%cf%81%ce%b1%cf%86%ce%ae-%ce%b1%ce%bd%cf%84%ce%b9%ce%b3%cf%81%ce%b1%cf%86%ce%ae-6\/","title":{"rendered":"Z\u00e4hlende Stickerei Kreuz Kreuzstich Lotusbl\u00e4tter 0,50 * 1,62m"},"content":{"rendered":"<p>Die Lotusblatt-Traverse zum N\u00e4hen ist eines unserer beliebtesten Produkte, da sie eine einzigartige M\u00f6glichkeit bietet, einzigartige Stickereien zu kreieren, die beeindrucken werden. Mit einer L\u00e4nge von 1,62 m und einer Breite von 0,50 m ist diese Stickerei aus hochwertigen Materialien gefertigt, um eine lange Haltbarkeit zu gew\u00e4hrleisten. Diese Stickerei ist ideal f\u00fcr die Dekoration von Tischen, Tischt\u00fcchern und anderen Oberfl\u00e4chen und bietet unendlich viele kreative M\u00f6glichkeiten. Erfrischen Sie Ihren Raum mit einzigartigen Designs und Farben, die jeden Gast beeindrucken werden. Holen Sie sich die Lotusblatt-Traverse zum N\u00e4hen noch heute und lassen Sie Ihrer Kreativit\u00e4t freien Lauf!<\/p>","protected":false},"excerpt":{"rendered":"<p>Sticktraverse aus Lotusbl\u00e4ttern zum N\u00e4hen, L\u00e4nge 1,62m und Breite 0,50m. Hergestellt aus hochwertigen Materialien, ideal f\u00fcr kreative Stickereien und Dekorationen. Erfrischen Sie Ihren Raum mit einzigartigen Designs und Farben.<\/p>","protected":false},"featured_media":40729,"template":"","meta":[],"product_brand":[],"product_cat":[168],"product_tag":[],"class_list":{"0":"post-40728","1":"product","2":"type-product","3":"status-publish","4":"has-post-thumbnail","6":"product_cat-metrita-kit-kentimatos","8":"first","9":"instock","10":"taxable","11":"shipping-taxable","12":"purchasable","13":"product-type-simple"},"_links":{"self":[{"href":"https:\/\/neoergoxeiro.gr\/de\/wp-json\/wp\/v2\/product\/40728","targetHints":{"allow":["GET"]}}],"collection":[{"href":"https:\/\/neoergoxeiro.gr\/de\/wp-json\/wp\/v2\/product"}],"about":[{"href":"https:\/\/neoergoxeiro.gr\/de\/wp-json\/wp\/v2\/types\/product"}],"version-history":[{"count":1,"href":"https:\/\/neoergoxeiro.gr\/de\/wp-json\/wp\/v2\/product\/40728\/revisions"}],"predecessor-version":[{"id":59038,"href":"https:\/\/neoergoxeiro.gr\/de\/wp-json\/wp\/v2\/product\/40728\/revisions\/59038"}],"wp:featuredmedia":[{"embeddable":true,"href":"https:\/\/neoergoxeiro.gr\/de\/wp-json\/wp\/v2\/media\/40729"}],"wp:attachment":[{"href":"https:\/\/neoergoxeiro.gr\/de\/wp-json\/wp\/v2\/media?parent=40728"}],"wp:term":[{"taxonomy":"product_brand","embeddable":true,"href":"https:\/\/neoergoxeiro.gr\/de\/wp-json\/wp\/v2\/product_brand?post=40728"},{"taxonomy":"product_cat","embeddable":true,"href":"https:\/\/neoergoxeiro.gr\/de\/wp-json\/wp\/v2\/product_cat?post=40728"},{"taxonomy":"product_tag","embeddable":true,"href":"https:\/\/neoergoxeiro.gr\/de\/wp-json\/wp\/v2\/product_tag?post=40728"}],"curies":[{"name":"wp","href":"https:\/\/api.w.org\/{rel}","templated":true}]}}