{"id":40736,"date":"2023-10-18T09:02:04","date_gmt":"2023-10-18T09:02:04","guid":{"rendered":"https:\/\/neoergoxeiro.gr\/?product=%ce%bc%ce%b5%cf%84%cf%81%ce%b7%cf%84%cf%8c-%ce%ba%ce%ad%ce%bd%cf%84%ce%b7%ce%bc%ce%b1-%ce%b1-%ce%b1%ce%bd%cf%84%ce%b9%ce%b3%cf%81%ce%b1%cf%86%ce%ae-%ce%b1%ce%bd%cf%84%ce%b9%ce%b3%cf%81%ce%b1%cf%86"},"modified":"2025-10-12T15:14:46","modified_gmt":"2025-10-12T13:14:46","slug":"%ce%bc%ce%b5%cf%84%cf%81%ce%b7%cf%84%cf%8c-%ce%ba%ce%ad%ce%bd%cf%84%ce%b7%ce%bc%ce%b1-%ce%b1-%ce%b1%ce%bd%cf%84%ce%b9%ce%b3%cf%81%ce%b1%cf%86%ce%ae-%ce%b1%ce%bd%cf%84%ce%b9%ce%b3%cf%81%ce%b1%cf%86","status":"publish","type":"product","link":"https:\/\/neoergoxeiro.gr\/de\/produkt\/%ce%bc%ce%b5%cf%84%cf%81%ce%b7%cf%84%cf%8c-%ce%ba%ce%ad%ce%bd%cf%84%ce%b7%ce%bc%ce%b1-%ce%b1-%ce%b1%ce%bd%cf%84%ce%b9%ce%b3%cf%81%ce%b1%cf%86%ce%ae-%ce%b1%ce%bd%cf%84%ce%b9%ce%b3%cf%81%ce%b1%cf%86\/","title":{"rendered":"Stickerei z\u00e4hlen (A (Kopie) (Kopie) (Kopie)"},"content":{"rendered":"<p>Die Cash-Stickerei ist die perfekte Technik, um der Kleidung und den Bastelarbeiten Ihrer Kinder einzigartige Details hinzuzuf\u00fcgen. Dieses originelle Set enth\u00e4lt hochwertige Materialien und Anleitungen, damit Sie sofort loslegen k\u00f6nnen. Mit der Cash-Stickerei-Technik k\u00f6nnen Sie einzigartige Muster und Designs erstellen, die sich von anderen abheben. Verbessern Sie Ihre Handn\u00e4hf\u00e4higkeiten und schaffen Sie einzigartige Kunstwerke. Holen Sie sich die Cash-Stickerei noch heute und erwecken Sie Ihre Kreationen zum Leben!<\/p>","protected":false},"excerpt":{"rendered":"<p>Verbessern Sie Ihre N\u00e4hkenntnisse mit Geldstickerei. Ideal f\u00fcr Kinderkleidung und dekorative Kreationen. Erhalten Sie es jetzt f\u00fcr nur 10 Euro!<\/p>","protected":false},"featured_media":40737,"template":"","meta":[],"product_brand":[],"product_cat":[168],"product_tag":[],"class_list":{"0":"post-40736","1":"product","2":"type-product","3":"status-publish","4":"has-post-thumbnail","6":"product_cat-metrita-kit-kentimatos","8":"first","9":"instock","10":"taxable","11":"shipping-taxable","12":"purchasable","13":"product-type-simple"},"_links":{"self":[{"href":"https:\/\/neoergoxeiro.gr\/de\/wp-json\/wp\/v2\/product\/40736","targetHints":{"allow":["GET"]}}],"collection":[{"href":"https:\/\/neoergoxeiro.gr\/de\/wp-json\/wp\/v2\/product"}],"about":[{"href":"https:\/\/neoergoxeiro.gr\/de\/wp-json\/wp\/v2\/types\/product"}],"version-history":[{"count":1,"href":"https:\/\/neoergoxeiro.gr\/de\/wp-json\/wp\/v2\/product\/40736\/revisions"}],"predecessor-version":[{"id":59041,"href":"https:\/\/neoergoxeiro.gr\/de\/wp-json\/wp\/v2\/product\/40736\/revisions\/59041"}],"wp:featuredmedia":[{"embeddable":true,"href":"https:\/\/neoergoxeiro.gr\/de\/wp-json\/wp\/v2\/media\/40737"}],"wp:attachment":[{"href":"https:\/\/neoergoxeiro.gr\/de\/wp-json\/wp\/v2\/media?parent=40736"}],"wp:term":[{"taxonomy":"product_brand","embeddable":true,"href":"https:\/\/neoergoxeiro.gr\/de\/wp-json\/wp\/v2\/product_brand?post=40736"},{"taxonomy":"product_cat","embeddable":true,"href":"https:\/\/neoergoxeiro.gr\/de\/wp-json\/wp\/v2\/product_cat?post=40736"},{"taxonomy":"product_tag","embeddable":true,"href":"https:\/\/neoergoxeiro.gr\/de\/wp-json\/wp\/v2\/product_tag?post=40736"}],"curies":[{"name":"wp","href":"https:\/\/api.w.org\/{rel}","templated":true}]}}