{"id":41306,"date":"2023-10-25T16:02:19","date_gmt":"2023-10-25T16:02:19","guid":{"rendered":"https:\/\/neoergoxeiro.gr\/?product=himalaya-dolphin-baby-colors-chenille-yarn-variegated-80402"},"modified":"2025-10-06T20:33:00","modified_gmt":"2025-10-06T18:33:00","slug":"himalaya-dolphin-baby-colors-chenille-yarn-variegated-80402","status":"publish","type":"product","link":"https:\/\/neoergoxeiro.gr\/de\/produkt\/himalaya-dolphin-baby-colors-chenille-yarn-variegated-80402\/","title":{"rendered":"Himalaya Dolphin Baby Farben Chenille-Garn, bunt - 80402"},"content":{"rendered":"<p>Himalaya Dolphin Baby Colors Chenille Yarn in der Farbe 80402 ist die perfekte Erg\u00e4nzung zu Ihrer Garnsammlung. Dieses wunderbare Garn zum Handn\u00e4hen und Sticken bietet ein einzigartiges Gef\u00fchl von Weichheit und Haltbarkeit f\u00fcr Ihre Kreationen. Mit seiner hohen Qualit\u00e4t und einfachen Handhabung eignet sich dieses Garn perfekt f\u00fcr Stickereien, Quilts, Krabbeldecken und vieles mehr. Frischen Sie Ihre Stickereikreationen mit dem Himalaya Dolphin Baby Colors Chenille-Garn auf und kreieren Sie einzigartige St\u00fccke, die sich von anderen abheben. Entdecken Sie die Freude am Handn\u00e4hen mit diesem Garn, das Sie garantiert begeistern wird.<\/p>","protected":false},"excerpt":{"rendered":"<p>Himalaya Dolphin Baby Colors Chenille Yarn in der Farbe 80402 ist perfekt f\u00fcr jede kreative Arbeitsumgebung. Erfrischen Sie Ihre Stick- und N\u00e4hkreationen mit diesem Qualit\u00e4tsgarn.<\/p>","protected":false},"featured_media":41307,"template":"","meta":[],"product_brand":[],"product_cat":[122],"product_tag":[],"class_list":{"0":"post-41306","1":"product","2":"type-product","3":"status-publish","4":"has-post-thumbnail","6":"product_cat-himalaya-dolphin-baby","8":"first","9":"outofstock","10":"taxable","11":"shipping-taxable","12":"purchasable","13":"product-type-simple"},"_links":{"self":[{"href":"https:\/\/neoergoxeiro.gr\/de\/wp-json\/wp\/v2\/product\/41306","targetHints":{"allow":["GET"]}}],"collection":[{"href":"https:\/\/neoergoxeiro.gr\/de\/wp-json\/wp\/v2\/product"}],"about":[{"href":"https:\/\/neoergoxeiro.gr\/de\/wp-json\/wp\/v2\/types\/product"}],"version-history":[{"count":1,"href":"https:\/\/neoergoxeiro.gr\/de\/wp-json\/wp\/v2\/product\/41306\/revisions"}],"predecessor-version":[{"id":59319,"href":"https:\/\/neoergoxeiro.gr\/de\/wp-json\/wp\/v2\/product\/41306\/revisions\/59319"}],"wp:featuredmedia":[{"embeddable":true,"href":"https:\/\/neoergoxeiro.gr\/de\/wp-json\/wp\/v2\/media\/41307"}],"wp:attachment":[{"href":"https:\/\/neoergoxeiro.gr\/de\/wp-json\/wp\/v2\/media?parent=41306"}],"wp:term":[{"taxonomy":"product_brand","embeddable":true,"href":"https:\/\/neoergoxeiro.gr\/de\/wp-json\/wp\/v2\/product_brand?post=41306"},{"taxonomy":"product_cat","embeddable":true,"href":"https:\/\/neoergoxeiro.gr\/de\/wp-json\/wp\/v2\/product_cat?post=41306"},{"taxonomy":"product_tag","embeddable":true,"href":"https:\/\/neoergoxeiro.gr\/de\/wp-json\/wp\/v2\/product_tag?post=41306"}],"curies":[{"name":"wp","href":"https:\/\/api.w.org\/{rel}","templated":true}]}}