{"id":41310,"date":"2023-10-25T16:04:03","date_gmt":"2023-10-25T16:04:03","guid":{"rendered":"https:\/\/neoergoxeiro.gr\/?product=himalaya-dolphin-baby-colors-chenille-yarn-variegated-80404"},"modified":"2025-10-06T20:33:00","modified_gmt":"2025-10-06T18:33:00","slug":"himalaya-dolphin-baby-colors-chenille-yarn-variegated-80404","status":"publish","type":"product","link":"https:\/\/neoergoxeiro.gr\/de\/produkt\/himalaya-dolphin-baby-colors-chenille-yarn-variegated-80404\/","title":{"rendered":"Himalaya Dolphin Baby Farben Chenille-Garn, bunt - 80404"},"content":{"rendered":"<p>Entdecken Sie das elegante und weiche Himalaya Dolphin Baby Colors Chenille-Garn in der farbenfrohen Version 80404, ideal zum Sticken und N\u00e4hen. Dieses hochwertige Garn bietet eine weiche Textur und eine leichte Passform. Mit einer gro\u00dfen Auswahl an Farben k\u00f6nnen Sie einzigartige Projekte kreieren. Jede Spule enth\u00e4lt gen\u00fcgend Garnl\u00e4nge f\u00fcr gro\u00dfe Kreationen. Erfrischen Sie Ihre Stickereikreationen mit diesem wunderbaren Garn! Zusammensetzung. Gewicht: 100gr. L\u00e4nge: 120 m. Maschinenwaschbar bei niedriger Temperatur.<\/p>","protected":false},"excerpt":{"rendered":"<p>Himalaya Dolphin Baby Colors Chenille Yarn in 80404 ist ideal zum N\u00e4hen und Sticken. Erfrischen Sie Ihre Kreationen mit diesem Qualit\u00e4tsgarn!<\/p>","protected":false},"featured_media":41311,"template":"","meta":[],"product_brand":[],"product_cat":[122],"product_tag":[],"class_list":{"0":"post-41310","1":"product","2":"type-product","3":"status-publish","4":"has-post-thumbnail","6":"product_cat-himalaya-dolphin-baby","8":"first","9":"outofstock","10":"taxable","11":"shipping-taxable","12":"purchasable","13":"product-type-simple"},"_links":{"self":[{"href":"https:\/\/neoergoxeiro.gr\/de\/wp-json\/wp\/v2\/product\/41310","targetHints":{"allow":["GET"]}}],"collection":[{"href":"https:\/\/neoergoxeiro.gr\/de\/wp-json\/wp\/v2\/product"}],"about":[{"href":"https:\/\/neoergoxeiro.gr\/de\/wp-json\/wp\/v2\/types\/product"}],"version-history":[{"count":1,"href":"https:\/\/neoergoxeiro.gr\/de\/wp-json\/wp\/v2\/product\/41310\/revisions"}],"predecessor-version":[{"id":59321,"href":"https:\/\/neoergoxeiro.gr\/de\/wp-json\/wp\/v2\/product\/41310\/revisions\/59321"}],"wp:featuredmedia":[{"embeddable":true,"href":"https:\/\/neoergoxeiro.gr\/de\/wp-json\/wp\/v2\/media\/41311"}],"wp:attachment":[{"href":"https:\/\/neoergoxeiro.gr\/de\/wp-json\/wp\/v2\/media?parent=41310"}],"wp:term":[{"taxonomy":"product_brand","embeddable":true,"href":"https:\/\/neoergoxeiro.gr\/de\/wp-json\/wp\/v2\/product_brand?post=41310"},{"taxonomy":"product_cat","embeddable":true,"href":"https:\/\/neoergoxeiro.gr\/de\/wp-json\/wp\/v2\/product_cat?post=41310"},{"taxonomy":"product_tag","embeddable":true,"href":"https:\/\/neoergoxeiro.gr\/de\/wp-json\/wp\/v2\/product_tag?post=41310"}],"curies":[{"name":"wp","href":"https:\/\/api.w.org\/{rel}","templated":true}]}}