{"id":41338,"date":"2023-10-25T22:09:10","date_gmt":"2023-10-25T22:09:10","guid":{"rendered":"https:\/\/neoergoxeiro.gr\/?product=himalaya-dolphin-baby-chenille-yarn-pink-80310"},"modified":"2026-03-18T09:08:07","modified_gmt":"2026-03-18T07:08:07","slug":"himalaya-dolphin-baby-chenille-yarn-pink-80310","status":"publish","type":"product","link":"https:\/\/neoergoxeiro.gr\/de\/produkt\/himalaya-dolphin-baby-chenille-yarn-pink-80310\/","title":{"rendered":"Himalaya Delphin Baby Chenille-Garn, Rosa - 80310"},"content":{"rendered":"<p>Himalaya Dolphin Baby Chenille Yarn in Pink (80310) ist die perfekte Wahl f\u00fcr alle Liebhaber des handgefertigten N\u00e4hens und Stickens. Dieses einzigartige Garn bietet unglaubliche Weichheit und Haltbarkeit und ist damit ideal f\u00fcr Baby-Kreationen. Mit seiner Chenille-Textur ist es einfach zu verarbeiten und bietet Komfort w\u00e4hrend des kreativen Prozesses. Aktualisieren Sie Ihre Kollektion mit Himalaya Dolphin Baby Chenille Yarn und kreieren Sie einzigartige, hochwertige Kleidung und Accessoires f\u00fcr Ihre Babys. Kaufen Sie es jetzt und lassen Sie Ihrer Fantasie beim N\u00e4hen und Sticken freien Lauf.<\/p>","protected":false},"excerpt":{"rendered":"<p>Himalaya Dolphin Baby Chenille Yarn in Rosa (80310) ist ideal f\u00fcr handgefertigte Kleidung und Accessoires f\u00fcr Babys. Weich, strapazierf\u00e4hig und einfach zu verarbeiten, macht es das N\u00e4hen zum Vergn\u00fcgen.<\/p>","protected":false},"featured_media":41339,"template":"","meta":[],"product_brand":[],"product_cat":[122],"product_tag":[],"class_list":{"0":"post-41338","1":"product","2":"type-product","3":"status-publish","4":"has-post-thumbnail","6":"product_cat-himalaya-dolphin-baby","8":"first","9":"outofstock","10":"taxable","11":"shipping-taxable","12":"purchasable","13":"product-type-simple"},"_links":{"self":[{"href":"https:\/\/neoergoxeiro.gr\/de\/wp-json\/wp\/v2\/product\/41338","targetHints":{"allow":["GET"]}}],"collection":[{"href":"https:\/\/neoergoxeiro.gr\/de\/wp-json\/wp\/v2\/product"}],"about":[{"href":"https:\/\/neoergoxeiro.gr\/de\/wp-json\/wp\/v2\/types\/product"}],"version-history":[{"count":1,"href":"https:\/\/neoergoxeiro.gr\/de\/wp-json\/wp\/v2\/product\/41338\/revisions"}],"predecessor-version":[{"id":59335,"href":"https:\/\/neoergoxeiro.gr\/de\/wp-json\/wp\/v2\/product\/41338\/revisions\/59335"}],"wp:featuredmedia":[{"embeddable":true,"href":"https:\/\/neoergoxeiro.gr\/de\/wp-json\/wp\/v2\/media\/41339"}],"wp:attachment":[{"href":"https:\/\/neoergoxeiro.gr\/de\/wp-json\/wp\/v2\/media?parent=41338"}],"wp:term":[{"taxonomy":"product_brand","embeddable":true,"href":"https:\/\/neoergoxeiro.gr\/de\/wp-json\/wp\/v2\/product_brand?post=41338"},{"taxonomy":"product_cat","embeddable":true,"href":"https:\/\/neoergoxeiro.gr\/de\/wp-json\/wp\/v2\/product_cat?post=41338"},{"taxonomy":"product_tag","embeddable":true,"href":"https:\/\/neoergoxeiro.gr\/de\/wp-json\/wp\/v2\/product_tag?post=41338"}],"curies":[{"name":"wp","href":"https:\/\/api.w.org\/{rel}","templated":true}]}}