{"id":41340,"date":"2023-10-25T22:10:22","date_gmt":"2023-10-25T22:10:22","guid":{"rendered":"https:\/\/neoergoxeiro.gr\/?product=himalaya-dolphin-baby-chenille-yarn-orange-80312"},"modified":"2025-10-06T20:32:59","modified_gmt":"2025-10-06T18:32:59","slug":"himalaya-dolphin-baby-chenille-yarn-orange-80312","status":"publish","type":"product","link":"https:\/\/neoergoxeiro.gr\/de\/produkt\/himalaya-dolphin-baby-chenille-yarn-orange-80312\/","title":{"rendered":"Himalaya Delphin Baby Chenille-Garn, Orange - 80312"},"content":{"rendered":"<p>Himalaya Dolphin Baby Chenille Yarn in Orange ist die perfekte Wahl f\u00fcr alle Liebhaber von handgefertigten N\u00e4h- und Stickarbeiten. Dieses einzigartige Garn vermittelt ein Gef\u00fchl von Weichheit und W\u00e4rme, wenn Sie Ihre eigenen eleganten Kleidungsst\u00fccke und Accessoires kreieren. Dank seiner hohen Strapazierf\u00e4higkeit und hervorragenden Vielseitigkeit ist dieses Garn leicht zu verarbeiten und ideal f\u00fcr Stickereien aller Art. Entdecken Sie die Freude am kreativen N\u00e4hen mit Himalaya Dolphin Baby Chenille Yarn!<\/p>","protected":false},"excerpt":{"rendered":"<p>Himalaya Dolphin Baby Chenille Yarn in Orange ist ideal f\u00fcr Ihre Handn\u00e4harbeiten. Weich, strapazierf\u00e4hig und einfach zu verwenden, schaffen Sie einzigartige Stickereien mit Glanz.<\/p>","protected":false},"featured_media":41341,"template":"","meta":[],"product_brand":[],"product_cat":[122],"product_tag":[],"class_list":{"0":"post-41340","1":"product","2":"type-product","3":"status-publish","4":"has-post-thumbnail","6":"product_cat-himalaya-dolphin-baby","8":"first","9":"outofstock","10":"taxable","11":"shipping-taxable","12":"purchasable","13":"product-type-simple"},"_links":{"self":[{"href":"https:\/\/neoergoxeiro.gr\/de\/wp-json\/wp\/v2\/product\/41340","targetHints":{"allow":["GET"]}}],"collection":[{"href":"https:\/\/neoergoxeiro.gr\/de\/wp-json\/wp\/v2\/product"}],"about":[{"href":"https:\/\/neoergoxeiro.gr\/de\/wp-json\/wp\/v2\/types\/product"}],"version-history":[{"count":1,"href":"https:\/\/neoergoxeiro.gr\/de\/wp-json\/wp\/v2\/product\/41340\/revisions"}],"predecessor-version":[{"id":59336,"href":"https:\/\/neoergoxeiro.gr\/de\/wp-json\/wp\/v2\/product\/41340\/revisions\/59336"}],"wp:featuredmedia":[{"embeddable":true,"href":"https:\/\/neoergoxeiro.gr\/de\/wp-json\/wp\/v2\/media\/41341"}],"wp:attachment":[{"href":"https:\/\/neoergoxeiro.gr\/de\/wp-json\/wp\/v2\/media?parent=41340"}],"wp:term":[{"taxonomy":"product_brand","embeddable":true,"href":"https:\/\/neoergoxeiro.gr\/de\/wp-json\/wp\/v2\/product_brand?post=41340"},{"taxonomy":"product_cat","embeddable":true,"href":"https:\/\/neoergoxeiro.gr\/de\/wp-json\/wp\/v2\/product_cat?post=41340"},{"taxonomy":"product_tag","embeddable":true,"href":"https:\/\/neoergoxeiro.gr\/de\/wp-json\/wp\/v2\/product_tag?post=41340"}],"curies":[{"name":"wp","href":"https:\/\/api.w.org\/{rel}","templated":true}]}}