{"id":41351,"date":"2023-10-25T22:18:24","date_gmt":"2023-10-25T22:18:24","guid":{"rendered":"https:\/\/neoergoxeiro.gr\/?product=himalaya-dolphin-baby-chenille-yarn-blue-80327"},"modified":"2025-10-06T20:32:58","modified_gmt":"2025-10-06T18:32:58","slug":"himalaya-dolphin-baby-chenille-yarn-blue-80327","status":"publish","type":"product","link":"https:\/\/neoergoxeiro.gr\/de\/produkt\/himalaya-dolphin-baby-chenille-yarn-blue-80327\/","title":{"rendered":"Himalaya Delphin Baby Chenille-Garn, blau - 80327"},"content":{"rendered":"<p>Himalaya Dolphin Baby Chenille Yarn in Blau ist die perfekte Wahl, um Ihren Stickereien einen Hauch von Einzigartigkeit zu verleihen. Dieses handgefertigte Garn bietet eine gro\u00dfartige Textur und ist extrem flexibel, was es ideal f\u00fcr eine Vielzahl von Sticktechniken macht. Mit Himalaya Dolphin Baby Chenille Yarn k\u00f6nnen Sie einzigartige St\u00fccke wie gestrickte Pullover, Schals, M\u00fctzen und mehr kreieren. Erfrischen Sie Ihre Garderobe mit diesem Qualit\u00e4tsgarn und beeindrucken Sie mit Ihren Kreationen! Hauptmerkmale. Erfrischen Sie Ihre Kollektion mit diesem Qualit\u00e4tsgarn und kreieren Sie wundersch\u00f6ne Stickereien, die auffallen werden. Haben Sie das Himalaya Dolphin Baby Chenille-Garn erhalten? Dann ist es an der Zeit, Ihrer Fantasie freien Lauf zu lassen und etwas Einzigartiges zu kreieren! Wenn Sie sich erst einmal mit diesem Qualit\u00e4tsgarn vertraut gemacht haben, werden Sie nicht mehr aufh\u00f6ren wollen zu sticken. Entdecken Sie all die M\u00f6glichkeiten, die Ihnen Himalaya Dolphin Baby Chenille Yarn bietet, und lassen Sie sich von den wunderbaren Kreationen inspirieren, die Sie schaffen k\u00f6nnen. Dieses handgefertigte Garn wird Ihre Lieblingswahl f\u00fcr jede Kreation werden!<\/p>","protected":false},"excerpt":{"rendered":"<p>Das handgefertigte Chenille Himalaya Dolphin Baby Chenille Garn in Blau ist ideal f\u00fcr alle Stickereien und N\u00e4harbeiten. Erfrischen Sie Ihre Kreationen mit diesem einzigartigen Material!<\/p>","protected":false},"featured_media":41352,"template":"","meta":[],"product_brand":[],"product_cat":[122],"product_tag":[],"class_list":{"0":"post-41351","1":"product","2":"type-product","3":"status-publish","4":"has-post-thumbnail","6":"product_cat-himalaya-dolphin-baby","8":"first","9":"outofstock","10":"taxable","11":"shipping-taxable","12":"purchasable","13":"product-type-simple"},"_links":{"self":[{"href":"https:\/\/neoergoxeiro.gr\/de\/wp-json\/wp\/v2\/product\/41351","targetHints":{"allow":["GET"]}}],"collection":[{"href":"https:\/\/neoergoxeiro.gr\/de\/wp-json\/wp\/v2\/product"}],"about":[{"href":"https:\/\/neoergoxeiro.gr\/de\/wp-json\/wp\/v2\/types\/product"}],"version-history":[{"count":1,"href":"https:\/\/neoergoxeiro.gr\/de\/wp-json\/wp\/v2\/product\/41351\/revisions"}],"predecessor-version":[{"id":59341,"href":"https:\/\/neoergoxeiro.gr\/de\/wp-json\/wp\/v2\/product\/41351\/revisions\/59341"}],"wp:featuredmedia":[{"embeddable":true,"href":"https:\/\/neoergoxeiro.gr\/de\/wp-json\/wp\/v2\/media\/41352"}],"wp:attachment":[{"href":"https:\/\/neoergoxeiro.gr\/de\/wp-json\/wp\/v2\/media?parent=41351"}],"wp:term":[{"taxonomy":"product_brand","embeddable":true,"href":"https:\/\/neoergoxeiro.gr\/de\/wp-json\/wp\/v2\/product_brand?post=41351"},{"taxonomy":"product_cat","embeddable":true,"href":"https:\/\/neoergoxeiro.gr\/de\/wp-json\/wp\/v2\/product_cat?post=41351"},{"taxonomy":"product_tag","embeddable":true,"href":"https:\/\/neoergoxeiro.gr\/de\/wp-json\/wp\/v2\/product_tag?post=41351"}],"curies":[{"name":"wp","href":"https:\/\/api.w.org\/{rel}","templated":true}]}}