{"id":41593,"date":"2023-10-27T09:34:55","date_gmt":"2023-10-27T09:34:55","guid":{"rendered":"https:\/\/neoergoxeiro.gr\/?product=%cf%80%cf%81%ce%bf%cf%83%ce%ba%cf%85%ce%bd%ce%b7%cf%84%ce%ac%cf%81%ce%b9-%ce%b1%ce%bd%cf%84%ce%b9%ce%b3%cf%81%ce%b1%cf%86%ce%ae"},"modified":"2025-11-11T10:18:10","modified_gmt":"2025-11-11T08:18:10","slug":"%cf%80%cf%81%ce%bf%cf%83%ce%ba%cf%85%ce%bd%ce%b7%cf%84%ce%ac%cf%81%ce%b9-%ce%b1%ce%bd%cf%84%ce%b9%ce%b3%cf%81%ce%b1%cf%86%ce%ae","status":"publish","type":"product","link":"https:\/\/neoergoxeiro.gr\/de\/produkt\/%cf%80%cf%81%ce%bf%cf%83%ce%ba%cf%85%ce%bd%ce%b7%cf%84%ce%ac%cf%81%ce%b9-%ce%b1%ce%bd%cf%84%ce%b9%ce%b3%cf%81%ce%b1%cf%86%ce%ae\/","title":{"rendered":"Wallfahrt In Prisma in der Gr\u00f6\u00dfe 0,50 * 1,50m"},"content":{"rendered":"","protected":false},"excerpt":{"rendered":"<p>Der komplette Fadensatz enth\u00e4lt 18 St\u00fcck Mouline zum Preis von (0,80 pro St\u00fcck).<\/p>\n<p>Bevorzugen Sie die Packung mit allen F\u00e4den, so dass alle Farben aus der gleichen Charge stammen, um Ver\u00e4nderungen aufgrund von F\u00e4rbechargen zu vermeiden.<\/p>\n<div class=\"urun_yazi\" align=\"center\">\n<p>&nbsp;<\/p>\n<\/div>","protected":false},"featured_media":41594,"template":"","meta":[],"product_brand":[],"product_cat":[157],"product_tag":[],"class_list":{"0":"post-41593","1":"product","2":"type-product","3":"status-publish","4":"has-post-thumbnail","6":"product_cat-thriskeftika-kentimata","8":"first","9":"instock","10":"taxable","11":"shipping-taxable","12":"purchasable","13":"product-type-variable"},"_links":{"self":[{"href":"https:\/\/neoergoxeiro.gr\/de\/wp-json\/wp\/v2\/product\/41593","targetHints":{"allow":["GET"]}}],"collection":[{"href":"https:\/\/neoergoxeiro.gr\/de\/wp-json\/wp\/v2\/product"}],"about":[{"href":"https:\/\/neoergoxeiro.gr\/de\/wp-json\/wp\/v2\/types\/product"}],"version-history":[{"count":1,"href":"https:\/\/neoergoxeiro.gr\/de\/wp-json\/wp\/v2\/product\/41593\/revisions"}],"predecessor-version":[{"id":66602,"href":"https:\/\/neoergoxeiro.gr\/de\/wp-json\/wp\/v2\/product\/41593\/revisions\/66602"}],"wp:featuredmedia":[{"embeddable":true,"href":"https:\/\/neoergoxeiro.gr\/de\/wp-json\/wp\/v2\/media\/41594"}],"wp:attachment":[{"href":"https:\/\/neoergoxeiro.gr\/de\/wp-json\/wp\/v2\/media?parent=41593"}],"wp:term":[{"taxonomy":"product_brand","embeddable":true,"href":"https:\/\/neoergoxeiro.gr\/de\/wp-json\/wp\/v2\/product_brand?post=41593"},{"taxonomy":"product_cat","embeddable":true,"href":"https:\/\/neoergoxeiro.gr\/de\/wp-json\/wp\/v2\/product_cat?post=41593"},{"taxonomy":"product_tag","embeddable":true,"href":"https:\/\/neoergoxeiro.gr\/de\/wp-json\/wp\/v2\/product_tag?post=41593"}],"curies":[{"name":"wp","href":"https:\/\/api.w.org\/{rel}","templated":true}]}}