{"id":42743,"date":"2023-12-01T09:40:29","date_gmt":"2023-12-01T09:40:29","guid":{"rendered":"https:\/\/neoergoxeiro.gr\/?product=%cf%83%ce%ad%cf%84-%ce%ba%ce%b5%ce%bd%cf%84%ce%ae%ce%bc%ce%b1%cf%84%ce%bf%cf%82-%ce%bc%ce%b5-%cf%84%ce%b5%ce%bb%ce%b1%cf%81%ce%ac%ce%ba%ce%b9-27"},"modified":"2025-12-15T12:13:49","modified_gmt":"2025-12-15T10:13:49","slug":"set-kentimatos-me-telaraki-27","status":"publish","type":"product","link":"https:\/\/neoergoxeiro.gr\/de\/produkt\/set-kentimatos-me-telaraki-27\/","title":{"rendered":"Stickereiset mit Tetaraki"},"content":{"rendered":"","protected":false},"excerpt":{"rendered":"<p><span class=\"x4k7w5x x1h91t0o x1h9r5lt x1jfb8zj xv2umb2 x1beo9mf xaigb6o x12ejxvf x3igimt xarpa2k xedcshv x1lytzrv x1t2pt76 x7ja8zs x1qrby5j\"><span class=\"x193iq5w xeuugli x13faqbe x1vvkbs x1xmvt09 x1lliihq x1s928wv xhkezso x1gmr53x x1cpjm7i x1fgarty x1943h6x xudqn12 x3x7a5m x6prxxf xvq8zen xo1l8bm x14ctfv\" dir=\"auto\">JEDES STICKEREISET ENTH\u00c4LT:<\/span><\/span><\/p>\n<p>1) STICKEREIBLOCK VON 20 CM DURCHMESSER.<br \/>\n2) F\u00c4DEN ODER ANDERE MATERIALIEN, SO VIELE WIE F\u00dcR JEDES PROJEKT BEN\u00d6TIGT WERDEN.<br \/>\n3) EINE AUSF\u00dcHRLICHE, BEBILDERTE ANLEITUNG F\u00dcR DAS STICKVERFAHREN.<br \/>\n4) FALTEN.<br \/>\n5) STOFF, DER AUF DAS JEWEILIGE DESIGN GESTEMPELT IST.<\/p>\n<p>EINE SEHR SCH\u00d6NE IDEE DER DEKORATION UND GESTALTUNG F\u00dcR DIE WAND, F\u00dcR EIN GESCHENK ODER ANDERWEITIG.KANN F\u00dcR ALTER 8+ VERWENDET WERDEN<\/p>","protected":false},"featured_media":42744,"template":"","meta":[],"product_brand":[],"product_cat":[161],"product_tag":[],"class_list":{"0":"post-42743","1":"product","2":"type-product","3":"status-publish","4":"has-post-thumbnail","6":"product_cat-kit-kentimatos","8":"first","9":"instock","10":"taxable","11":"shipping-taxable","12":"purchasable","13":"product-type-simple"},"_links":{"self":[{"href":"https:\/\/neoergoxeiro.gr\/de\/wp-json\/wp\/v2\/product\/42743","targetHints":{"allow":["GET"]}}],"collection":[{"href":"https:\/\/neoergoxeiro.gr\/de\/wp-json\/wp\/v2\/product"}],"about":[{"href":"https:\/\/neoergoxeiro.gr\/de\/wp-json\/wp\/v2\/types\/product"}],"version-history":[{"count":1,"href":"https:\/\/neoergoxeiro.gr\/de\/wp-json\/wp\/v2\/product\/42743\/revisions"}],"predecessor-version":[{"id":66934,"href":"https:\/\/neoergoxeiro.gr\/de\/wp-json\/wp\/v2\/product\/42743\/revisions\/66934"}],"wp:featuredmedia":[{"embeddable":true,"href":"https:\/\/neoergoxeiro.gr\/de\/wp-json\/wp\/v2\/media\/42744"}],"wp:attachment":[{"href":"https:\/\/neoergoxeiro.gr\/de\/wp-json\/wp\/v2\/media?parent=42743"}],"wp:term":[{"taxonomy":"product_brand","embeddable":true,"href":"https:\/\/neoergoxeiro.gr\/de\/wp-json\/wp\/v2\/product_brand?post=42743"},{"taxonomy":"product_cat","embeddable":true,"href":"https:\/\/neoergoxeiro.gr\/de\/wp-json\/wp\/v2\/product_cat?post=42743"},{"taxonomy":"product_tag","embeddable":true,"href":"https:\/\/neoergoxeiro.gr\/de\/wp-json\/wp\/v2\/product_tag?post=42743"}],"curies":[{"name":"wp","href":"https:\/\/api.w.org\/{rel}","templated":true}]}}