{"id":46360,"date":"2024-03-19T10:54:29","date_gmt":"2024-03-19T10:54:29","guid":{"rendered":"https:\/\/neoergoxeiro.gr\/?product=%ce%ba%ce%ad%ce%bd%cf%84%ce%b7%ce%bc%ce%b1-pero-%cf%83%ce%b5%ce%bc%ce%ad%ce%bd-4"},"modified":"2025-11-11T10:18:07","modified_gmt":"2025-11-11T08:18:07","slug":"%ce%ba%ce%ad%ce%bd%cf%84%ce%b7%ce%bc%ce%b1-pero-%cf%83%ce%b5%ce%bc%ce%ad%ce%bd-4","status":"publish","type":"product","link":"https:\/\/neoergoxeiro.gr\/de\/produkt\/%ce%ba%ce%ad%ce%bd%cf%84%ce%b7%ce%bc%ce%b1-pero-%cf%83%ce%b5%ce%bc%ce%ad%ce%bd-4\/","title":{"rendered":"Stickerei Pero in der Gr\u00f6\u00dfe 0,40 *0,90 m"},"content":{"rendered":"<p>Gestempelt <strong>Pero\u00a0<\/strong><\/p>\n<p>Die Stickerei ist auf einen Stoff gestickt - goldfarbener ecru-Stoff (40 \u00d6sen auf 10 cm).<\/p>\n<p>Das Muster ist auf der Oberseite des Stichs mit Farbe gestempelt, was das Sticken sehr einfach macht, da man genau wei\u00df, wo jede Farbe platziert wird.<\/p>\n<p>Sie k\u00f6nnen es mit Mouline Dmc art 117 oder mit Cotton Perle Dmc art 115 besticken.<\/p>\n<p>Stickerei - Waschanleitung:<\/p>\n<p>Nach dem Sticken werden wir unsere Handarbeit unter flie\u00dfendem kaltem Wasser waschen, so wie hier:<\/p>\n<ol>\n<li>Zur Entfernung von Farbspuren, die harte Lacke normalerweise hinterlassen (Bordeaux - Dunkelblau - Schwarz)<\/li>\n<li>Dann passieren Sie alle Spitzen - Borten - Chiffon - Chiffons - Chiffons, die ebenfalls vor dem Vergolden gewaschen werden m\u00fcssen.<\/li>\n<\/ol>","protected":false},"excerpt":{"rendered":"<p>Der komplette Fadensatz enth\u00e4lt 18 St\u00fcck Mouline zum Preis von (0,80 pro St\u00fcck).<\/p>\n<p>Bevorzugen Sie die Packung mit allen F\u00e4den, so dass alle Farben aus der gleichen Charge stammen, um Ver\u00e4nderungen aufgrund von F\u00e4rbechargen zu vermeiden.<\/p>","protected":false},"featured_media":0,"template":"","meta":[],"product_brand":[],"product_cat":[150],"product_tag":[],"class_list":{"0":"post-46360","1":"product","2":"type-product","3":"status-publish","5":"product_cat-pero-kentimata","7":"first","8":"instock","9":"taxable","10":"shipping-taxable","11":"purchasable","12":"product-type-variable"},"_links":{"self":[{"href":"https:\/\/neoergoxeiro.gr\/de\/wp-json\/wp\/v2\/product\/46360","targetHints":{"allow":["GET"]}}],"collection":[{"href":"https:\/\/neoergoxeiro.gr\/de\/wp-json\/wp\/v2\/product"}],"about":[{"href":"https:\/\/neoergoxeiro.gr\/de\/wp-json\/wp\/v2\/types\/product"}],"version-history":[{"count":1,"href":"https:\/\/neoergoxeiro.gr\/de\/wp-json\/wp\/v2\/product\/46360\/revisions"}],"predecessor-version":[{"id":67294,"href":"https:\/\/neoergoxeiro.gr\/de\/wp-json\/wp\/v2\/product\/46360\/revisions\/67294"}],"wp:attachment":[{"href":"https:\/\/neoergoxeiro.gr\/de\/wp-json\/wp\/v2\/media?parent=46360"}],"wp:term":[{"taxonomy":"product_brand","embeddable":true,"href":"https:\/\/neoergoxeiro.gr\/de\/wp-json\/wp\/v2\/product_brand?post=46360"},{"taxonomy":"product_cat","embeddable":true,"href":"https:\/\/neoergoxeiro.gr\/de\/wp-json\/wp\/v2\/product_cat?post=46360"},{"taxonomy":"product_tag","embeddable":true,"href":"https:\/\/neoergoxeiro.gr\/de\/wp-json\/wp\/v2\/product_tag?post=46360"}],"curies":[{"name":"wp","href":"https:\/\/api.w.org\/{rel}","templated":true}]}}