{"id":48061,"date":"2024-10-31T07:46:53","date_gmt":"2024-10-31T07:46:53","guid":{"rendered":"https:\/\/neoergoxeiro.gr\/?product=%ce%ba%ce%ad%ce%bd%cf%84%ce%b7%ce%bc%ce%b1%cf%84%ce%b1-regina"},"modified":"2025-11-11T10:18:03","modified_gmt":"2025-11-11T08:18:03","slug":"kentimata-regina","status":"publish","type":"product","link":"https:\/\/neoergoxeiro.gr\/de\/produkt\/kentimata-regina\/","title":{"rendered":"Regina Reisef\u00fchrer"},"content":{"rendered":"<p>Die Regina-Stickanleitung bietet eine einfache und angenehme Stickerei auf Stoff mit silberner Stickerei. Sie k\u00f6nnen dreif\u00e4dige Mouline Dmc art 117 oder Cotton Perle Dmc art 116 verwenden, um einzigartige Motive zu kreieren. Die Stick- und Waschanleitung gibt Tipps f\u00fcr mehr Haltbarkeit und Langlebigkeit. Geeignet f\u00fcr Regina-Stickereien und Regina-Sets. Aktualisieren Sie Ihre Kleidungsst\u00fccke und Stoffe mit der Regina-Stickanleitung und schaffen Sie einzigartige Kunstwerke.<\/p>","protected":false},"excerpt":{"rendered":"<p>Embroidery Regina guide - Kreuzstichstickerei in Silber, geeignet zum Sticken mit Mouline Dmc oder Cotton Perle Dmc. Mit Stick- und Waschanleitung. Ideal f\u00fcr Stickerei Regina und Regina-Sets.<\/p>","protected":false},"featured_media":48062,"template":"","meta":[],"product_brand":[],"product_cat":[156],"product_tag":[],"class_list":{"0":"post-48061","1":"product","2":"type-product","3":"status-publish","4":"has-post-thumbnail","6":"product_cat-pasxalina-kentimata","8":"first","9":"instock","10":"taxable","11":"shipping-taxable","12":"purchasable","13":"product-type-variable"},"_links":{"self":[{"href":"https:\/\/neoergoxeiro.gr\/de\/wp-json\/wp\/v2\/product\/48061","targetHints":{"allow":["GET"]}}],"collection":[{"href":"https:\/\/neoergoxeiro.gr\/de\/wp-json\/wp\/v2\/product"}],"about":[{"href":"https:\/\/neoergoxeiro.gr\/de\/wp-json\/wp\/v2\/types\/product"}],"version-history":[{"count":2,"href":"https:\/\/neoergoxeiro.gr\/de\/wp-json\/wp\/v2\/product\/48061\/revisions"}],"predecessor-version":[{"id":61073,"href":"https:\/\/neoergoxeiro.gr\/de\/wp-json\/wp\/v2\/product\/48061\/revisions\/61073"}],"wp:featuredmedia":[{"embeddable":true,"href":"https:\/\/neoergoxeiro.gr\/de\/wp-json\/wp\/v2\/media\/48062"}],"wp:attachment":[{"href":"https:\/\/neoergoxeiro.gr\/de\/wp-json\/wp\/v2\/media?parent=48061"}],"wp:term":[{"taxonomy":"product_brand","embeddable":true,"href":"https:\/\/neoergoxeiro.gr\/de\/wp-json\/wp\/v2\/product_brand?post=48061"},{"taxonomy":"product_cat","embeddable":true,"href":"https:\/\/neoergoxeiro.gr\/de\/wp-json\/wp\/v2\/product_cat?post=48061"},{"taxonomy":"product_tag","embeddable":true,"href":"https:\/\/neoergoxeiro.gr\/de\/wp-json\/wp\/v2\/product_tag?post=48061"}],"curies":[{"name":"wp","href":"https:\/\/api.w.org\/{rel}","templated":true}]}}