{"id":48568,"date":"2024-10-31T10:39:46","date_gmt":"2024-10-31T10:39:46","guid":{"rendered":"https:\/\/neoergoxeiro.gr\/?product=k%ce%ad%ce%bd%cf%84%ce%b7%ce%bc%ce%b1%cf%84%ce%b1-regina-41"},"modified":"2025-11-10T10:42:57","modified_gmt":"2025-11-10T08:42:57","slug":"k%ce%ad%ce%bd%cf%84%ce%b7%ce%bc%ce%b1%cf%84%ce%b1-regina-41","status":"publish","type":"product","link":"https:\/\/neoergoxeiro.gr\/de\/produkt\/k%ce%ad%ce%bd%cf%84%ce%b7%ce%bc%ce%b1%cf%84%ce%b1-regina-41\/","title":{"rendered":"Zimmer Regina"},"content":{"rendered":"<p><strong>Stickerei auf Stickerei Regina<\/strong><\/p>\n<p>Die Stickerei ist auf einem silberfarbenen Stoff gestickt (44 Stiche in 10 cm) und ist mit Farbe gestickt, um das Sticken zu erleichtern.<\/p>\n<p>Sie k\u00f6nnen es mit Mouline Dmc art 117 oder mit Cotton Perle Dmc art 116 besticken.<\/p>\n<p>Stickerei - Waschanleitung:<\/p>\n<p>Nach dem Sticken werden wir unsere Handarbeit unter flie\u00dfendem kaltem Wasser waschen, so wie hier:<\/p>\n<ol>\n<li>Zur Entfernung von Farbspuren, die harte Lacke normalerweise hinterlassen (Bordeaux - Dunkelblau - Schwarz)<\/li>\n<li>Um die Farbstoffe der F\u00e4den besser zu stabilisieren. Dann passieren Sie jede Spitze - Borten - Chintz - Chiffon - Chiffon, die auch vor der Vergoldung gewaschen werden sollte.<\/li>\n<\/ol>","protected":false},"excerpt":{"rendered":"<p>Bei den folgenden Stickereien k\u00f6nnen Sie das ganze Set w\u00e4hlen oder nur die Stickerei, die Sie interessiert, mit oder ohne Garn.<\/p>\n<p>Der komplette Fadensatz enth\u00e4lt 88 St\u00fcck Mouline zum Preis von (0,80 pro St\u00fcck).<\/p>\n<p>Die Fadenkreuzung umfasst 20 St\u00fcck Mouline zum Preis von (0,80 pro St\u00fcck).<br \/>\nDer Fadenrahmen enth\u00e4lt 20 St\u00fcck Mouline zu einem Preis von (0,80 pro St\u00fcck).<br \/>\nDas Garnset enth\u00e4lt 16 St\u00fcck Mouline zum Preis von (0,80 pro St\u00fcck).<br \/>\nDer Tischrahmen mit Gewinde enth\u00e4lt 22 St\u00fcck Mouline zum Preis von (0.80 pro St\u00fcck).<br \/>\nDer Fadenbeutel enth\u00e4lt 10 St\u00fcck Mouline zu einem Preis von (0,80 pro St\u00fcck).<\/p>\n<p>Bevorzugen Sie die Packung mit allen F\u00e4den, so dass alle Farben aus der gleichen Charge stammen, um Ver\u00e4nderungen aufgrund von F\u00e4rbechargen zu vermeiden.<\/p>","protected":false},"featured_media":48569,"template":"","meta":[],"product_brand":[],"product_cat":[152],"product_tag":[],"class_list":{"0":"post-48568","1":"product","2":"type-product","3":"status-publish","4":"has-post-thumbnail","6":"product_cat-regina-kentimata","8":"first","9":"instock","10":"taxable","11":"shipping-taxable","12":"purchasable","13":"product-type-variable"},"_links":{"self":[{"href":"https:\/\/neoergoxeiro.gr\/de\/wp-json\/wp\/v2\/product\/48568","targetHints":{"allow":["GET"]}}],"collection":[{"href":"https:\/\/neoergoxeiro.gr\/de\/wp-json\/wp\/v2\/product"}],"about":[{"href":"https:\/\/neoergoxeiro.gr\/de\/wp-json\/wp\/v2\/types\/product"}],"version-history":[{"count":1,"href":"https:\/\/neoergoxeiro.gr\/de\/wp-json\/wp\/v2\/product\/48568\/revisions"}],"predecessor-version":[{"id":67021,"href":"https:\/\/neoergoxeiro.gr\/de\/wp-json\/wp\/v2\/product\/48568\/revisions\/67021"}],"wp:featuredmedia":[{"embeddable":true,"href":"https:\/\/neoergoxeiro.gr\/de\/wp-json\/wp\/v2\/media\/48569"}],"wp:attachment":[{"href":"https:\/\/neoergoxeiro.gr\/de\/wp-json\/wp\/v2\/media?parent=48568"}],"wp:term":[{"taxonomy":"product_brand","embeddable":true,"href":"https:\/\/neoergoxeiro.gr\/de\/wp-json\/wp\/v2\/product_brand?post=48568"},{"taxonomy":"product_cat","embeddable":true,"href":"https:\/\/neoergoxeiro.gr\/de\/wp-json\/wp\/v2\/product_cat?post=48568"},{"taxonomy":"product_tag","embeddable":true,"href":"https:\/\/neoergoxeiro.gr\/de\/wp-json\/wp\/v2\/product_tag?post=48568"}],"curies":[{"name":"wp","href":"https:\/\/api.w.org\/{rel}","templated":true}]}}