{"id":49374,"date":"2024-11-02T11:57:42","date_gmt":"2024-11-02T11:57:42","guid":{"rendered":"https:\/\/neoergoxeiro.gr\/?product=%ce%ba%ce%bf%cf%81%ce%b4%cf%8c%ce%bd%ce%b9-%ce%b3%ce%b9%ce%b1-%cf%84%cf%83%ce%ac%ce%bd%cf%84%ce%b1-50"},"modified":"2025-11-11T10:17:59","modified_gmt":"2025-11-11T08:17:59","slug":"%ce%ba%ce%bf%cf%81%ce%b4%cf%8c%ce%bd%ce%b9-%ce%b3%ce%b9%ce%b1-%cf%84%cf%83%ce%ac%ce%bd%cf%84%ce%b1-50","status":"publish","type":"product","link":"https:\/\/neoergoxeiro.gr\/de\/produkt\/%ce%ba%ce%bf%cf%81%ce%b4%cf%8c%ce%bd%ce%b9-%ce%b3%ce%b9%ce%b1-%cf%84%cf%83%ce%ac%ce%bd%cf%84%ce%b1-50\/","title":{"rendered":"Kordel f\u00fcr Tasche"},"content":{"rendered":"","protected":false},"excerpt":{"rendered":"<p>Polypropylen-Kordel f\u00fcr Makramee-Konstruktionen f\u00fcr Taschen und mehr.<\/p>\n<p>2mm<\/p>\n<p>200 Gramm - 230 Meter mit dem empfohlenen N3-Stich.<\/p>\n<p>3mm<\/p>\n<p>250 Gramm - 130 Meter mit dem empfohlenen N4-Stich.<\/p>","protected":false},"featured_media":49375,"template":"","meta":[],"product_brand":[],"product_cat":[144],"product_tag":[],"class_list":{"0":"post-49374","1":"product","2":"type-product","3":"status-publish","4":"has-post-thumbnail","6":"product_cat-hobby-trend-macrame-pp-nimata-tsantas","8":"first","9":"instock","10":"taxable","11":"shipping-taxable","12":"purchasable","13":"product-type-variable"},"_links":{"self":[{"href":"https:\/\/neoergoxeiro.gr\/de\/wp-json\/wp\/v2\/product\/49374","targetHints":{"allow":["GET"]}}],"collection":[{"href":"https:\/\/neoergoxeiro.gr\/de\/wp-json\/wp\/v2\/product"}],"about":[{"href":"https:\/\/neoergoxeiro.gr\/de\/wp-json\/wp\/v2\/types\/product"}],"version-history":[{"count":1,"href":"https:\/\/neoergoxeiro.gr\/de\/wp-json\/wp\/v2\/product\/49374\/revisions"}],"predecessor-version":[{"id":64012,"href":"https:\/\/neoergoxeiro.gr\/de\/wp-json\/wp\/v2\/product\/49374\/revisions\/64012"}],"wp:featuredmedia":[{"embeddable":true,"href":"https:\/\/neoergoxeiro.gr\/de\/wp-json\/wp\/v2\/media\/49375"}],"wp:attachment":[{"href":"https:\/\/neoergoxeiro.gr\/de\/wp-json\/wp\/v2\/media?parent=49374"}],"wp:term":[{"taxonomy":"product_brand","embeddable":true,"href":"https:\/\/neoergoxeiro.gr\/de\/wp-json\/wp\/v2\/product_brand?post=49374"},{"taxonomy":"product_cat","embeddable":true,"href":"https:\/\/neoergoxeiro.gr\/de\/wp-json\/wp\/v2\/product_cat?post=49374"},{"taxonomy":"product_tag","embeddable":true,"href":"https:\/\/neoergoxeiro.gr\/de\/wp-json\/wp\/v2\/product_tag?post=49374"}],"curies":[{"name":"wp","href":"https:\/\/api.w.org\/{rel}","templated":true}]}}