{"id":49444,"date":"2024-11-11T11:30:38","date_gmt":"2024-11-11T11:30:38","guid":{"rendered":"https:\/\/neoergoxeiro.gr\/?product=%ce%ba%ce%ad%ce%bd%cf%84%ce%b7%ce%bc%ce%b1-%ce%ba%cf%8d%ce%ba%ce%bd%ce%bf%cf%82-%cf%84%cf%81%ce%b1%ce%b2%ce%ad%cf%81%cf%83%ce%b1-1-50-0-40m-16"},"modified":"2025-11-11T10:17:58","modified_gmt":"2025-11-11T08:17:58","slug":"%ce%ba%ce%ad%ce%bd%cf%84%ce%b7%ce%bc%ce%b1-%ce%ba%cf%8d%ce%ba%ce%bd%ce%bf%cf%82-%cf%84%cf%81%ce%b1%ce%b2%ce%ad%cf%81%cf%83%ce%b1-1-50-0-40m-16","status":"publish","type":"product","link":"https:\/\/neoergoxeiro.gr\/de\/produkt\/%ce%ba%ce%ad%ce%bd%cf%84%ce%b7%ce%bc%ce%b1-%ce%ba%cf%8d%ce%ba%ce%bd%ce%bf%cf%82-%cf%84%cf%81%ce%b1%ce%b2%ce%ad%cf%81%cf%83%ce%b1-1-50-0-40m-16\/","title":{"rendered":"Stickerei Schwan Traverse 1.50 * 0.40m"},"content":{"rendered":"<p><strong>Stickerei auf Briefmarken Swan.<\/strong><\/p>\n<p>Die Stickerei ist auf einem Stoff gestickt - etamin mazedonischen ecru gold (44 Augen auf 10 cm), und ist linear gen\u00e4ht (Nur die Grundkontur des Designs, so dass es in den Farben Ihrer Wahl gestickt werden kann; .<\/p>\n<p>Sie k\u00f6nnen es mit Mouline Dmc art 117 oder mit Cotton Perle Dmc art 116 besticken.<\/p>\n<p>Stickerei - Waschanleitung:<\/p>\n<p>Nach dem Sticken werden wir unsere Handarbeit unter flie\u00dfendem kaltem Wasser waschen, so wie hier:<\/p>\n<ol>\n<li>Zur Entfernung von Farbspuren, die harte Lacke normalerweise hinterlassen (Bordeaux - Dunkelblau - Schwarz)<\/li>\n<li>Um die Farbstoffe der F\u00e4den besser zu stabilisieren. Dann passieren Sie jede Spitze - Borten - Chintz - Chiffon - Chiffon, die auch vor der Vergoldung gewaschen werden sollte.<\/li>\n<\/ol>","protected":false},"excerpt":{"rendered":"<p>Der komplette Fadensatz enth\u00e4lt 30 St\u00fcck Mouline zum Preis von (0,80 pro St\u00fcck).<\/p>\n<p>Bevorzugen Sie die Packung mit allen F\u00e4den, so dass alle Farben aus der gleichen Charge stammen, um Ver\u00e4nderungen aufgrund von F\u00e4rbechargen zu vermeiden.<\/p>","protected":false},"featured_media":49445,"template":"","meta":[],"product_brand":[],"product_cat":[160],"product_tag":[],"class_list":{"0":"post-49444","1":"product","2":"type-product","3":"status-publish","4":"has-post-thumbnail","6":"product_cat-kiknos-kentimata","8":"first","9":"instock","10":"taxable","11":"shipping-taxable","12":"purchasable","13":"product-type-variable"},"_links":{"self":[{"href":"https:\/\/neoergoxeiro.gr\/de\/wp-json\/wp\/v2\/product\/49444","targetHints":{"allow":["GET"]}}],"collection":[{"href":"https:\/\/neoergoxeiro.gr\/de\/wp-json\/wp\/v2\/product"}],"about":[{"href":"https:\/\/neoergoxeiro.gr\/de\/wp-json\/wp\/v2\/types\/product"}],"version-history":[{"count":1,"href":"https:\/\/neoergoxeiro.gr\/de\/wp-json\/wp\/v2\/product\/49444\/revisions"}],"predecessor-version":[{"id":66835,"href":"https:\/\/neoergoxeiro.gr\/de\/wp-json\/wp\/v2\/product\/49444\/revisions\/66835"}],"wp:featuredmedia":[{"embeddable":true,"href":"https:\/\/neoergoxeiro.gr\/de\/wp-json\/wp\/v2\/media\/49445"}],"wp:attachment":[{"href":"https:\/\/neoergoxeiro.gr\/de\/wp-json\/wp\/v2\/media?parent=49444"}],"wp:term":[{"taxonomy":"product_brand","embeddable":true,"href":"https:\/\/neoergoxeiro.gr\/de\/wp-json\/wp\/v2\/product_brand?post=49444"},{"taxonomy":"product_cat","embeddable":true,"href":"https:\/\/neoergoxeiro.gr\/de\/wp-json\/wp\/v2\/product_cat?post=49444"},{"taxonomy":"product_tag","embeddable":true,"href":"https:\/\/neoergoxeiro.gr\/de\/wp-json\/wp\/v2\/product_tag?post=49444"}],"curies":[{"name":"wp","href":"https:\/\/api.w.org\/{rel}","templated":true}]}}