{"id":50636,"date":"2024-11-16T10:16:33","date_gmt":"2024-11-16T10:16:33","guid":{"rendered":"https:\/\/neoergoxeiro.gr\/?product=%ce%bb%ce%bf%cf%85%cf%81%ce%ac%ce%ba%ce%b9-%ce%bc%ce%b5-%ce%b1%ce%bb%cf%85%cf%83%ce%af%ce%b4%ce%b1-0-60-%ce%b5%ce%ba%ce%b1%cf%84%ce%bf%cf%83%cf%84%ce%ac"},"modified":"2025-11-11T10:17:57","modified_gmt":"2025-11-11T08:17:57","slug":"%ce%bb%ce%bf%cf%85%cf%81%ce%ac%ce%ba%ce%b9-%ce%bc%ce%b5-%ce%b1%ce%bb%cf%85%cf%83%ce%af%ce%b4%ce%b1-0-60-%ce%b5%ce%ba%ce%b1%cf%84%ce%bf%cf%83%cf%84%ce%ac","status":"publish","type":"product","link":"https:\/\/neoergoxeiro.gr\/de\/produkt\/%ce%bb%ce%bf%cf%85%cf%81%ce%ac%ce%ba%ce%b9-%ce%bc%ce%b5-%ce%b1%ce%bb%cf%85%cf%83%ce%af%ce%b4%ce%b1-0-60-%ce%b5%ce%ba%ce%b1%cf%84%ce%bf%cf%83%cf%84%ce%ac\/","title":{"rendered":"Riemen mit 0,70 cm langer Kette."},"content":{"rendered":"<p>\u201cshort_description\u201d: \u201cArmband mit 0,70 cm Kette f\u00fcr einzigartige und moderne Kreationen. Ideal f\u00fcr die Dekoration von Kleidung und Accessoires. Verbessern Sie Ihren Stil mit diesem einzigartigen Armband.\u201d,<br \/>\n    \u201cdescription\u201d: \u201cDer 0,70 cm lange Kettenriemen ist die perfekte Erg\u00e4nzung f\u00fcr Ihre Sammlung handgefertigter Kreationen. Aus hochwertigen Materialien gefertigt, verleiht dieses Band jeder Kreation ein gl\u00e4nzendes Detail. <\/p>\n<p>    Mit einer L\u00e4nge von 0,70 cm ist dieses Band ideal, um Kleider, Taschen und Accessoires zu schm\u00fccken. Die zarte Kette verleiht jeder Kreation einen modernen Touch und sorgt gleichzeitig f\u00fcr einen Hauch von Eleganz. <\/p>\n<p>    Dieses mit viel Liebe zum Detail gefertigte Band bietet Haltbarkeit und Stil. Peppen Sie Ihre bestickten Kreationen mit diesem einzigartigen Kettenband auf.\u201d<br \/>\n}<\/p>","protected":false},"excerpt":{"rendered":"<p>{<\/p>","protected":false},"featured_media":50637,"template":"","meta":[],"product_brand":[],"product_cat":[106],"product_tag":[],"class_list":{"0":"post-50636","1":"product","2":"type-product","3":"status-publish","4":"has-post-thumbnail","6":"product_cat-aksesouartsantas","8":"first","9":"instock","10":"taxable","11":"shipping-taxable","12":"purchasable","13":"product-type-variable"},"_links":{"self":[{"href":"https:\/\/neoergoxeiro.gr\/de\/wp-json\/wp\/v2\/product\/50636","targetHints":{"allow":["GET"]}}],"collection":[{"href":"https:\/\/neoergoxeiro.gr\/de\/wp-json\/wp\/v2\/product"}],"about":[{"href":"https:\/\/neoergoxeiro.gr\/de\/wp-json\/wp\/v2\/types\/product"}],"version-history":[{"count":6,"href":"https:\/\/neoergoxeiro.gr\/de\/wp-json\/wp\/v2\/product\/50636\/revisions"}],"predecessor-version":[{"id":61503,"href":"https:\/\/neoergoxeiro.gr\/de\/wp-json\/wp\/v2\/product\/50636\/revisions\/61503"}],"wp:featuredmedia":[{"embeddable":true,"href":"https:\/\/neoergoxeiro.gr\/de\/wp-json\/wp\/v2\/media\/50637"}],"wp:attachment":[{"href":"https:\/\/neoergoxeiro.gr\/de\/wp-json\/wp\/v2\/media?parent=50636"}],"wp:term":[{"taxonomy":"product_brand","embeddable":true,"href":"https:\/\/neoergoxeiro.gr\/de\/wp-json\/wp\/v2\/product_brand?post=50636"},{"taxonomy":"product_cat","embeddable":true,"href":"https:\/\/neoergoxeiro.gr\/de\/wp-json\/wp\/v2\/product_cat?post=50636"},{"taxonomy":"product_tag","embeddable":true,"href":"https:\/\/neoergoxeiro.gr\/de\/wp-json\/wp\/v2\/product_tag?post=50636"}],"curies":[{"name":"wp","href":"https:\/\/api.w.org\/{rel}","templated":true}]}}