{"id":50825,"date":"2024-11-18T09:45:00","date_gmt":"2024-11-18T09:45:00","guid":{"rendered":"https:\/\/neoergoxeiro.gr\/?product=%cf%80%ce%ac%cf%84%ce%bf%ce%b9-%ce%b3%ce%b9%ce%b1-%cf%80%ce%bb%ce%b5%ce%ba%cf%84%ce%ad%cf%82-%cf%84%cf%83%ce%ac%ce%bd%cf%84%ce%b5%cf%82"},"modified":"2025-11-11T10:17:57","modified_gmt":"2025-11-11T08:17:57","slug":"%cf%80%ce%ac%cf%84%ce%bf%ce%b9-%ce%b3%ce%b9%ce%b1-%cf%80%ce%bb%ce%b5%ce%ba%cf%84%ce%ad%cf%82-%cf%84%cf%83%ce%ac%ce%bd%cf%84%ce%b5%cf%82","status":"publish","type":"product","link":"https:\/\/neoergoxeiro.gr\/de\/produkt\/%cf%80%ce%ac%cf%84%ce%bf%ce%b9-%ce%b3%ce%b9%ce%b1-%cf%80%ce%bb%ce%b5%ce%ba%cf%84%ce%ad%cf%82-%cf%84%cf%83%ce%ac%ce%bd%cf%84%ce%b5%cf%82\/","title":{"rendered":"Schalensack-Kit"},"content":{"rendered":"<p>Das Bowl Bag Kit ist die ideale L\u00f6sung f\u00fcr jeden Hobbyschneider. Mit hervorragender Verarbeitungsqualit\u00e4t, bietet diese Tasche hervorragenden Schutz und Organisation f\u00fcr Ihr Zubeh\u00f6r. Mit reichlich Stauraum und Unterteilungen, um Ihre Materialien ordentlich zu organisieren, erm\u00f6glicht Ihnen dieses Kit, alle Ihre Werkzeuge leicht zug\u00e4nglich und organisiert zu halten. Das ger\u00e4umige Design der Tasche erm\u00f6glicht es Ihnen, auch Ihre gr\u00f6\u00dften Gegenst\u00e4nde zu transportieren, w\u00e4hrend die robuste Konstruktion eine lange Nutzungsdauer gew\u00e4hrleistet. Mit dem Bowl Bag Kit haben Sie alles, was Sie brauchen, um Ihre Lieblingsst\u00fccke bequem und stilvoll zu gestalten.<\/p>","protected":false},"excerpt":{"rendered":"<p>Die Sch\u00fcsseltasche ist ein unverzichtbares Utensil f\u00fcr alle Handarbeitsbegeisterten. Es bewahrt Ihre Materialien sicher und \u00fcbersichtlich auf und bietet gleichzeitig Stil und Funktionalit\u00e4t.<\/p>","protected":false},"featured_media":50826,"template":"","meta":[],"product_brand":[],"product_cat":[106],"product_tag":[],"class_list":{"0":"post-50825","1":"product","2":"type-product","3":"status-publish","4":"has-post-thumbnail","6":"product_cat-aksesouartsantas","8":"first","9":"instock","10":"taxable","11":"shipping-taxable","12":"purchasable","13":"product-type-variable"},"_links":{"self":[{"href":"https:\/\/neoergoxeiro.gr\/de\/wp-json\/wp\/v2\/product\/50825","targetHints":{"allow":["GET"]}}],"collection":[{"href":"https:\/\/neoergoxeiro.gr\/de\/wp-json\/wp\/v2\/product"}],"about":[{"href":"https:\/\/neoergoxeiro.gr\/de\/wp-json\/wp\/v2\/types\/product"}],"version-history":[{"count":2,"href":"https:\/\/neoergoxeiro.gr\/de\/wp-json\/wp\/v2\/product\/50825\/revisions"}],"predecessor-version":[{"id":61519,"href":"https:\/\/neoergoxeiro.gr\/de\/wp-json\/wp\/v2\/product\/50825\/revisions\/61519"}],"wp:featuredmedia":[{"embeddable":true,"href":"https:\/\/neoergoxeiro.gr\/de\/wp-json\/wp\/v2\/media\/50826"}],"wp:attachment":[{"href":"https:\/\/neoergoxeiro.gr\/de\/wp-json\/wp\/v2\/media?parent=50825"}],"wp:term":[{"taxonomy":"product_brand","embeddable":true,"href":"https:\/\/neoergoxeiro.gr\/de\/wp-json\/wp\/v2\/product_brand?post=50825"},{"taxonomy":"product_cat","embeddable":true,"href":"https:\/\/neoergoxeiro.gr\/de\/wp-json\/wp\/v2\/product_cat?post=50825"},{"taxonomy":"product_tag","embeddable":true,"href":"https:\/\/neoergoxeiro.gr\/de\/wp-json\/wp\/v2\/product_tag?post=50825"}],"curies":[{"name":"wp","href":"https:\/\/api.w.org\/{rel}","templated":true}]}}