{"id":51218,"date":"2024-12-06T11:55:51","date_gmt":"2024-12-06T11:55:51","guid":{"rendered":"https:\/\/neoergoxeiro.gr\/?product=%ce%b2%ce%b5%ce%bb%ce%bf%ce%bd%ce%ac%ce%ba%ce%b9-%cf%80%ce%bb%ce%b5%ce%be%ce%af%ce%bc%ce%b1%cf%84%ce%bf%cf%82-%ce%b5%cf%81%ce%b3%ce%bf%ce%bd%ce%bf%ce%bc%ce%b9%ce%ba%cf%8c-prym"},"modified":"2025-11-11T10:17:57","modified_gmt":"2025-11-11T08:17:57","slug":"%ce%b2%ce%b5%ce%bb%ce%bf%ce%bd%ce%ac%ce%ba%ce%b9-%cf%80%ce%bb%ce%b5%ce%be%ce%af%ce%bc%ce%b1%cf%84%ce%bf%cf%82-%ce%b5%cf%81%ce%b3%ce%bf%ce%bd%ce%bf%ce%bc%ce%b9%ce%ba%cf%8c-prym","status":"publish","type":"product","link":"https:\/\/neoergoxeiro.gr\/de\/produkt\/%ce%b2%ce%b5%ce%bb%ce%bf%ce%bd%ce%ac%ce%ba%ce%b9-%cf%80%ce%bb%ce%b5%ce%be%ce%af%ce%bc%ce%b1%cf%84%ce%bf%cf%82-%ce%b5%cf%81%ce%b3%ce%bf%ce%bd%ce%bf%ce%bc%ce%b9%ce%ba%cf%8c-prym\/","title":{"rendered":"Strickmasche ergonomisch Prym-Strickmasche"},"content":{"rendered":"<p>Die ergonomische Prym Strickh\u00e4kelnadel ist eine unverzichtbare Erg\u00e4nzung f\u00fcr die Sammlung eines jeden Strickbegeisterten. Mit einem einzigartigen Design, das Komfort und Funktionalit\u00e4t kombiniert, erm\u00f6glicht dieses Werkzeug eine pr\u00e4zise Kontrolle beim Stricken. Der ergonomische Griff der H\u00e4kelnadel sorgt f\u00fcr eine bequeme Benutzung \u00fcber einen langen Zeitraum hinweg, w\u00e4hrend die robuste Konstruktion eine lange Lebensdauer garantiert. Die aus hochwertigen Materialien gefertigte Prym-H\u00e4kelnadel ist ein zuverl\u00e4ssiges Werkzeug, das Sie bei jedem kreativen Vorhaben begleiten wird. <\/p>\n<p>**Merkmale:**<br \/>\n- Ergonomisches Design f\u00fcr komfortable Nutzung<br \/>\n- Robuste Konstruktion f\u00fcr lange Haltbarkeit<br \/>\n- Geeignet f\u00fcr jede Art von Stricken<\/p>\n<p>**Packungsinhalt:**<br \/>\n- 1 x Ergonomischer Strickstichel Prym<\/p>\n<p>Verbessern Sie Ihr Strickerlebnis mit der Prym Strickh\u00e4kelnadel und genie\u00dfen Sie Ihre Kreativit\u00e4t mit Komfort und Pr\u00e4zision.<\/p>","protected":false},"excerpt":{"rendered":"<p>Die ergonomische Prym-H\u00e4kelnadel ist das ideale Werkzeug f\u00fcr jeden Strickbegeisterten. Mit ihrem einzigartigen Design, das Komfort und Benutzerfreundlichkeit bietet, wird diese H\u00e4kelnadel Ihr liebster Begleiter beim Stricken werden.<\/p>","protected":false},"featured_media":51219,"template":"","meta":[],"product_brand":[],"product_cat":[84],"product_tag":[],"class_list":{"0":"post-51218","1":"product","2":"type-product","3":"status-publish","4":"has-post-thumbnail","6":"product_cat-ergaleia-kentimatos","8":"first","9":"instock","10":"taxable","11":"shipping-taxable","12":"purchasable","13":"product-type-variable"},"_links":{"self":[{"href":"https:\/\/neoergoxeiro.gr\/de\/wp-json\/wp\/v2\/product\/51218","targetHints":{"allow":["GET"]}}],"collection":[{"href":"https:\/\/neoergoxeiro.gr\/de\/wp-json\/wp\/v2\/product"}],"about":[{"href":"https:\/\/neoergoxeiro.gr\/de\/wp-json\/wp\/v2\/types\/product"}],"version-history":[{"count":13,"href":"https:\/\/neoergoxeiro.gr\/de\/wp-json\/wp\/v2\/product\/51218\/revisions"}],"predecessor-version":[{"id":61800,"href":"https:\/\/neoergoxeiro.gr\/de\/wp-json\/wp\/v2\/product\/51218\/revisions\/61800"}],"wp:featuredmedia":[{"embeddable":true,"href":"https:\/\/neoergoxeiro.gr\/de\/wp-json\/wp\/v2\/media\/51219"}],"wp:attachment":[{"href":"https:\/\/neoergoxeiro.gr\/de\/wp-json\/wp\/v2\/media?parent=51218"}],"wp:term":[{"taxonomy":"product_brand","embeddable":true,"href":"https:\/\/neoergoxeiro.gr\/de\/wp-json\/wp\/v2\/product_brand?post=51218"},{"taxonomy":"product_cat","embeddable":true,"href":"https:\/\/neoergoxeiro.gr\/de\/wp-json\/wp\/v2\/product_cat?post=51218"},{"taxonomy":"product_tag","embeddable":true,"href":"https:\/\/neoergoxeiro.gr\/de\/wp-json\/wp\/v2\/product_tag?post=51218"}],"curies":[{"name":"wp","href":"https:\/\/api.w.org\/{rel}","templated":true}]}}