{"id":51670,"date":"2024-12-10T13:31:17","date_gmt":"2024-12-10T13:31:17","guid":{"rendered":"https:\/\/neoergoxeiro.gr\/?product=%ce%bc%ce%b1%cf%81%ce%ba%ce%b1%ce%b4%cf%8c%cf%81%ce%bf%ce%b9-%ce%b2%ce%b5%ce%bb%ce%bf%ce%bd%ce%b9%ce%ac%cf%82-prym-1530"},"modified":"2025-11-20T10:23:05","modified_gmt":"2025-11-20T08:23:05","slug":"markadoroi-velonias-prym-1530","status":"publish","type":"product","link":"https:\/\/neoergoxeiro.gr\/de\/produkt\/markadoroi-velonias-prym-1530\/","title":{"rendered":"PRYM - Maschenmarkierer"},"content":{"rendered":"<p>Die Stichmarkierer von Prym sind ein unverzichtbares Zubeh\u00f6r f\u00fcr jeden Handn\u00e4her. Die einzigartig pr\u00e4zisen Marker erm\u00f6glichen ein einfaches und schnelles Markieren von Stichen auf dem Stoff und sorgen f\u00fcr makellose Ergebnisse. Sie werden aus hochwertigen Materialien hergestellt und sind langlebig und strapazierf\u00e4hig. Mit den Prym 1530 Stichmarkierern wird jede N\u00e4harbeit zum Kinderspiel! Kaufen Sie sie noch heute und verbessern Sie Ihre N\u00e4h- und Stickf\u00e4higkeiten.<\/p>","protected":false},"excerpt":{"rendered":"<p>Prym Stichmarkierer sind das perfekte Werkzeug f\u00fcr jedes N\u00e4hprojekt. Pr\u00e4zise und einfach in der Anwendung, erleichtern sie das N\u00e4hen und liefern gro\u00dfartige Ergebnisse.<\/p>","protected":false},"featured_media":51671,"template":"","meta":[],"product_brand":[],"product_cat":[20],"product_tag":[],"class_list":{"0":"post-51670","1":"product","2":"type-product","3":"status-publish","4":"has-post-thumbnail","6":"product_cat-uncategorized","8":"first","9":"instock","10":"taxable","11":"shipping-taxable","12":"purchasable","13":"product-type-simple"},"_links":{"self":[{"href":"https:\/\/neoergoxeiro.gr\/de\/wp-json\/wp\/v2\/product\/51670","targetHints":{"allow":["GET"]}}],"collection":[{"href":"https:\/\/neoergoxeiro.gr\/de\/wp-json\/wp\/v2\/product"}],"about":[{"href":"https:\/\/neoergoxeiro.gr\/de\/wp-json\/wp\/v2\/types\/product"}],"version-history":[{"count":3,"href":"https:\/\/neoergoxeiro.gr\/de\/wp-json\/wp\/v2\/product\/51670\/revisions"}],"predecessor-version":[{"id":72810,"href":"https:\/\/neoergoxeiro.gr\/de\/wp-json\/wp\/v2\/product\/51670\/revisions\/72810"}],"wp:featuredmedia":[{"embeddable":true,"href":"https:\/\/neoergoxeiro.gr\/de\/wp-json\/wp\/v2\/media\/51671"}],"wp:attachment":[{"href":"https:\/\/neoergoxeiro.gr\/de\/wp-json\/wp\/v2\/media?parent=51670"}],"wp:term":[{"taxonomy":"product_brand","embeddable":true,"href":"https:\/\/neoergoxeiro.gr\/de\/wp-json\/wp\/v2\/product_brand?post=51670"},{"taxonomy":"product_cat","embeddable":true,"href":"https:\/\/neoergoxeiro.gr\/de\/wp-json\/wp\/v2\/product_cat?post=51670"},{"taxonomy":"product_tag","embeddable":true,"href":"https:\/\/neoergoxeiro.gr\/de\/wp-json\/wp\/v2\/product_tag?post=51670"}],"curies":[{"name":"wp","href":"https:\/\/api.w.org\/{rel}","templated":true}]}}