{"id":51781,"date":"2024-12-12T10:07:48","date_gmt":"2024-12-12T10:07:48","guid":{"rendered":"https:\/\/neoergoxeiro.gr\/?product=himalaya-dolphin-baby-80302"},"modified":"2026-03-18T09:00:26","modified_gmt":"2026-03-18T07:00:26","slug":"himalaya-dolphin-baby-80302","status":"publish","type":"product","link":"https:\/\/neoergoxeiro.gr\/de\/produkt\/himalaya-dolphin-baby-80302\/","title":{"rendered":"Himalaya Delfin Baby - 80302"},"content":{"rendered":"<p>Das Himalaya Dolphin Baby - 80302 ist das ultimative Werkzeug f\u00fcr alle N\u00e4h- und Stickbegeisterten. Es ist aus hochwertigen Materialien gefertigt und zeichnet sich durch au\u00dfergew\u00f6hnliche St\u00e4rke und Haltbarkeit aus. Mit der Himalaya Dolphin Baby - 80302 k\u00f6nnen Sie mit Leichtigkeit und Pr\u00e4zision einzigartige Kleidungsst\u00fccke, Quilts und Dekorationsartikel herstellen. Entdecken Sie die unbegrenzten M\u00f6glichkeiten, die Ihnen die Himalaya Dolphin Baby - 80302 bietet, und erwecken Sie Ihre Kreationen zum Leben. Holen Sie es sich jetzt und bringen Sie Ihre Fantasie mit Stil und Qualit\u00e4t zum Ausdruck.<\/p>","protected":false},"excerpt":{"rendered":"<p>Himalaya Dolphin Baby - 80302 ist ein einzigartiges Produkt zum N\u00e4hen und Sticken mit der Hand. Genie\u00dfen Sie die Leichtigkeit und Qualit\u00e4t, die es f\u00fcr jedes kreative Projekt mitbringt. Ideal f\u00fcr professionelle und Hobby-Stickerinnen.<\/p>","protected":false},"featured_media":51782,"template":"","meta":[],"product_brand":[],"product_cat":[122],"product_tag":[],"class_list":{"0":"post-51781","1":"product","2":"type-product","3":"status-publish","4":"has-post-thumbnail","6":"product_cat-himalaya-dolphin-baby","8":"first","9":"outofstock","10":"taxable","11":"shipping-taxable","12":"purchasable","13":"product-type-simple"},"_links":{"self":[{"href":"https:\/\/neoergoxeiro.gr\/de\/wp-json\/wp\/v2\/product\/51781","targetHints":{"allow":["GET"]}}],"collection":[{"href":"https:\/\/neoergoxeiro.gr\/de\/wp-json\/wp\/v2\/product"}],"about":[{"href":"https:\/\/neoergoxeiro.gr\/de\/wp-json\/wp\/v2\/types\/product"}],"version-history":[{"count":1,"href":"https:\/\/neoergoxeiro.gr\/de\/wp-json\/wp\/v2\/product\/51781\/revisions"}],"predecessor-version":[{"id":62151,"href":"https:\/\/neoergoxeiro.gr\/de\/wp-json\/wp\/v2\/product\/51781\/revisions\/62151"}],"wp:featuredmedia":[{"embeddable":true,"href":"https:\/\/neoergoxeiro.gr\/de\/wp-json\/wp\/v2\/media\/51782"}],"wp:attachment":[{"href":"https:\/\/neoergoxeiro.gr\/de\/wp-json\/wp\/v2\/media?parent=51781"}],"wp:term":[{"taxonomy":"product_brand","embeddable":true,"href":"https:\/\/neoergoxeiro.gr\/de\/wp-json\/wp\/v2\/product_brand?post=51781"},{"taxonomy":"product_cat","embeddable":true,"href":"https:\/\/neoergoxeiro.gr\/de\/wp-json\/wp\/v2\/product_cat?post=51781"},{"taxonomy":"product_tag","embeddable":true,"href":"https:\/\/neoergoxeiro.gr\/de\/wp-json\/wp\/v2\/product_tag?post=51781"}],"curies":[{"name":"wp","href":"https:\/\/api.w.org\/{rel}","templated":true}]}}