{"id":52370,"date":"2024-12-20T11:50:12","date_gmt":"2024-12-20T11:50:12","guid":{"rendered":"https:\/\/neoergoxeiro.gr\/?product=%cf%80%cf%84%cf%85%cf%83%cf%83%cf%8c%ce%bc%ce%b5%ce%bd%ce%b5%cf%82-%ce%ba%ce%bb%ce%b5%ce%b9%ce%b4%ce%b1%cf%81%ce%b9%ce%ad%cf%82"},"modified":"2025-11-11T10:17:56","modified_gmt":"2025-11-11T08:17:56","slug":"%cf%80%cf%84%cf%85%cf%83%cf%83%cf%8c%ce%bc%ce%b5%ce%bd%ce%b5%cf%82-%ce%ba%ce%bb%ce%b5%ce%b9%ce%b4%ce%b1%cf%81%ce%b9%ce%ad%cf%82","status":"publish","type":"product","link":"https:\/\/neoergoxeiro.gr\/de\/produkt\/%cf%80%cf%84%cf%85%cf%83%cf%83%cf%8c%ce%bc%ce%b5%ce%bd%ce%b5%cf%82-%ce%ba%ce%bb%ce%b5%ce%b9%ce%b4%ce%b1%cf%81%ce%b9%ce%ad%cf%82\/","title":{"rendered":"Klappbare Schl\u00f6sser"},"content":{"rendered":"<p>Faltschl\u00f6sser sind das unverzichtbare Accessoire f\u00fcr alle Ihre Taschen! Sie sind aus strapazierf\u00e4higem Material gefertigt und bieten Sicherheit und Stil f\u00fcr Ihr t\u00e4gliches Outfit. Ob beim romantischen Stadtbummel oder beim Ausgehen, diese Schl\u00f6sser werden Ihnen die Show stehlen. Sie lassen sich leicht \u00f6ffnen und schlie\u00dfen und k\u00f6nnen \u00fcberall an Ihrer Tasche angebracht werden, was sie noch praktischer macht. Werten Sie den Stil und die Funktionalit\u00e4t Ihrer Tasche mit diesen Faltschl\u00f6ssern auf!<\/p>","protected":false},"excerpt":{"rendered":"<p>Faltschl\u00f6sser sind das unverzichtbare Accessoire f\u00fcr Ihre Taschen! Sie sorgen f\u00fcr Sicherheit und Stil, da sie einfach an jeder Art von Tasche angebracht werden k\u00f6nnen. Mit hochwertiger Verarbeitung und modernem Design sind die Faltschl\u00f6sser der perfekte Begleiter f\u00fcr jede Fashionista!<\/p>","protected":false},"featured_media":52371,"template":"","meta":[],"product_brand":[],"product_cat":[106],"product_tag":[],"class_list":{"0":"post-52370","1":"product","2":"type-product","3":"status-publish","4":"has-post-thumbnail","6":"product_cat-aksesouartsantas","8":"first","9":"instock","10":"taxable","11":"shipping-taxable","12":"product-type-variable"},"_links":{"self":[{"href":"https:\/\/neoergoxeiro.gr\/de\/wp-json\/wp\/v2\/product\/52370","targetHints":{"allow":["GET"]}}],"collection":[{"href":"https:\/\/neoergoxeiro.gr\/de\/wp-json\/wp\/v2\/product"}],"about":[{"href":"https:\/\/neoergoxeiro.gr\/de\/wp-json\/wp\/v2\/types\/product"}],"version-history":[{"count":2,"href":"https:\/\/neoergoxeiro.gr\/de\/wp-json\/wp\/v2\/product\/52370\/revisions"}],"predecessor-version":[{"id":62283,"href":"https:\/\/neoergoxeiro.gr\/de\/wp-json\/wp\/v2\/product\/52370\/revisions\/62283"}],"wp:featuredmedia":[{"embeddable":true,"href":"https:\/\/neoergoxeiro.gr\/de\/wp-json\/wp\/v2\/media\/52371"}],"wp:attachment":[{"href":"https:\/\/neoergoxeiro.gr\/de\/wp-json\/wp\/v2\/media?parent=52370"}],"wp:term":[{"taxonomy":"product_brand","embeddable":true,"href":"https:\/\/neoergoxeiro.gr\/de\/wp-json\/wp\/v2\/product_brand?post=52370"},{"taxonomy":"product_cat","embeddable":true,"href":"https:\/\/neoergoxeiro.gr\/de\/wp-json\/wp\/v2\/product_cat?post=52370"},{"taxonomy":"product_tag","embeddable":true,"href":"https:\/\/neoergoxeiro.gr\/de\/wp-json\/wp\/v2\/product_tag?post=52370"}],"curies":[{"name":"wp","href":"https:\/\/api.w.org\/{rel}","templated":true}]}}