{"id":52387,"date":"2024-12-20T12:19:05","date_gmt":"2024-12-20T12:19:05","guid":{"rendered":"https:\/\/neoergoxeiro.gr\/?product=%ce%b3%ce%ac%ce%bd%cf%84%ce%b6%ce%bf%cf%82-%ce%ba%ce%bf%cf%85%ce%bc%cf%80%cf%8e%ce%bc%ce%b1%cf%84%ce%bf%cf%82"},"modified":"2025-11-11T10:17:56","modified_gmt":"2025-11-11T08:17:56","slug":"%ce%b3%ce%ac%ce%bd%cf%84%ce%b6%ce%bf%cf%82-%ce%ba%ce%bf%cf%85%ce%bc%cf%80%cf%8e%ce%bc%ce%b1%cf%84%ce%bf%cf%82","status":"publish","type":"product","link":"https:\/\/neoergoxeiro.gr\/de\/produkt\/%ce%b3%ce%ac%ce%bd%cf%84%ce%b6%ce%bf%cf%82-%ce%ba%ce%bf%cf%85%ce%bc%cf%80%cf%8e%ce%bc%ce%b1%cf%84%ce%bf%cf%82\/","title":{"rendered":"Knopfhaken"},"content":{"rendered":"<p>Der Karabinerhaken ist ein praktisches und zuverl\u00e4ssiges Accessoire f\u00fcr Ihre Tasche. Er ist aus strapazierf\u00e4higem Material gefertigt und bietet einen sicheren Verschluss und eine einfache Handhabung. Mit dem Karabinerhaken k\u00f6nnen Sie Ihre Habseligkeiten den ganzen Tag \u00fcber ordentlich und sicher aufbewahren. Au\u00dferdem ist er die perfekte L\u00f6sung, um Ihrer Tasche einen Hauch von Stil und Einzigartigkeit zu verleihen. Holen Sie sich den Karabinerhaken noch heute und genie\u00dfen Sie die Bequemlichkeit und Praktikabilit\u00e4t, die er bietet.<\/p>","protected":false},"excerpt":{"rendered":"<p>Der Karabinerhaken ist das perfekte Accessoire f\u00fcr Ihre Tasche. Mit einem sicheren und einfachen Verschluss bietet er Komfort und Praktikabilit\u00e4t. Er ist ein unverzichtbares Accessoire f\u00fcr jeden N\u00e4h- und Kreativliebhaber.<\/p>","protected":false},"featured_media":52388,"template":"","meta":[],"product_brand":[],"product_cat":[106],"product_tag":[],"class_list":{"0":"post-52387","1":"product","2":"type-product","3":"status-publish","4":"has-post-thumbnail","6":"product_cat-aksesouartsantas","8":"first","9":"instock","10":"taxable","11":"shipping-taxable","12":"purchasable","13":"product-type-variable"},"_links":{"self":[{"href":"https:\/\/neoergoxeiro.gr\/de\/wp-json\/wp\/v2\/product\/52387","targetHints":{"allow":["GET"]}}],"collection":[{"href":"https:\/\/neoergoxeiro.gr\/de\/wp-json\/wp\/v2\/product"}],"about":[{"href":"https:\/\/neoergoxeiro.gr\/de\/wp-json\/wp\/v2\/types\/product"}],"version-history":[{"count":15,"href":"https:\/\/neoergoxeiro.gr\/de\/wp-json\/wp\/v2\/product\/52387\/revisions"}],"predecessor-version":[{"id":62389,"href":"https:\/\/neoergoxeiro.gr\/de\/wp-json\/wp\/v2\/product\/52387\/revisions\/62389"}],"wp:featuredmedia":[{"embeddable":true,"href":"https:\/\/neoergoxeiro.gr\/de\/wp-json\/wp\/v2\/media\/52388"}],"wp:attachment":[{"href":"https:\/\/neoergoxeiro.gr\/de\/wp-json\/wp\/v2\/media?parent=52387"}],"wp:term":[{"taxonomy":"product_brand","embeddable":true,"href":"https:\/\/neoergoxeiro.gr\/de\/wp-json\/wp\/v2\/product_brand?post=52387"},{"taxonomy":"product_cat","embeddable":true,"href":"https:\/\/neoergoxeiro.gr\/de\/wp-json\/wp\/v2\/product_cat?post=52387"},{"taxonomy":"product_tag","embeddable":true,"href":"https:\/\/neoergoxeiro.gr\/de\/wp-json\/wp\/v2\/product_tag?post=52387"}],"curies":[{"name":"wp","href":"https:\/\/api.w.org\/{rel}","templated":true}]}}