{"id":52399,"date":"2024-12-21T09:38:42","date_gmt":"2024-12-21T09:38:42","guid":{"rendered":"https:\/\/neoergoxeiro.gr\/?product=%cf%83%ce%b5%cf%84-%ce%ba%ce%bf%cf%85%ce%bc%cf%80%cf%89%cf%84%cf%8e%ce%bd-%ce%b3%ce%ac%ce%bd%cf%84%ce%b6%cf%89%ce%bd-%cf%80%ce%bb%ce%b1%cf%83%cf%84%ce%b9%ce%ba%cf%8c"},"modified":"2025-11-11T10:17:56","modified_gmt":"2025-11-11T08:17:56","slug":"%cf%83%ce%b5%cf%84-%ce%ba%ce%bf%cf%85%ce%bc%cf%80%cf%89%cf%84%cf%8e%ce%bd-%ce%b3%ce%ac%ce%bd%cf%84%ce%b6%cf%89%ce%bd-%cf%80%ce%bb%ce%b1%cf%83%cf%84%ce%b9%ce%ba%cf%8c","status":"publish","type":"product","link":"https:\/\/neoergoxeiro.gr\/de\/produkt\/%cf%83%ce%b5%cf%84-%ce%ba%ce%bf%cf%85%ce%bc%cf%80%cf%89%cf%84%cf%8e%ce%bd-%ce%b3%ce%ac%ce%bd%cf%84%ce%b6%cf%89%ce%bd-%cf%80%ce%bb%ce%b1%cf%83%cf%84%ce%b9%ce%ba%cf%8c\/","title":{"rendered":"Satz Karabinerhaken, Kunststoff"},"content":{"rendered":"<p>Das Kunststoff-Karabinerhaken-Set ist die perfekte L\u00f6sung f\u00fcr die Organisation Ihrer Tasche. Mit diesem praktischen Zubeh\u00f6r k\u00f6nnen Sie Ihre pers\u00f6nlichen Gegenst\u00e4nde ordentlich und leicht zug\u00e4nglich aufbewahren. Die Karabinerhaken sind aus strapazierf\u00e4higem Kunststoff gefertigt, sicher und einfach zu bedienen. Mit dem Karabinerhaken-Set k\u00f6nnen Sie die Riemen Ihrer Tasche ganz einfach verstellen und so f\u00fcr Komfort und Stil sorgen. <\/p>\n<p>**Merkmale**:<br \/>\n- Hochwertiges Kunststoffmaterial<br \/>\n- Langlebig und einfach zu bedienen<br \/>\n- Ideal f\u00fcr die Einstellung von Taschengurten<\/p>\n<p>**Vorteile**:<br \/>\n- Organisation und Sicherheit f\u00fcr Ihr pers\u00f6nliches Hab und Gut<br \/>\n- Einfache Einstellung der Taschengurte<\/p>\n<p>Lassen Sie keine Gegenst\u00e4nde zur\u00fcck. Holen Sie sich das Kunststoff-Karabinerhaken-Set und genie\u00dfen Sie Komfort und Organisation bei jedem Umzug!<\/p>","protected":false},"excerpt":{"rendered":"<p>Das Kunststoff-Karabinerhaken-Set ist ein unverzichtbares Accessoire f\u00fcr Ihre Tasche. Bewahren Sie Ihre Sachen geordnet und sicher auf, ohne sich Sorgen um verlorene Gegenst\u00e4nde machen zu m\u00fcssen. Perfekt, um die Riemen Ihrer Tasche einfach zu verstellen und sie an Ort und Stelle zu halten.<\/p>","protected":false},"featured_media":52400,"template":"","meta":[],"product_brand":[],"product_cat":[106],"product_tag":[],"class_list":{"0":"post-52399","1":"product","2":"type-product","3":"status-publish","4":"has-post-thumbnail","6":"product_cat-aksesouartsantas","8":"first","9":"instock","10":"taxable","11":"shipping-taxable","12":"purchasable","13":"product-type-variable"},"_links":{"self":[{"href":"https:\/\/neoergoxeiro.gr\/de\/wp-json\/wp\/v2\/product\/52399","targetHints":{"allow":["GET"]}}],"collection":[{"href":"https:\/\/neoergoxeiro.gr\/de\/wp-json\/wp\/v2\/product"}],"about":[{"href":"https:\/\/neoergoxeiro.gr\/de\/wp-json\/wp\/v2\/types\/product"}],"version-history":[{"count":3,"href":"https:\/\/neoergoxeiro.gr\/de\/wp-json\/wp\/v2\/product\/52399\/revisions"}],"predecessor-version":[{"id":62375,"href":"https:\/\/neoergoxeiro.gr\/de\/wp-json\/wp\/v2\/product\/52399\/revisions\/62375"}],"wp:featuredmedia":[{"embeddable":true,"href":"https:\/\/neoergoxeiro.gr\/de\/wp-json\/wp\/v2\/media\/52400"}],"wp:attachment":[{"href":"https:\/\/neoergoxeiro.gr\/de\/wp-json\/wp\/v2\/media?parent=52399"}],"wp:term":[{"taxonomy":"product_brand","embeddable":true,"href":"https:\/\/neoergoxeiro.gr\/de\/wp-json\/wp\/v2\/product_brand?post=52399"},{"taxonomy":"product_cat","embeddable":true,"href":"https:\/\/neoergoxeiro.gr\/de\/wp-json\/wp\/v2\/product_cat?post=52399"},{"taxonomy":"product_tag","embeddable":true,"href":"https:\/\/neoergoxeiro.gr\/de\/wp-json\/wp\/v2\/product_tag?post=52399"}],"curies":[{"name":"wp","href":"https:\/\/api.w.org\/{rel}","templated":true}]}}