{"id":52401,"date":"2024-12-21T09:42:54","date_gmt":"2024-12-21T09:42:54","guid":{"rendered":"https:\/\/neoergoxeiro.gr\/?product=%ce%b1%ce%bd%cf%84%ce%b9%ce%bf%ce%bb%ce%b9%cf%83%ce%b8%ce%b7%cf%84%ce%b9%ce%ba%ce%ae-%cf%84%ce%b1%ce%b9%ce%bd%ce%af%ce%b1-%ce%bc%ce%b1%cf%8d%cf%81%ce%b7"},"modified":"2025-10-12T13:38:18","modified_gmt":"2025-10-12T11:38:18","slug":"%ce%b1%ce%bd%cf%84%ce%b9%ce%bf%ce%bb%ce%b9%cf%83%ce%b8%ce%b7%cf%84%ce%b9%ce%ba%ce%ae-%cf%84%ce%b1%ce%b9%ce%bd%ce%af%ce%b1-%ce%bc%ce%b1%cf%8d%cf%81%ce%b7","status":"publish","type":"product","link":"https:\/\/neoergoxeiro.gr\/de\/produkt\/%ce%b1%ce%bd%cf%84%ce%b9%ce%bf%ce%bb%ce%b9%cf%83%ce%b8%ce%b7%cf%84%ce%b9%ce%ba%ce%ae-%cf%84%ce%b1%ce%b9%ce%bd%ce%af%ce%b1-%ce%bc%ce%b1%cf%8d%cf%81%ce%b7\/","title":{"rendered":"Anti-Rutsch-Band schwarz"},"content":{"rendered":"<p>\u201cshort_description\u201d: \u201cDas schwarze Anti-Rutsch-Band ist das perfekte Accessoire f\u00fcr Ihre Tasche. Halten Sie Ihre Tasche sicher und stilvoll mit diesem praktischen Band. Es ist ideal f\u00fcr jede Art von Tasche und sorgt f\u00fcr Stabilit\u00e4t und bequemes Tragen.\u201d,<br \/>\n    \u201cdescription\u201d: \u201cDas schwarze Anti-Rutsch-Band ist ein unverzichtbares Accessoire f\u00fcr jeden N\u00e4hbegeisterten. Mit ausgezeichneter Qualit\u00e4t und Haltbarkeit bietet dieses Band Sicherheit und Stil f\u00fcr Ihre Tasche. <\/p>\n<p>    **Merkmale:**<br \/>\n    - L\u00e4nge: 1 Meter<br \/>\n    - Breite: 2 cm<br \/>\n    - Material: Abriebfest<br \/>\n    - Farbe: Schwarz<br \/>\n    - Einfache Montage und Demontage<\/p>\n<p>    **Vorteile:**<br \/>\n    - H\u00e4lt Ihre Tasche sicher und stabil<br \/>\n    - Verhindert das Verrutschen Ihrer Tasche<br \/>\n    - Verleiht Ihrem Stil einen modernen Touch<\/p>\n<p>    **Packungsinhalt:**<br \/>\n    - 1x Anti-Rutsch-Band Schwarz<\/p>\n<p>    Werten Sie Ihre Tasche mit diesem rutschfesten Band auf und genie\u00dfen Sie Komfort und Sicherheit auf jeder Reise. Au\u00dferdem passt der schwarze Farbton zu jeder Art von Tasche und ist ideal f\u00fcr den t\u00e4glichen Gebrauch. Holen Sie es sich noch heute und genie\u00dfen Sie einen sicheren und modischen Look!\u201d<br \/>\n}<\/p>","protected":false},"excerpt":{"rendered":"<p>{<\/p>","protected":false},"featured_media":52402,"template":"","meta":[],"product_brand":[],"product_cat":[106],"product_tag":[],"class_list":{"0":"post-52401","1":"product","2":"type-product","3":"status-publish","4":"has-post-thumbnail","6":"product_cat-aksesouartsantas","8":"first","9":"instock","10":"taxable","11":"shipping-taxable","12":"purchasable","13":"product-type-simple"},"_links":{"self":[{"href":"https:\/\/neoergoxeiro.gr\/de\/wp-json\/wp\/v2\/product\/52401","targetHints":{"allow":["GET"]}}],"collection":[{"href":"https:\/\/neoergoxeiro.gr\/de\/wp-json\/wp\/v2\/product"}],"about":[{"href":"https:\/\/neoergoxeiro.gr\/de\/wp-json\/wp\/v2\/types\/product"}],"version-history":[{"count":1,"href":"https:\/\/neoergoxeiro.gr\/de\/wp-json\/wp\/v2\/product\/52401\/revisions"}],"predecessor-version":[{"id":62297,"href":"https:\/\/neoergoxeiro.gr\/de\/wp-json\/wp\/v2\/product\/52401\/revisions\/62297"}],"wp:featuredmedia":[{"embeddable":true,"href":"https:\/\/neoergoxeiro.gr\/de\/wp-json\/wp\/v2\/media\/52402"}],"wp:attachment":[{"href":"https:\/\/neoergoxeiro.gr\/de\/wp-json\/wp\/v2\/media?parent=52401"}],"wp:term":[{"taxonomy":"product_brand","embeddable":true,"href":"https:\/\/neoergoxeiro.gr\/de\/wp-json\/wp\/v2\/product_brand?post=52401"},{"taxonomy":"product_cat","embeddable":true,"href":"https:\/\/neoergoxeiro.gr\/de\/wp-json\/wp\/v2\/product_cat?post=52401"},{"taxonomy":"product_tag","embeddable":true,"href":"https:\/\/neoergoxeiro.gr\/de\/wp-json\/wp\/v2\/product_tag?post=52401"}],"curies":[{"name":"wp","href":"https:\/\/api.w.org\/{rel}","templated":true}]}}