{"id":52410,"date":"2024-12-21T10:42:57","date_gmt":"2024-12-21T10:42:57","guid":{"rendered":"https:\/\/neoergoxeiro.gr\/?product=%cf%84%cf%83%ce%ac%ce%bd%cf%84%ce%b1-%ce%bc%ce%b5-%ce%b8%ce%b7%ce%bb%ce%b9%ce%ac-victoria-%ce%b1%cf%83%ce%b7%ce%bc%ce%af"},"modified":"2025-10-12T13:38:18","modified_gmt":"2025-10-12T11:38:18","slug":"%cf%84%cf%83%ce%ac%ce%bd%cf%84%ce%b1-%ce%bc%ce%b5-%ce%b8%ce%b7%ce%bb%ce%b9%ce%ac-victoria-%ce%b1%cf%83%ce%b7%ce%bc%ce%af","status":"publish","type":"product","link":"https:\/\/neoergoxeiro.gr\/de\/produkt\/%cf%84%cf%83%ce%ac%ce%bd%cf%84%ce%b1-%ce%bc%ce%b5-%ce%b8%ce%b7%ce%bb%ce%b9%ce%ac-victoria-%ce%b1%cf%83%ce%b7%ce%bc%ce%af\/","title":{"rendered":"Tasche mit Schleife Victoria, silber"},"content":{"rendered":"<p>Die Victoria Schlaufentasche in Silber ist das ultimative Upgrade f\u00fcr Ihre Tasche. Sie ist aus hochwertigen Materialien gefertigt und verf\u00fcgt \u00fcber ein elegantes und funktionales Design. Mit der Victoria-Schlaufe k\u00f6nnen Sie Ringe, dekorative Accessoires oder sogar Ihre Tasche f\u00fcr einen schnellen Zugriff aufh\u00e4ngen. Werten Sie Ihren Stil mit dieser praktischen und stilvollen Schlaufe auf. Ob im Alltag oder zu besonderen Anl\u00e4ssen, die Victoria-Schlaufe ist ein unverzichtbares Accessoire. Merkmale: Metall - Farbe: Silber - Stilvolle und langlebige Konstruktion - Perfekt f\u00fcr Ringe, dekorative Accessoires und Taschen - H\u00e4lt Ihre Sachen organisiert und leicht zug\u00e4nglich. Werten Sie Ihre Tasche mit der Victoria Loop auf und verleihen Sie jedem Look einen einzigartigen Stil.<\/p>","protected":false},"excerpt":{"rendered":"<p>Die silberne Victoria Schlaufentasche ist die perfekte Erg\u00e4nzung f\u00fcr Ihre Accessoire-Tasche. Mit ihrem eleganten Design und der robusten Konstruktion bietet sie Stil und Funktionalit\u00e4t f\u00fcr jeden Look. Sie eignet sich perfekt zum Aufh\u00e4ngen von Ringen oder dekorativen Accessoires und sorgt daf\u00fcr, dass Ihre Sachen geordnet und leicht zug\u00e4nglich sind.<\/p>","protected":false},"featured_media":52411,"template":"","meta":[],"product_brand":[],"product_cat":[106],"product_tag":[],"class_list":{"0":"post-52410","1":"product","2":"type-product","3":"status-publish","4":"has-post-thumbnail","6":"product_cat-aksesouartsantas","8":"first","9":"instock","10":"taxable","11":"shipping-taxable","12":"purchasable","13":"product-type-simple"},"_links":{"self":[{"href":"https:\/\/neoergoxeiro.gr\/de\/wp-json\/wp\/v2\/product\/52410","targetHints":{"allow":["GET"]}}],"collection":[{"href":"https:\/\/neoergoxeiro.gr\/de\/wp-json\/wp\/v2\/product"}],"about":[{"href":"https:\/\/neoergoxeiro.gr\/de\/wp-json\/wp\/v2\/types\/product"}],"version-history":[{"count":1,"href":"https:\/\/neoergoxeiro.gr\/de\/wp-json\/wp\/v2\/product\/52410\/revisions"}],"predecessor-version":[{"id":62301,"href":"https:\/\/neoergoxeiro.gr\/de\/wp-json\/wp\/v2\/product\/52410\/revisions\/62301"}],"wp:featuredmedia":[{"embeddable":true,"href":"https:\/\/neoergoxeiro.gr\/de\/wp-json\/wp\/v2\/media\/52411"}],"wp:attachment":[{"href":"https:\/\/neoergoxeiro.gr\/de\/wp-json\/wp\/v2\/media?parent=52410"}],"wp:term":[{"taxonomy":"product_brand","embeddable":true,"href":"https:\/\/neoergoxeiro.gr\/de\/wp-json\/wp\/v2\/product_brand?post=52410"},{"taxonomy":"product_cat","embeddable":true,"href":"https:\/\/neoergoxeiro.gr\/de\/wp-json\/wp\/v2\/product_cat?post=52410"},{"taxonomy":"product_tag","embeddable":true,"href":"https:\/\/neoergoxeiro.gr\/de\/wp-json\/wp\/v2\/product_tag?post=52410"}],"curies":[{"name":"wp","href":"https:\/\/api.w.org\/{rel}","templated":true}]}}