{"id":52416,"date":"2024-12-21T10:49:28","date_gmt":"2024-12-21T10:49:28","guid":{"rendered":"https:\/\/neoergoxeiro.gr\/?product=%cf%87%ce%b5%cf%81%ce%bf%cf%8d%ce%bb%ce%b9-%cf%84%cf%83%ce%ac%ce%bd%cf%84%ce%b1%cf%82-mia-%cf%83%ce%b5-%ce%b1%cf%83%ce%b7%ce%bc%ce%af-%cf%87%cf%81%cf%8e%ce%bc%ce%b1"},"modified":"2025-10-12T13:38:18","modified_gmt":"2025-10-12T11:38:18","slug":"%cf%87%ce%b5%cf%81%ce%bf%cf%8d%ce%bb%ce%b9-%cf%84%cf%83%ce%ac%ce%bd%cf%84%ce%b1%cf%82-mia-%cf%83%ce%b5-%ce%b1%cf%83%ce%b7%ce%bc%ce%af-%cf%87%cf%81%cf%8e%ce%bc%ce%b1","status":"publish","type":"product","link":"https:\/\/neoergoxeiro.gr\/de\/produkt\/%cf%87%ce%b5%cf%81%ce%bf%cf%8d%ce%bb%ce%b9-%cf%84%cf%83%ce%ac%ce%bd%cf%84%ce%b1%cf%82-mia-%cf%83%ce%b5-%ce%b1%cf%83%ce%b7%ce%bc%ce%af-%cf%87%cf%81%cf%8e%ce%bc%ce%b1\/","title":{"rendered":"Taschengriff Mia, in silberner Farbe"},"content":{"rendered":"<p>Der Mia-Taschengriff in Silber ist die ideale Wahl f\u00fcr alle, die ihre Tasche mit Stil erneuern m\u00f6chten. Hergestellt aus hochwertigen Materialien, ist der Griff langlebig und einfach zu installieren. Mit einer L\u00e4nge, die perfekt auf die Schulter passt, bietet er Komfort und Stil. <\/p>\n<p>**Merkmale:**<br \/>\n- Farbe: Silber<br \/>\n- Material: Zinklegierung<br \/>\n- L\u00e4nge: 60 cm<br \/>\n- Einfache Montage und Demontage<\/p>\n<p>**Vorteile:**<br \/>\n- Erfrischen Sie Ihre Tasche mit einem kleinen Futter<br \/>\n- Verleihen Sie Ihren Accessoires Glanz und Stil<br \/>\n- Bequemes Design f\u00fcr einfachen Transport<\/p>\n<p>Werten Sie Ihre Tasche mit dem Mia-Griff auf und genie\u00dfen Sie einen erfrischenden Look bei jedem Outfit.<\/p>","protected":false},"excerpt":{"rendered":"<p>Die silberne Farbe des Mia-Taschengriffs wird Ihrer Tasche Glanz verleihen. Ideal f\u00fcr einfachen Ersatz oder Erneuerung Ihrer vorhandenen Griffe. Langlebig, stilvoll und einfach zu passen, um Ihre Tasche zu aktualisieren.<\/p>","protected":false},"featured_media":52417,"template":"","meta":[],"product_brand":[],"product_cat":[106],"product_tag":[],"class_list":{"0":"post-52416","1":"product","2":"type-product","3":"status-publish","4":"has-post-thumbnail","6":"product_cat-aksesouartsantas","8":"first","9":"instock","10":"taxable","11":"shipping-taxable","12":"purchasable","13":"product-type-simple"},"_links":{"self":[{"href":"https:\/\/neoergoxeiro.gr\/de\/wp-json\/wp\/v2\/product\/52416","targetHints":{"allow":["GET"]}}],"collection":[{"href":"https:\/\/neoergoxeiro.gr\/de\/wp-json\/wp\/v2\/product"}],"about":[{"href":"https:\/\/neoergoxeiro.gr\/de\/wp-json\/wp\/v2\/types\/product"}],"version-history":[{"count":1,"href":"https:\/\/neoergoxeiro.gr\/de\/wp-json\/wp\/v2\/product\/52416\/revisions"}],"predecessor-version":[{"id":62304,"href":"https:\/\/neoergoxeiro.gr\/de\/wp-json\/wp\/v2\/product\/52416\/revisions\/62304"}],"wp:featuredmedia":[{"embeddable":true,"href":"https:\/\/neoergoxeiro.gr\/de\/wp-json\/wp\/v2\/media\/52417"}],"wp:attachment":[{"href":"https:\/\/neoergoxeiro.gr\/de\/wp-json\/wp\/v2\/media?parent=52416"}],"wp:term":[{"taxonomy":"product_brand","embeddable":true,"href":"https:\/\/neoergoxeiro.gr\/de\/wp-json\/wp\/v2\/product_brand?post=52416"},{"taxonomy":"product_cat","embeddable":true,"href":"https:\/\/neoergoxeiro.gr\/de\/wp-json\/wp\/v2\/product_cat?post=52416"},{"taxonomy":"product_tag","embeddable":true,"href":"https:\/\/neoergoxeiro.gr\/de\/wp-json\/wp\/v2\/product_tag?post=52416"}],"curies":[{"name":"wp","href":"https:\/\/api.w.org\/{rel}","templated":true}]}}