{"id":52418,"date":"2024-12-21T10:55:04","date_gmt":"2024-12-21T10:55:04","guid":{"rendered":"https:\/\/neoergoxeiro.gr\/?product=%ce%b1%ce%bb%cf%85%cf%83%ce%af%ce%b4%ce%b1-%cf%84%cf%83%ce%b1%ce%bd%cf%84%cf%8e%ce%bd-whitney-%ce%bc%ce%b1%cf%8d%cf%81%ce%bf-%ce%bd%ce%ad%ce%bf-%cf%87%cf%81%cf%85%cf%83%cf%8c"},"modified":"2025-10-12T13:49:11","modified_gmt":"2025-10-12T11:49:11","slug":"%ce%b1%ce%bb%cf%85%cf%83%ce%af%ce%b4%ce%b1-%cf%84%cf%83%ce%b1%ce%bd%cf%84%cf%8e%ce%bd-whitney-%ce%bc%ce%b1%cf%8d%cf%81%ce%bf-%ce%bd%ce%ad%ce%bf-%cf%87%cf%81%cf%85%cf%83%cf%8c","status":"publish","type":"product","link":"https:\/\/neoergoxeiro.gr\/de\/produkt\/%ce%b1%ce%bb%cf%85%cf%83%ce%af%ce%b4%ce%b1-%cf%84%cf%83%ce%b1%ce%bd%cf%84%cf%8e%ce%bd-whitney-%ce%bc%ce%b1%cf%8d%cf%81%ce%bf-%ce%bd%ce%ad%ce%bf-%cf%87%cf%81%cf%85%cf%83%cf%8c\/","title":{"rendered":"Whitney Tasche Kette, schwarz\/neugold"},"content":{"rendered":"<p>Die Whitney Taschenkette in Schwarz\/Neugold ist die perfekte Erg\u00e4nzung f\u00fcr jede Handtasche. Aus hochwertigen Materialien gefertigt, ist die Kette langlebig und stilvoll. Mit einer L\u00e4nge, die ausreicht, um die Tasche einfach \u00fcber die Schulter oder das Handgelenk zu h\u00e4ngen, bietet sie Komfort und Leichtigkeit beim Tragen. Die detaillierte Konstruktion und das moderne Design der Kette machen sie perfekt f\u00fcr jeden Look, w\u00e4hrend das einfache Anbringen und Entfernen sie praktisch macht. Lassen Sie mit der Whitney Taschenkette nichts zur\u00fcck und verleihen Sie Ihrem Stil eine neue Dimension.<\/p>","protected":false},"excerpt":{"rendered":"<p>Die Whitney Handtaschenkette in Schwarz\/Neugold ist das Must-Have-Accessoire f\u00fcr jede Handtasche. Sie ist stilvoll und funktional und verleiht Ihrem Alltagslook Stil und Ordnung. Perfekt zum Aufh\u00e4ngen von Accessoires und um Ordnung in Ihre Sachen zu bringen.<\/p>","protected":false},"featured_media":52419,"template":"","meta":[],"product_brand":[],"product_cat":[106],"product_tag":[],"class_list":{"0":"post-52418","1":"product","2":"type-product","3":"status-publish","4":"has-post-thumbnail","6":"product_cat-aksesouartsantas","8":"first","9":"instock","10":"taxable","11":"shipping-taxable","12":"purchasable","13":"product-type-simple"},"_links":{"self":[{"href":"https:\/\/neoergoxeiro.gr\/de\/wp-json\/wp\/v2\/product\/52418","targetHints":{"allow":["GET"]}}],"collection":[{"href":"https:\/\/neoergoxeiro.gr\/de\/wp-json\/wp\/v2\/product"}],"about":[{"href":"https:\/\/neoergoxeiro.gr\/de\/wp-json\/wp\/v2\/types\/product"}],"version-history":[{"count":1,"href":"https:\/\/neoergoxeiro.gr\/de\/wp-json\/wp\/v2\/product\/52418\/revisions"}],"predecessor-version":[{"id":62305,"href":"https:\/\/neoergoxeiro.gr\/de\/wp-json\/wp\/v2\/product\/52418\/revisions\/62305"}],"wp:featuredmedia":[{"embeddable":true,"href":"https:\/\/neoergoxeiro.gr\/de\/wp-json\/wp\/v2\/media\/52419"}],"wp:attachment":[{"href":"https:\/\/neoergoxeiro.gr\/de\/wp-json\/wp\/v2\/media?parent=52418"}],"wp:term":[{"taxonomy":"product_brand","embeddable":true,"href":"https:\/\/neoergoxeiro.gr\/de\/wp-json\/wp\/v2\/product_brand?post=52418"},{"taxonomy":"product_cat","embeddable":true,"href":"https:\/\/neoergoxeiro.gr\/de\/wp-json\/wp\/v2\/product_cat?post=52418"},{"taxonomy":"product_tag","embeddable":true,"href":"https:\/\/neoergoxeiro.gr\/de\/wp-json\/wp\/v2\/product_tag?post=52418"}],"curies":[{"name":"wp","href":"https:\/\/api.w.org\/{rel}","templated":true}]}}